{"id":87,"date":"2026-01-26T07:44:15","date_gmt":"2026-01-26T07:44:15","guid":{"rendered":"https:\/\/ialb2027.my-event-manager.org\/password-reset\/"},"modified":"2026-04-17T13:45:16","modified_gmt":"2026-04-17T13:45:16","slug":"request-password","status":"publish","type":"page","link":"https:\/\/tdb.my-event-manager.org\/en\/my-conf\/account\/request-password\/","title":{"rendered":"Request password"},"content":{"rendered":"<section class=\"l-section wpb_row height_small\"><div class=\"l-section-h i-cf\"><div class=\"g-cols vc_row via_flex valign_top type_default stacking_default\"><div class=\"vc_col-sm-12 wpb_column vc_column_container\"><div class=\"vc_column-inner\"><div class=\"wpb_wrapper\"><div class=\"w-message color_green\"><div class=\"w-message-body\"><p>Um einen Link zum Zur\u00fccksetzen des Passworts anzufordern, verwenden Sie bitte Ihre prim\u00e4re E-Mail-Adresse oder Ihre My#Conf-ID. Falls Sie eine alternative E-Mail-Adresse hinterlegt haben, k\u00f6nnen Sie auch diese verwenden.<\/p>\n<\/div><\/div><\/div><\/div><\/div><\/div><\/div><\/section><section class=\"l-section wpb_row height_auto\"><div class=\"l-section-h i-cf\"><div class=\"g-cols vc_row via_flex valign_top type_default stacking_default\"><div class=\"vc_col-sm-3 wpb_column vc_column_container\"><div class=\"vc_column-inner\"><div class=\"wpb_wrapper\"><\/div><\/div><\/div><div class=\"vc_col-sm-6 wpb_column vc_column_container\"><div class=\"vc_column-inner\"><div class=\"wpb_wrapper\"><div class=\"wpb_text_column\"><div class=\"wpb_wrapper\">    <div class=\"wp-block-amem-form\">\n        <form method=\"post\"\n              class=\"amem-form acf-form amem-form-type-password-request\"\n              autocomplete=\"off\">\n\n            <div class=\"amem-fields acf-fields acf-form-fields -top\">\n\n                \n                \n                    <!-- Initial input -->\n                    <div class=\"amem-field acf-field amem-field-required\">\n                        <div class=\"amem-label acf-label\">\n                            <label>\n                                Email or Username <span class=\"acf-required\">*<\/span>\n                            <\/label>\n                        <\/div>\n                        <div class=\"amem-input acf-input\">\n                            <div class=\"acf-input-wrap\">\n                                <input type=\"text\"\n                                       name=\"user_login\"\n                                       required\n                                       autocomplete=\"username email\"\n                                       placeholder=\"My#Conf ID or email\">\n                            <\/div>\n                        <\/div>\n                    <\/div>\n\n                    <input type=\"hidden\" id=\"my_conf_request_password_nonce\" name=\"my_conf_request_password_nonce\" value=\"651481cbc6\" \/><input type=\"hidden\" name=\"_wp_http_referer\" value=\"\/en\/wp-json\/wp\/v2\/pages\/87\" \/>\n                \n                <div class=\"amem-submit acf-form-submit\">\n                    <ul class=\"acf-hl amem-hl\" data-cols=\"1\">\n                        <li class=\"amem-center acf-hl\">\n                            <button type=\"submit\" class=\"acf-btn amem-btn\">\n                                Send reset email                            <\/button>\n                        <\/li>\n                    <\/ul>\n                <\/div>\n\n            <\/div>\n        <\/form>\n    <\/div>\n    \n<\/div><\/div><\/div><\/div><\/div><div class=\"vc_col-sm-3 wpb_column vc_column_container\"><div class=\"vc_column-inner\"><div class=\"wpb_wrapper\"><\/div><\/div><\/div><\/div><\/div><\/section>\n","protected":false},"excerpt":{"rendered":"Um einen Link zum Zur\u00fccksetzen des Passworts anzufordern, verwenden Sie bitte Ihre prim\u00e4re E-Mail-Adresse oder Ihre My#Conf-ID. Falls Sie eine alternative E-Mail-Adresse hinterlegt haben, k\u00f6nnen Sie auch diese verwenden. Email or Username * Send reset email","protected":false},"author":1,"featured_media":0,"parent":84,"menu_order":0,"comment_status":"closed","ping_status":"closed","template":"","meta":{"_acf_changed":false,"rs_blank_template":"","rs_page_bg_color":"","slide_template_v7":"","footnotes":""},"event-name":[],"event-type":[],"class_list":["post-87","page","type-page","status-publish","hentry"],"acf":[],"_links":{"self":[{"href":"https:\/\/tdb.my-event-manager.org\/en\/wp-json\/wp\/v2\/pages\/87","targetHints":{"allow":["GET"]}}],"collection":[{"href":"https:\/\/tdb.my-event-manager.org\/en\/wp-json\/wp\/v2\/pages"}],"about":[{"href":"https:\/\/tdb.my-event-manager.org\/en\/wp-json\/wp\/v2\/types\/page"}],"author":[{"embeddable":true,"href":"https:\/\/tdb.my-event-manager.org\/en\/wp-json\/wp\/v2\/users\/1"}],"replies":[{"embeddable":true,"href":"https:\/\/tdb.my-event-manager.org\/en\/wp-json\/wp\/v2\/comments?post=87"}],"version-history":[{"count":0,"href":"https:\/\/tdb.my-event-manager.org\/en\/wp-json\/wp\/v2\/pages\/87\/revisions"}],"up":[{"embeddable":true,"href":"https:\/\/tdb.my-event-manager.org\/en\/wp-json\/wp\/v2\/pages\/84"}],"wp:attachment":[{"href":"https:\/\/tdb.my-event-manager.org\/en\/wp-json\/wp\/v2\/media?parent=87"}],"wp:term":[{"taxonomy":"event-name","embeddable":true,"href":"https:\/\/tdb.my-event-manager.org\/en\/wp-json\/wp\/v2\/event-name?post=87"},{"taxonomy":"event-type","embeddable":true,"href":"https:\/\/tdb.my-event-manager.org\/en\/wp-json\/wp\/v2\/event-type?post=87"}],"curies":[{"name":"wp","href":"https:\/\/api.w.org\/{rel}","templated":true}]}}