{"id":73,"date":"2025-11-06T13:45:34","date_gmt":"2025-11-06T13:45:34","guid":{"rendered":"https:\/\/rmc2026.my-event-manager.org\/?page_id=953"},"modified":"2026-04-20T18:53:07","modified_gmt":"2026-04-20T18:53:07","slug":"abstracts","status":"publish","type":"page","link":"https:\/\/tdb.my-event-manager.org\/en\/guidelines\/abstracts\/","title":{"rendered":"Abstracts"},"content":{"rendered":"<section data-ios-fixed-bg class=\"l-section wpb_row us_custom_b7fafed7 height_auto color_alternate\"><div class=\"l-section-overlay\" style=\"background:var(--color-site-primary-color-alpha)\"><\/div><div class=\"l-section-h i-cf\"><div class=\"g-cols vc_row via_flex valign_middle type_default stacking_default\"><div class=\"vc_col-sm-12 wpb_column vc_column_container\"><div class=\"vc_column-inner\"><div class=\"wpb_wrapper\"><div class=\"w-vwrapper align_none valign_middle us_custom_cd94f1ff\" style=\"--vwrapper-gap:0rem\"><h2 class=\"w-text us_custom_58b1af09\"><span class=\"w-text-h\"><span class=\"w-text-value\">Abstract Guidelines<\/span><\/span><\/h2><div class=\"w-iconbox us_custom_0ec55888 iconpos_left style_default color_contrast align_left no_text\"><a target=\"_blank\" rel=\"nofollow\" href=\"https:\/\/pixabay.com\/users\/markusspiske-670330\/\" class=\"w-iconbox-link\" aria-label=\"by Markus Spiske via Pixabay\"><div class=\"w-iconbox-icon\" style=\"font-size:0.6rem;\"><i class=\"fas fa-copyright\"><\/i><\/div><\/a><div class=\"w-iconbox-meta\"><span class=\"w-iconbox-title\" style=\"font-size:0.6rem;\"><a target=\"_blank\" rel=\"nofollow\" href=\"https:\/\/pixabay.com\/users\/markusspiske-670330\/\" class=\"w-iconbox-link\" aria-label=\"by Markus Spiske via Pixabay\">by Markus Spiske via Pixabay<\/a><\/span><\/div><\/div><\/div><\/div><\/div><\/div><\/div><\/div><\/section><section class=\"l-section wpb_row height_small\"><div class=\"l-section-overlay\" style=\"background:var(--color-alt-content-faded)\"><\/div><div class=\"l-section-h i-cf\"><div class=\"g-cols vc_row via_flex valign_top type_default stacking_default\"><div class=\"vc_col-sm-12 wpb_column vc_column_container\"><div class=\"vc_column-inner type_sticky\"><div class=\"wpb_wrapper\"><div class=\"smile_icon_list_wrap ult_info_list_container ult-adjust-bottom-margin  \"><ul class=\"smile_icon_list left square with_bg\"><li class=\"icon_list_item\" style=\" font-size:72px;\"><div class=\"icon_list_icon\" data-animation=\"\" data-animation-delay=\"03\" style=\"font-size:24px;border-width:1px;border-style:none;background:#003361;color:#FFFFFF;border-color:#333333;\"><i class=\"Defaults-user\" ><\/i><\/div><div class=\"icon_description\" id=\"Info-list-wrap-8103\" style=\"font-size:24px;\"><h3 class=\"ult-responsive info-list-heading\"  data-ultimate-target='#Info-list-wrap-8103 h3'  data-responsive-json-new='{\"font-size\":\"desktop:16px;\",\"line-height\":\"desktop:24px;\"}'  style=\"\">Wer?<\/h3><div class=\"icon_description_text ult-responsive\"  data-ultimate-target='#Info-list-wrap-8103 .icon_description_text'  data-responsive-json-new='{\"font-size\":\"desktop:13px;\",\"line-height\":\"desktop:18px;\"}'  style=\"\"><p><span>Alle ben\u00f6tigen einen\u00a0<\/span><strong><a href=\"https:\/\/tdb.my-event-manager.org\/my-conf\/login\" target=\"_blank\" rel=\"noopener\">My#Conf-Account<\/a><\/strong><span>, um ein Abstract einzureichen<\/span><\/p>\n<\/div><\/div><div class=\"icon_list_connector\"  style=\"border-right-width: 1px;border-right-style: dashed;border-color: #333333;\"><\/div><\/li><li class=\"icon_list_item\" style=\" font-size:72px;\"><div class=\"icon_list_icon\" data-animation=\"\" data-animation-delay=\"03\" style=\"font-size:24px;border-width:1px;border-style:none;background:#003361;color:#FFFFFF;border-color:#333333;\"><i class=\"Defaults-clock-o\" ><\/i><\/div><div class=\"icon_description\" id=\"Info-list-wrap-2403\" style=\"font-size:24px;\"><h3 class=\"ult-responsive info-list-heading\"  data-ultimate-target='#Info-list-wrap-2403 h3'  data-responsive-json-new='{\"font-size\":\"desktop:16px;\",\"line-height\":\"desktop:24px;\"}'  style=\"\">Wann?<\/h3><div class=\"icon_description_text ult-responsive\"  data-ultimate-target='#Info-list-wrap-2403 .icon_description_text'  data-responsive-json-new='{\"font-size\":\"desktop:13px;\",\"line-height\":\"desktop:18px;\"}'  style=\"\"><p><span>Die Fristen f\u00fcr die Abstract-Einreichung findest du <\/span><br \/>\n<strong><a href=\"\/key-dates\" target=\"_blank\" rel=\"noopener\">hier<\/a>.<\/strong><\/p>\n<\/div><\/div><div class=\"icon_list_connector\"  style=\"border-right-width: 1px;border-right-style: dashed;border-color: #333333;\"><\/div><\/li><li class=\"icon_list_item\" style=\" font-size:72px;\"><div class=\"icon_list_icon\" data-animation=\"\" data-animation-delay=\"03\" style=\"font-size:24px;border-width:1px;border-style:none;background:#003361;color:#FFFFFF;border-color:#333333;\"><i class=\"Defaults-th-list\" ><\/i><\/div><div class=\"icon_description\" id=\"Info-list-wrap-4188\" style=\"font-size:24px;\"><h3 class=\"ult-responsive info-list-heading\"  data-ultimate-target='#Info-list-wrap-4188 h3'  data-responsive-json-new='{\"font-size\":\"desktop:16px;\",\"line-height\":\"desktop:24px;\"}'  style=\"\">Voraussetzungen<\/h3><div class=\"icon_description_text ult-responsive\"  data-ultimate-target='#Info-list-wrap-4188 .icon_description_text'  data-responsive-json-new='{\"font-size\":\"desktop:13px;\",\"line-height\":\"desktop:18px;\"}'  style=\"\"><p>F\u00fcr eine erfolgreiche Einreichung m\u00fcssen folgende Kriterien erf\u00fcllt sein:<\/p>\n<ul>\n<li><strong>Titel<\/strong>: 3\u201330 W\u00f6rter (max. 200 Zeichen)<\/li>\n<li><strong>Format<\/strong>: ausw\u00e4hlbar (<a href=\"\/participation-formats\" target=\"_blank\" rel=\"noopener\">Link<\/a>)<\/li>\n<li><strong>Abstract<\/strong>: 100\u2013350 W\u00f6rter (max. 2500 Zeichen, UTF-8 HTML)<\/li>\n<li><strong>Kurzbeschreibung<\/strong>: max. 30 W\u00f6rter (max. 200 Zeichen)<\/li>\n<li><strong>Schl\u00fcsselw\u00f6rter<\/strong>: min. 1, max. 5<\/li>\n<li>Koautor:innen: max. 50 (inkl. Name, E-Mail)<\/li>\n<li><strong>Institutionen<\/strong>: max. 50 (inkl. Name und Adresse)<\/li>\n<li><strong>Korrespondierende:r Autor:in<\/strong>: ausw\u00e4hlbar<\/li>\n<\/ul>\n<p><em>Hinweis: Die erstgenannte Person ist standardm\u00e4\u00dfig Vortragende:r. \u00c4nderungen sind \u00fcber das <a href=\"\/contact\" target=\"_blank\" rel=\"noopener\">Kontaktformular<\/a> m\u00f6glich.<\/em><br \/>\n<strong>Fett markierte Felder sind verpflichtend.<\/strong><\/p>\n<\/div><\/div><div class=\"icon_list_connector\"  style=\"border-right-width: 1px;border-right-style: dashed;border-color: #333333;\"><\/div><\/li><li class=\"icon_list_item\" style=\" font-size:72px;\"><div class=\"icon_list_icon\" data-animation=\"\" data-animation-delay=\"03\" style=\"font-size:24px;border-width:1px;border-style:none;background:#003361;color:#FFFFFF;border-color:#333333;\"><i class=\"Defaults-check\" ><\/i><\/div><div class=\"icon_description\" id=\"Info-list-wrap-2862\" style=\"font-size:24px;\"><h3 class=\"ult-responsive info-list-heading\"  data-ultimate-target='#Info-list-wrap-2862 h3'  data-responsive-json-new='{\"font-size\":\"desktop:16px;\",\"line-height\":\"desktop:24px;\"}'  style=\"\">AGB &amp; Einreichung<\/h3><div class=\"icon_description_text ult-responsive\"  data-ultimate-target='#Info-list-wrap-2862 .icon_description_text'  data-responsive-json-new='{\"font-size\":\"desktop:13px;\",\"line-height\":\"desktop:18px;\"}'  style=\"\"><p><span>Best\u00e4tige im letzten Schritt die Teilnahmebedingungen, um das Abstract erfolgreich einzureichen.<\/span><\/p>\n<\/div><\/div><div class=\"icon_list_connector\"  style=\"border-right-width: 1px;border-right-style: dashed;border-color: #333333;\"><\/div><\/li><li class=\"icon_list_item\" style=\" font-size:72px;\"><div class=\"icon_list_icon\" data-animation=\"\" data-animation-delay=\"03\" style=\"font-size:24px;border-width:1px;border-style:none;background:#003361;color:#FFFFFF;border-color:#333333;\"><i class=\"Defaults-envelope\" ><\/i><\/div><div class=\"icon_description\" id=\"Info-list-wrap-1609\" style=\"font-size:24px;\"><h3 class=\"ult-responsive info-list-heading\"  data-ultimate-target='#Info-list-wrap-1609 h3'  data-responsive-json-new='{\"font-size\":\"desktop:16px;\",\"line-height\":\"desktop:24px;\"}'  style=\"\">E-Mails pr\u00fcfen<\/h3><div class=\"icon_description_text ult-responsive\"  data-ultimate-target='#Info-list-wrap-1609 .icon_description_text'  data-responsive-json-new='{\"font-size\":\"desktop:13px;\",\"line-height\":\"desktop:18px;\"}'  style=\"\"><p><span>Bitte pr\u00fcfe dein E-Mail-Postfach auf eine Best\u00e4tigung. Falls du keine erh\u00e4ltst, kontaktiere uns \u00fcber das <\/span><br \/>\n<a href=\"\/contact\" target=\"_blank\" rel=\"noopener\">Kontaktformular<\/a>.<\/p>\n<\/div><\/div><div class=\"icon_list_connector\"  style=\"border-right-width: 1px;border-right-style: dashed;border-color: #333333;\"><\/div><\/li><li class=\"icon_list_item\" style=\" font-size:72px;\"><div class=\"icon_list_icon\" data-animation=\"\" data-animation-delay=\"03\" style=\"font-size:24px;border-width:1px;border-style:none;background:#003361;color:#FFFFFF;border-color:#333333;\"><i class=\"Defaults-check-square-o\" ><\/i><\/div><div class=\"icon_description\" id=\"Info-list-wrap-6194\" style=\"font-size:24px;\"><h3 class=\"ult-responsive info-list-heading\"  data-ultimate-target='#Info-list-wrap-6194 h3'  data-responsive-json-new='{\"font-size\":\"desktop:16px;\",\"line-height\":\"desktop:24px;\"}'  style=\"\">Annahme<\/h3><div class=\"icon_description_text ult-responsive\"  data-ultimate-target='#Info-list-wrap-6194 .icon_description_text'  data-responsive-json-new='{\"font-size\":\"desktop:13px;\",\"line-height\":\"desktop:18px;\"}'  style=\"\"><p><span>Nach Abschluss des Review-Prozesses erh\u00e4ltst du eine E-Mail mit dem Status deines Abstracts.<\/span><br \/>\n<em>Die offizielle Teilnahme wird nach erfolgreicher Registrierung best\u00e4tigt.<\/em><\/p>\n<\/div><\/div><div class=\"icon_list_connector\"  style=\"border-right-width: 1px;border-right-style: dashed;border-color: #333333;\"><\/div><\/li><\/ul><\/div><\/div><\/div><\/div><\/div><\/div><\/section><section class=\"l-section wpb_row height_small\"><div class=\"l-section-h i-cf\"><div class=\"g-cols vc_row via_flex valign_top type_default stacking_default\"><div class=\"vc_col-sm-12 wpb_column vc_column_container\"><div class=\"vc_column-inner\"><div class=\"wpb_wrapper\"><div class=\"wpb_text_column\"><div class=\"wpb_wrapper\"><h2 style=\"text-align: center;\"><strong>Weitere Informationen<\/strong><\/h2>\n<ul>\n<li>Einreichende sind automatisch <strong>Erstautor:in und Vortragende:r<\/strong>. \u00c4nderungen bitte \u00fcber das <a href=\"\/contact\/\">Kontaktformular<\/a> anfragen<\/li>\n<li><strong>Keine Doppeleinreichungen:<\/strong> Abstracts d\u00fcrfen nicht mehrfach eingereicht werden.<\/li>\n<li><strong>Verantwortung f\u00fcr Inhalte:<\/strong> Autor:innen sind f\u00fcr Qualit\u00e4t und Inhalte verantwortlich. Abstracts k\u00f6nnen abgelehnt werden, wenn sie:\n<ul>\n<li>nicht zum Thema passen<\/li>\n<li>wissenschaftliche Standards nicht erf\u00fcllen<\/li>\n<li>gegen Verhaltensregeln versto\u00dfen<\/li>\n<\/ul>\n<\/li>\n<li><strong>Falsche Session gew\u00e4hlt?<\/strong> Bitte nicht zur\u00fcckziehen \u2013 kontaktiere uns \u00fcber das <a href=\"\/contact\/\">Kontaktformular<\/a><\/li>\n<li><strong>Sprache:<\/strong> Konferenzsprache ist Deutsch aber Inhalte k\u00f6nnen auch in Englisch pr\u00e4sentiert werden<\/li>\n<\/ul>\n<\/div><\/div><\/div><\/div><\/div><\/div><\/div><\/section>\n","protected":false},"excerpt":{"rendered":"Abstract Guidelinesby Markus Spiske via PixabayWer?Alle ben\u00f6tigen einen\u00a0My#Conf-Account, um ein Abstract einzureichen Wann?Die Fristen f\u00fcr die Abstract-Einreichung findest du hier. VoraussetzungenF\u00fcr eine erfolgreiche Einreichung m\u00fcssen folgende Kriterien erf\u00fcllt sein: Titel: 3\u201330 W\u00f6rter (max. 200 Zeichen) Format: ausw\u00e4hlbar (Link) Abstract: 100\u2013350 W\u00f6rter (max. 2500 Zeichen, UTF-8 HTML) Kurzbeschreibung: max. 30 W\u00f6rter (max. 200 Zeichen) Schl\u00fcsselw\u00f6rter: min....","protected":false},"author":1,"featured_media":1551,"parent":71,"menu_order":1,"comment_status":"closed","ping_status":"closed","template":"","meta":{"_acf_changed":false,"rs_blank_template":"","rs_page_bg_color":"","slide_template_v7":"","footnotes":""},"event-name":[],"event-type":[],"class_list":["post-73","page","type-page","status-publish","has-post-thumbnail","hentry"],"acf":[],"_links":{"self":[{"href":"https:\/\/tdb.my-event-manager.org\/en\/wp-json\/wp\/v2\/pages\/73","targetHints":{"allow":["GET"]}}],"collection":[{"href":"https:\/\/tdb.my-event-manager.org\/en\/wp-json\/wp\/v2\/pages"}],"about":[{"href":"https:\/\/tdb.my-event-manager.org\/en\/wp-json\/wp\/v2\/types\/page"}],"author":[{"embeddable":true,"href":"https:\/\/tdb.my-event-manager.org\/en\/wp-json\/wp\/v2\/users\/1"}],"replies":[{"embeddable":true,"href":"https:\/\/tdb.my-event-manager.org\/en\/wp-json\/wp\/v2\/comments?post=73"}],"version-history":[{"count":0,"href":"https:\/\/tdb.my-event-manager.org\/en\/wp-json\/wp\/v2\/pages\/73\/revisions"}],"up":[{"embeddable":true,"href":"https:\/\/tdb.my-event-manager.org\/en\/wp-json\/wp\/v2\/pages\/71"}],"wp:featuredmedia":[{"embeddable":true,"href":"https:\/\/tdb.my-event-manager.org\/en\/wp-json\/wp\/v2\/media\/1551"}],"wp:attachment":[{"href":"https:\/\/tdb.my-event-manager.org\/en\/wp-json\/wp\/v2\/media?parent=73"}],"wp:term":[{"taxonomy":"event-name","embeddable":true,"href":"https:\/\/tdb.my-event-manager.org\/en\/wp-json\/wp\/v2\/event-name?post=73"},{"taxonomy":"event-type","embeddable":true,"href":"https:\/\/tdb.my-event-manager.org\/en\/wp-json\/wp\/v2\/event-type?post=73"}],"curies":[{"name":"wp","href":"https:\/\/api.w.org\/{rel}","templated":true}]}}