{"id":72,"date":"2025-11-06T11:22:18","date_gmt":"2025-11-06T11:22:18","guid":{"rendered":"https:\/\/rmc2026.my-event-manager.org\/?page_id=906"},"modified":"2026-04-20T18:51:31","modified_gmt":"2026-04-20T18:51:31","slug":"sessions","status":"publish","type":"page","link":"https:\/\/tdb.my-event-manager.org\/en\/guidelines\/sessions\/","title":{"rendered":"Sessions"},"content":{"rendered":"<section data-ios-fixed-bg class=\"l-section wpb_row us_custom_b7fafed7 height_auto color_alternate\"><div class=\"l-section-overlay\" style=\"background:var(--color-site-primary-color-alpha)\"><\/div><div class=\"l-section-h i-cf\"><div class=\"g-cols vc_row via_flex valign_middle type_default stacking_default\"><div class=\"vc_col-sm-12 wpb_column vc_column_container\"><div class=\"vc_column-inner\"><div class=\"wpb_wrapper\"><div class=\"w-vwrapper align_none valign_middle us_custom_cd94f1ff\" style=\"--vwrapper-gap:0rem\"><h2 class=\"w-text us_custom_58b1af09\"><span class=\"w-text-h\"><span class=\"w-text-value\">Session Richtlinien<\/span><\/span><\/h2><div class=\"w-iconbox us_custom_0ec55888 iconpos_left style_default color_contrast align_left no_text\"><a target=\"_blank\" rel=\"nofollow\" href=\"https:\/\/pixabay.com\/users\/markusspiske-670330\/\" class=\"w-iconbox-link\" aria-label=\"by Markus Spiske via Pixabay\"><div class=\"w-iconbox-icon\" style=\"font-size:0.6rem;\"><i class=\"fas fa-copyright\"><\/i><\/div><\/a><div class=\"w-iconbox-meta\"><span class=\"w-iconbox-title\" style=\"font-size:0.6rem;\"><a target=\"_blank\" rel=\"nofollow\" href=\"https:\/\/pixabay.com\/users\/markusspiske-670330\/\" class=\"w-iconbox-link\" aria-label=\"by Markus Spiske via Pixabay\">by Markus Spiske via Pixabay<\/a><\/span><\/div><\/div><\/div><\/div><\/div><\/div><\/div><\/div><\/section><section class=\"l-section wpb_row height_small\"><div class=\"l-section-overlay\" style=\"background:var(--color-alt-content-faded)\"><\/div><div class=\"l-section-h i-cf\"><div class=\"g-cols vc_row via_flex valign_top type_default stacking_default\"><div class=\"vc_col-sm-12 wpb_column vc_column_container\"><div class=\"vc_column-inner type_sticky\"><div class=\"wpb_wrapper\"><div class=\"smile_icon_list_wrap ult_info_list_container ult-adjust-bottom-margin  \"><ul class=\"smile_icon_list left square with_bg\"><li class=\"icon_list_item\" style=\" font-size:66px;\"><div class=\"icon_list_icon\" data-animation=\"\" data-animation-delay=\"03\" style=\"font-size:22px;border-width:1px;border-style:none;background:#00000000;color:#00000000;border-color:#333333;\"><i class=\"Defaults-user\" ><\/i><\/div><div class=\"icon_description\" id=\"Info-list-wrap-4008\" style=\"font-size:22px;\"><h3 class=\"ult-responsive info-list-heading\"  data-ultimate-target='#Info-list-wrap-4008 h3'  data-responsive-json-new='{\"font-size\":\"desktop:16px;\",\"line-height\":\"desktop:24px;\"}'  style=\"\">Wer?<\/h3><div class=\"icon_description_text ult-responsive\"  data-ultimate-target='#Info-list-wrap-4008 .icon_description_text'  data-responsive-json-new='{\"font-size\":\"desktop:13px;\",\"line-height\":\"desktop:18px;\"}'  style=\"\"><p>Alle ben\u00f6tigen einen <strong><a href=\"\/my-conf\/login\" target=\"_blank\" rel=\"noopener\">My#Conf-Account<\/a><\/strong>, um eine Session einzureichen.<\/p>\n<\/div><\/div><div class=\"icon_list_connector\"  style=\"border-right-width: 1px;border-right-style: dashed;border-color: #00000000;\"><\/div><\/li><li class=\"icon_list_item\" style=\" font-size:66px;\"><div class=\"icon_list_icon\" data-animation=\"\" data-animation-delay=\"03\" style=\"font-size:22px;border-width:1px;border-style:none;background:#00000000;color:#00000000;border-color:#333333;\"><i class=\"Defaults-clock-o\" ><\/i><\/div><div class=\"icon_description\" id=\"Info-list-wrap-1168\" style=\"font-size:22px;\"><h3 class=\"ult-responsive info-list-heading\"  data-ultimate-target='#Info-list-wrap-1168 h3'  data-responsive-json-new='{\"font-size\":\"desktop:16px;\",\"line-height\":\"desktop:24px;\"}'  style=\"\">Wann?<\/h3><div class=\"icon_description_text ult-responsive\"  data-ultimate-target='#Info-list-wrap-1168 .icon_description_text'  data-responsive-json-new='{\"font-size\":\"desktop:13px;\",\"line-height\":\"desktop:18px;\"}'  style=\"\"><p>Die Fristen f\u00fcr die Einreichung von Sessions sind <strong><a href=\"\/key-dates\" target=\"_blank\" rel=\"noopener\">hier<\/a><\/strong><\/p>\n<\/div><\/div><div class=\"icon_list_connector\"  style=\"border-right-width: 1px;border-right-style: dashed;border-color: #00000000;\"><\/div><\/li><li class=\"icon_list_item\" style=\" font-size:66px;\"><div class=\"icon_list_icon\" data-animation=\"\" data-animation-delay=\"03\" style=\"font-size:22px;border-width:1px;border-style:none;background:#00000000;color:#00000000;border-color:#333333;\"><i class=\"Defaults-th-list\" ><\/i><\/div><div class=\"icon_description\" id=\"Info-list-wrap-7903\" style=\"font-size:22px;\"><h3 class=\"ult-responsive info-list-heading\"  data-ultimate-target='#Info-list-wrap-7903 h3'  data-responsive-json-new='{\"font-size\":\"desktop:16px;\",\"line-height\":\"desktop:24px;\"}'  style=\"\">Voraussetzungen<\/h3><div class=\"icon_description_text ult-responsive\"  data-ultimate-target='#Info-list-wrap-7903 .icon_description_text'  data-responsive-json-new='{\"font-size\":\"desktop:13px;\",\"line-height\":\"desktop:18px;\"}'  style=\"\"><p>F\u00fcr eine erfolgreiche Einreichung m\u00fcssen folgende Anforderungen erf\u00fcllt sein:<\/p>\n<ul>\n<li><strong>Titel<\/strong>: 3\u201330 W\u00f6rter (max. 200 Zeichen)<\/li>\n<li><strong>Kurztitel<\/strong>: 3\u201310 W\u00f6rter (max. 100 Zeichen)<\/li>\n<li><strong>Format<\/strong>: frei w\u00e4hlbar (<a href=\"\/session-formats\" target=\"_blank\" rel=\"noopener\">Link<\/a>)<\/li>\n<li><strong>Bild<\/strong>: PNG\/JPG\/JPEG in 1920 \u00d7 1080 px<br \/>\n(Verwendung als Headerbild f\u00fcr die Webseite, inkl. Bildnachweis)<\/li>\n<li><strong>Abstract<\/strong>: 100\u2013500 W\u00f6rter (max. 2500 Zeichen, UTF-8 HTML-Zeichensatz)<\/li>\n<li>Kurzbeschreibung: max. 30 W\u00f6rter (max. 200 Zeichen)<\/li>\n<li><strong>Schl\u00fcsselw\u00f6rter<\/strong>: min. 1, max. 5<\/li>\n<li>Co-Chair(s): max. 6 (inkl. Vor- &amp; Nachname, E-Mail)<\/li>\n<li><strong>Affiliation(s)<\/strong>: min. 1, max. 50 (inkl. Name der Institution, Adresse)<\/li>\n<\/ul>\n<p>Hinweis: Die einreichende Person ist gleichzeitig <em>Chair<\/em> der Session.<br \/>\n*) <strong>Fett markierte Angaben sind verpflichtend.<\/strong><\/p>\n<\/div><\/div><div class=\"icon_list_connector\"  style=\"border-right-width: 1px;border-right-style: dashed;border-color: #00000000;\"><\/div><\/li><li class=\"icon_list_item\" style=\" font-size:66px;\"><div class=\"icon_list_icon\" data-animation=\"\" data-animation-delay=\"03\" style=\"font-size:22px;border-width:1px;border-style:none;background:#00000000;color:#00000000;border-color:#333333;\"><i class=\"Defaults-check\" ><\/i><\/div><div class=\"icon_description\" id=\"Info-list-wrap-9732\" style=\"font-size:22px;\"><h3 class=\"ult-responsive info-list-heading\"  data-ultimate-target='#Info-list-wrap-9732 h3'  data-responsive-json-new='{\"font-size\":\"desktop:16px;\",\"line-height\":\"desktop:24px;\"}'  style=\"\">AGB und Einreichung<\/h3><div class=\"icon_description_text ult-responsive\"  data-ultimate-target='#Info-list-wrap-9732 .icon_description_text'  data-responsive-json-new='{\"font-size\":\"desktop:13px;\",\"line-height\":\"desktop:18px;\"}'  style=\"\"><p>Im letzten Schritt m\u00fcssen die Teilnahmebedingungen best\u00e4tigt werden, um die Einreichung erfolgreich abzuschlie\u00dfen.<\/p>\n<\/div><\/div><div class=\"icon_list_connector\"  style=\"border-right-width: 1px;border-right-style: dashed;border-color: #00000000;\"><\/div><\/li><li class=\"icon_list_item\" style=\" font-size:66px;\"><div class=\"icon_list_icon\" data-animation=\"\" data-animation-delay=\"03\" style=\"font-size:22px;border-width:1px;border-style:none;background:#00000000;color:#00000000;border-color:#333333;\"><i class=\"Defaults-envelope\" ><\/i><\/div><div class=\"icon_description\" id=\"Info-list-wrap-4900\" style=\"font-size:22px;\"><h3 class=\"ult-responsive info-list-heading\"  data-ultimate-target='#Info-list-wrap-4900 h3'  data-responsive-json-new='{\"font-size\":\"desktop:16px;\",\"line-height\":\"desktop:24px;\"}'  style=\"\">E-Mails pr\u00fcfen<\/h3><div class=\"icon_description_text ult-responsive\"  data-ultimate-target='#Info-list-wrap-4900 .icon_description_text'  data-responsive-json-new='{\"font-size\":\"desktop:13px;\",\"line-height\":\"desktop:18px;\"}'  style=\"\"><p>Bitte \u00fcberpr\u00fcfen Sie ihr E-Mail-Postfach auf eine Best\u00e4tigungsnachricht. Falls keine eingeht, kontaktieren Sie uns \u00fcber das <strong><a href=\"\/contact\" target=\"_blank\" rel=\"noopener\">Kontaktformular<\/a><\/strong>.<\/p>\n<\/div><\/div><div class=\"icon_list_connector\"  style=\"border-right-width: 1px;border-right-style: dashed;border-color: #00000000;\"><\/div><\/li><li class=\"icon_list_item\" style=\" font-size:66px;\"><div class=\"icon_list_icon\" data-animation=\"\" data-animation-delay=\"03\" style=\"font-size:22px;border-width:1px;border-style:none;background:#00000000;color:#00000000;border-color:#333333;\"><i class=\"Defaults-check-square-o\" ><\/i><\/div><div class=\"icon_description\" id=\"Info-list-wrap-6857\" style=\"font-size:22px;\"><h3 class=\"ult-responsive info-list-heading\"  data-ultimate-target='#Info-list-wrap-6857 h3'  data-responsive-json-new='{\"font-size\":\"desktop:16px;\",\"line-height\":\"desktop:24px;\"}'  style=\"\">Zulassung<\/h3><div class=\"icon_description_text ult-responsive\"  data-ultimate-target='#Info-list-wrap-6857 .icon_description_text'  data-responsive-json-new='{\"font-size\":\"desktop:13px;\",\"line-height\":\"desktop:18px;\"}'  style=\"\"><p>Nach Abschluss des Review-Prozesses erhalten Sie eine E-Mail mit dem Status der Session.<\/p>\n<\/div><\/div><div class=\"icon_list_connector\"  style=\"border-right-width: 1px;border-right-style: dashed;border-color: #00000000;\"><\/div><\/li><\/ul><\/div><\/div><\/div><\/div><\/div><\/div><\/section>\n","protected":false},"excerpt":{"rendered":"Session Richtlinienby Markus Spiske via PixabayWer?Alle ben\u00f6tigen einen My#Conf-Account, um eine Session einzureichen. Wann?Die Fristen f\u00fcr die Einreichung von Sessions sind hier VoraussetzungenF\u00fcr eine erfolgreiche Einreichung m\u00fcssen folgende Anforderungen erf\u00fcllt sein: Titel: 3\u201330 W\u00f6rter (max. 200 Zeichen) Kurztitel: 3\u201310 W\u00f6rter (max. 100 Zeichen) Format: frei w\u00e4hlbar (Link) Bild: PNG\/JPG\/JPEG in 1920 \u00d7 1080 px (Verwendung...","protected":false},"author":1,"featured_media":1551,"parent":71,"menu_order":0,"comment_status":"closed","ping_status":"closed","template":"","meta":{"_acf_changed":false,"rs_blank_template":"","rs_page_bg_color":"","slide_template_v7":"","footnotes":""},"event-name":[],"event-type":[],"class_list":["post-72","page","type-page","status-publish","has-post-thumbnail","hentry"],"acf":[],"_links":{"self":[{"href":"https:\/\/tdb.my-event-manager.org\/en\/wp-json\/wp\/v2\/pages\/72","targetHints":{"allow":["GET"]}}],"collection":[{"href":"https:\/\/tdb.my-event-manager.org\/en\/wp-json\/wp\/v2\/pages"}],"about":[{"href":"https:\/\/tdb.my-event-manager.org\/en\/wp-json\/wp\/v2\/types\/page"}],"author":[{"embeddable":true,"href":"https:\/\/tdb.my-event-manager.org\/en\/wp-json\/wp\/v2\/users\/1"}],"replies":[{"embeddable":true,"href":"https:\/\/tdb.my-event-manager.org\/en\/wp-json\/wp\/v2\/comments?post=72"}],"version-history":[{"count":0,"href":"https:\/\/tdb.my-event-manager.org\/en\/wp-json\/wp\/v2\/pages\/72\/revisions"}],"up":[{"embeddable":true,"href":"https:\/\/tdb.my-event-manager.org\/en\/wp-json\/wp\/v2\/pages\/71"}],"wp:featuredmedia":[{"embeddable":true,"href":"https:\/\/tdb.my-event-manager.org\/en\/wp-json\/wp\/v2\/media\/1551"}],"wp:attachment":[{"href":"https:\/\/tdb.my-event-manager.org\/en\/wp-json\/wp\/v2\/media?parent=72"}],"wp:term":[{"taxonomy":"event-name","embeddable":true,"href":"https:\/\/tdb.my-event-manager.org\/en\/wp-json\/wp\/v2\/event-name?post=72"},{"taxonomy":"event-type","embeddable":true,"href":"https:\/\/tdb.my-event-manager.org\/en\/wp-json\/wp\/v2\/event-type?post=72"}],"curies":[{"name":"wp","href":"https:\/\/api.w.org\/{rel}","templated":true}]}}