{"id":66,"date":"2025-10-19T18:43:33","date_gmt":"2025-10-19T18:43:33","guid":{"rendered":"https:\/\/rmc2026.my-event-manager.org\/?page_id=133"},"modified":"2026-04-20T05:59:42","modified_gmt":"2026-04-20T05:59:42","slug":"characteristics","status":"publish","type":"page","link":"https:\/\/tdb.my-event-manager.org\/en\/characteristics\/","title":{"rendered":"Characteristics"},"content":{"rendered":"<section data-ios-fixed-bg class=\"l-section wpb_row us_custom_b7fafed7 height_auto color_alternate\"><div class=\"l-section-overlay\" style=\"background:var(--color-site-primary-color-alpha)\"><\/div><div class=\"l-section-h i-cf\"><div class=\"g-cols vc_row via_flex valign_middle type_default stacking_default\"><div class=\"vc_col-sm-12 wpb_column vc_column_container\"><div class=\"vc_column-inner\"><div class=\"wpb_wrapper\"><div class=\"w-vwrapper align_none valign_middle us_custom_cd94f1ff\" style=\"--vwrapper-gap:0rem\"><h2 class=\"w-text us_custom_58b1af09\"><span class=\"w-text-h\"><span class=\"w-text-value\">Was ist die Besonderheit der #TdB27<\/span><\/span><\/h2><div class=\"w-iconbox us_custom_0ec55888 iconpos_left style_default color_contrast align_left no_text\"><a target=\"_blank\" rel=\"nofollow\" href=\"https:\/\/pixabay.com\/photos\/butterfly-buckthorn-flowers-7118219\/\" class=\"w-iconbox-link\" aria-label=\"by Nathalie Burblis from Pixabay\"><div class=\"w-iconbox-icon\" style=\"font-size:0.6rem;\"><i class=\"fas fa-copyright\"><\/i><\/div><\/a><div class=\"w-iconbox-meta\"><span class=\"w-iconbox-title\" style=\"font-size:0.6rem;\"><a target=\"_blank\" rel=\"nofollow\" href=\"https:\/\/pixabay.com\/photos\/butterfly-buckthorn-flowers-7118219\/\" class=\"w-iconbox-link\" aria-label=\"by Nathalie Burblis from Pixabay\">by Nathalie Burblis from Pixabay<\/a><\/span><\/div><\/div><\/div><\/div><\/div><\/div><\/div><\/div><\/section><section class=\"l-section wpb_row height_small\"><div class=\"l-section-h i-cf\"><div class=\"g-cols vc_row via_flex valign_top type_default stacking_default\"><div class=\"vc_col-sm-12 wpb_column vc_column_container\"><div class=\"vc_column-inner\"><div class=\"wpb_wrapper\"><h2 class=\"w-text us_custom_58b1af09\"><span class=\"w-text-h\"><span class=\"w-text-value\">Inhalte<\/span><\/span><\/h2><div class=\"w-separator size_custom with_line width_30 thick_2 style_solid color_border align_center\" style=\"height:\"><div class=\"w-separator-h\"><\/div><\/div><div class=\"w-separator size_custom\" style=\"height:\"><\/div><div class=\"wpb_text_column\"><div class=\"wpb_wrapper\"><p>Die Konferenz vereint Perspektiven aus Wissenschaft, Praxis und Politik, um L\u00f6sungen f\u00fcr den Schutz und die nachhaltige Nutzung der Biodiversit\u00e4t \u2013 insbesondere in sensiblen Gebirgsr\u00e4umen \u2013 zu entwickeln und gesellschaftliche Transformationsprozesse gemeinsam voranzubringen.<\/p>\n<\/div><\/div><\/div><\/div><\/div><\/div><\/div><\/section><section class=\"l-section wpb_row height_small\"><div class=\"l-section-h i-cf\"><div class=\"g-cols vc_row via_flex valign_top type_default stacking_default\"><div class=\"vc_col-sm-12 wpb_column vc_column_container\"><div class=\"vc_column-inner\"><div class=\"wpb_wrapper\"><h2 class=\"w-text us_custom_58b1af09\"><span class=\"w-text-h\"><span class=\"w-text-value\">Charakteristik und Kernthemen<\/span><\/span><\/h2><div class=\"w-separator size_custom with_line width_30 thick_2 style_solid color_border align_center\" style=\"height:\"><div class=\"w-separator-h\"><\/div><\/div><div class=\"w-separator size_custom\" style=\"height:\"><\/div><div class=\"wpb_text_column\"><div class=\"wpb_wrapper\"><ul>\n<li>Wie k\u00f6nnen Renaturierung und Wiederherstellung von \u00d6kosystemen optimal gestaltet werden?<\/li>\n<li>Welche Orte sind f\u00fcr Natur und Mensch besonders wertvoll, und wie lassen sich diese langfristig sch\u00fctzen und entwickeln?<\/li>\n<li>Wie kann der Tourismus als Wirtschaftsfaktor so gestaltet werden, dass er Biodiversit\u00e4t nicht nur respektiert, sondern aktiv f\u00f6rdert?<\/li>\n<li>Wie gelingt die daf\u00fcr notwendige gesellschaftliche Transformation?<\/li>\n<\/ul>\n<\/div><\/div><div class=\"w-separator size_custom\" style=\"height:\"><\/div><div class=\"wpb_text_column\"><div class=\"wpb_wrapper\"><p>Ein weiterer Schwerpunkt liegt auf der Rolle des Menschen und seiner <strong>Verantwortung<\/strong>: Menschliche Nutzungs- und Bewirtschaftungskonzepte pr\u00e4gen die Biodiversit\u00e4t ma\u00dfgeblich und beeinflussen die <strong>\u00d6kosystemleistungen<\/strong>, von denen unsere Gesellschaft unmittelbar abh\u00e4ngt. Die Tagung beleuchtet diese Wechselwirkungen und diskutiert Wege zu einer naturvertr\u00e4glichen Nutzung, die Resilienz st\u00e4rkt und Zukunftssicherheit schafft.<\/p>\n<\/div><\/div><\/div><\/div><\/div><\/div><\/div><\/section>\n","protected":false},"excerpt":{"rendered":"Was ist die Besonderheit der #TdB27by Nathalie Burblis from PixabayInhalteDie Konferenz vereint Perspektiven aus Wissenschaft, Praxis und Politik, um L\u00f6sungen f\u00fcr den Schutz und die nachhaltige Nutzung der Biodiversit\u00e4t \u2013 insbesondere in sensiblen Gebirgsr\u00e4umen \u2013 zu entwickeln und gesellschaftliche Transformationsprozesse gemeinsam voranzubringen. Charakteristik und Kernthemen Wie k\u00f6nnen Renaturierung und Wiederherstellung von \u00d6kosystemen optimal gestaltet werden?...","protected":false},"author":1,"featured_media":1452,"parent":0,"menu_order":0,"comment_status":"closed","ping_status":"closed","template":"","meta":{"_acf_changed":false,"rs_blank_template":"","rs_page_bg_color":"","slide_template_v7":"","footnotes":""},"event-name":[],"event-type":[],"class_list":["post-66","page","type-page","status-publish","has-post-thumbnail","hentry"],"acf":[],"_links":{"self":[{"href":"https:\/\/tdb.my-event-manager.org\/en\/wp-json\/wp\/v2\/pages\/66","targetHints":{"allow":["GET"]}}],"collection":[{"href":"https:\/\/tdb.my-event-manager.org\/en\/wp-json\/wp\/v2\/pages"}],"about":[{"href":"https:\/\/tdb.my-event-manager.org\/en\/wp-json\/wp\/v2\/types\/page"}],"author":[{"embeddable":true,"href":"https:\/\/tdb.my-event-manager.org\/en\/wp-json\/wp\/v2\/users\/1"}],"replies":[{"embeddable":true,"href":"https:\/\/tdb.my-event-manager.org\/en\/wp-json\/wp\/v2\/comments?post=66"}],"version-history":[{"count":0,"href":"https:\/\/tdb.my-event-manager.org\/en\/wp-json\/wp\/v2\/pages\/66\/revisions"}],"wp:featuredmedia":[{"embeddable":true,"href":"https:\/\/tdb.my-event-manager.org\/en\/wp-json\/wp\/v2\/media\/1452"}],"wp:attachment":[{"href":"https:\/\/tdb.my-event-manager.org\/en\/wp-json\/wp\/v2\/media?parent=66"}],"wp:term":[{"taxonomy":"event-name","embeddable":true,"href":"https:\/\/tdb.my-event-manager.org\/en\/wp-json\/wp\/v2\/event-name?post=66"},{"taxonomy":"event-type","embeddable":true,"href":"https:\/\/tdb.my-event-manager.org\/en\/wp-json\/wp\/v2\/event-type?post=66"}],"curies":[{"name":"wp","href":"https:\/\/api.w.org\/{rel}","templated":true}]}}