{"id":1380,"date":"2026-04-17T06:45:31","date_gmt":"2026-04-17T06:45:31","guid":{"rendered":"https:\/\/tdb.my-event-manager.org\/?page_id=1380"},"modified":"2026-04-20T19:02:35","modified_gmt":"2026-04-20T19:02:35","slug":"the-host-city","status":"publish","type":"page","link":"https:\/\/tdb.my-event-manager.org\/en\/the-host-city\/","title":{"rendered":"The host city"},"content":{"rendered":"<section data-ios-fixed-bg class=\"l-section wpb_row us_custom_b7fafed7 height_auto color_alternate\"><div class=\"l-section-overlay\" style=\"background:var(--color-site-primary-color-alpha)\"><\/div><div class=\"l-section-h i-cf\"><div class=\"g-cols vc_row via_flex valign_middle type_default stacking_default\"><div class=\"vc_col-sm-12 wpb_column vc_column_container\"><div class=\"vc_column-inner\"><div class=\"wpb_wrapper\"><div class=\"w-vwrapper align_none valign_middle us_custom_cd94f1ff\" style=\"--vwrapper-gap:0rem\"><h2 class=\"w-text us_custom_58b1af09\"><span class=\"w-text-h\"><span class=\"w-text-value\">Innsbruck &#8211; Die Gastgeberstadt<\/span><\/span><\/h2><div class=\"w-iconbox us_custom_0ec55888 iconpos_left style_default color_contrast align_left no_text\"><div class=\"w-iconbox-icon\" style=\"font-size:0.6rem;\"><i class=\"fas fa-copyright\"><\/i><\/div><div class=\"w-iconbox-meta\"><span class=\"w-iconbox-title\" style=\"font-size:0.6rem;\">by unknown<\/span><\/div><\/div><\/div><\/div><\/div><\/div><\/div><\/div><\/section><section class=\"l-section wpb_row height_small\"><div class=\"l-section-overlay\" style=\"background:var(--color-content-faded)\"><\/div><div class=\"l-section-h i-cf\"><div class=\"g-cols vc_row via_flex valign_top type_default stacking_default\"><div class=\"vc_col-sm-6 wpb_column vc_column_container\"><div class=\"vc_column-inner type_sticky\"><div class=\"wpb_wrapper\"><div class=\"wpb_text_column us_custom_432d3f53\"><div class=\"wpb_wrapper\"><p>Innsbruck mit seiner langen Tradition und seiner Lage in den Alpen sowie der unmittelbaren N\u00e4he zu sensiblen Hochgebirgs\u00f6kosystemen ist ein idealer Ort, um eine Veranstaltung wie die Tage der Biodiversit\u00e4t 2027 auszurichten. Inspiriert von den umliegenden Bergen, die H\u00f6hen von bis zu 2500 m und dar\u00fcber erreichen, werden anregende und interdisziplin\u00e4re Diskussionen entstehen \ud83d\ude09<\/p>\n<p>Insbesondere die akademische Geschichte Innsbrucks ist eine lange und reicht bis ins Jahr 1669 zur\u00fcck, als Kaiser <a href=\"https:\/\/de.wikipedia.org\/wiki\/Leopold_I._(HRR)\" target=\"_blank\" rel=\"noopener\">Leopold, I.<\/a> eine vollst\u00e4ndige Universit\u00e4t mit vier Fakult\u00e4ten gr\u00fcndete. Nach 350 Jahren mit H\u00f6hen und Tiefen ist die Leopold-Franzens-Universit\u00e4t Innsbruck heute die gr\u00f6\u00dfte wissenschaftliche Einrichtung in West\u00f6sterreich mit 16 Fakult\u00e4ten, mehr als 5000 Besch\u00e4ftigten und rund 27.000 Studierenden.<\/p>\n<\/div><\/div><\/div><\/div><\/div><div class=\"vc_col-sm-6 wpb_column vc_column_container\"><div class=\"vc_column-inner type_sticky\"><div class=\"wpb_wrapper\"><div class=\"w-slider style_none fit_scaledown nav_none count_1\"><div class=\"w-slider-h\" aria-hidden=\"true\"><div class=\"royalSlider\"><div class=\"rsContent\"><a class=\"rsImg\" data-rsw=\"1024\" data-rsh=\"675\" href=\"https:\/\/tdb.my-event-manager.org\/wp-content\/uploads\/sites\/10\/2026\/04\/hostcity_innsbruck_mit_kirche-1024x675.jpg\"><span data-alt=\"\"><\/span><\/a><div class=\"rsABlock\" data-fadeEffect=\"false\" data-moveEffect=\"none\"><div class=\"w-slider-item-title\">hostcity_innsbruck_mit_kirche<\/div><\/div><\/div><\/div><img decoding=\"async\" src=\"https:\/\/tdb.my-event-manager.org\/wp-content\/uploads\/sites\/10\/2026\/04\/hostcity_innsbruck_mit_kirche-1024x675.jpg\" width=\"1024\" height=\"675\" alt loading=\"lazy\"><\/div><div class=\"w-slider-json\" onclick='return {&quot;autoScaleSlider&quot;:true,&quot;addActiveClass&quot;:true,&quot;loop&quot;:true,&quot;fadeInLoadedSlide&quot;:false,&quot;slidesSpacing&quot;:0,&quot;imageScalePadding&quot;:0,&quot;numImagesToPreload&quot;:2,&quot;arrowsNav&quot;:true,&quot;arrowsNavAutoHide&quot;:false,&quot;transitionType&quot;:&quot;move&quot;,&quot;transitionSpeed&quot;:250,&quot;block&quot;:{&quot;moveEffect&quot;:&quot;none&quot;,&quot;speed&quot;:300},&quot;thumbs&quot;:{&quot;fitInViewport&quot;:false,&quot;firstMargin&quot;:false,&quot;spacing&quot;:4},&quot;controlNavigation&quot;:&quot;none&quot;,&quot;autoScaleSliderWidth&quot;:1024,&quot;autoScaleSliderHeight&quot;:675}'><\/div><\/div><\/div><\/div><\/div><\/div><\/div><\/section><section class=\"l-section wpb_row height_small\"><div class=\"l-section-h i-cf\"><div class=\"g-cols vc_row via_flex valign_top type_default stacking_default\"><div class=\"vc_col-sm-6 wpb_column vc_column_container\"><div class=\"vc_column-inner type_sticky\"><div class=\"wpb_wrapper\"><h2 class=\"w-text us_custom_58b1af09\"><span class=\"w-text-h\"><span class=\"w-text-value\">Von einer Siedlung zu einer Hauptstadt<\/span><\/span><\/h2><div class=\"w-separator size_custom\" style=\"height:\"><\/div><div class=\"wpb_text_column us_custom_432d3f53\"><div class=\"wpb_wrapper\"><p>Bereits in der Jungsteinzeit war die Region rund um Innsbruck besiedelt. Im Laufe der Zeit wurde das Inntal \u2013 insbesondere die Region Innsbruck \u2013 zunehmend attraktiv als Zwischenstation bei Alpen\u00fcberquerungen, da es entlang der Route M\u00fcnchen\u2013Brenner\u2013Bozen liegt, einem der einfachsten und niedrigsten Nord-S\u00fcd-Alpen\u00fcberg\u00e4nge.<\/p>\n<p>Auch Kaiser und K\u00f6nige sch\u00e4tzten die Stadt als Sommerresidenz, was zu einer wachsenden politischen Bedeutung f\u00fchrte. Schlie\u00dflich dauerte es mehrere Jahrhunderte, bis Innsbruck im Jahr 1849 offiziell zur Hauptstadt von Tirol wurde.<\/p>\n<\/div><\/div><\/div><\/div><\/div><div class=\"vc_col-sm-6 wpb_column vc_column_container\"><div class=\"vc_column-inner type_sticky\"><div class=\"wpb_wrapper\"><div class=\"w-slider style_none fit_cover nav_none count_1\"><div class=\"w-slider-h\" aria-hidden=\"true\"><div class=\"royalSlider\"><div class=\"rsContent\"><a class=\"rsImg\" data-rsw=\"463\" data-rsh=\"533\" href=\"https:\/\/tdb.my-event-manager.org\/wp-content\/uploads\/sites\/10\/2026\/04\/hostcity_karte_innsbruck_alt.jpeg\"><span data-alt=\"\"><\/span><\/a><div class=\"rsABlock\" data-fadeEffect=\"false\" data-moveEffect=\"none\"><div class=\"w-slider-item-title\">hostcity_karte_innsbruck_alt<\/div><\/div><\/div><\/div><img decoding=\"async\" src=\"https:\/\/tdb.my-event-manager.org\/wp-content\/uploads\/sites\/10\/2026\/04\/hostcity_karte_innsbruck_alt.jpeg\" width=\"463\" height=\"533\" alt loading=\"lazy\"><\/div><div class=\"w-slider-json\" onclick='return {&quot;autoScaleSlider&quot;:true,&quot;addActiveClass&quot;:true,&quot;loop&quot;:true,&quot;fadeInLoadedSlide&quot;:false,&quot;slidesSpacing&quot;:0,&quot;imageScalePadding&quot;:0,&quot;numImagesToPreload&quot;:2,&quot;arrowsNav&quot;:true,&quot;arrowsNavAutoHide&quot;:false,&quot;transitionType&quot;:&quot;move&quot;,&quot;transitionSpeed&quot;:500,&quot;block&quot;:{&quot;moveEffect&quot;:&quot;none&quot;,&quot;speed&quot;:300},&quot;thumbs&quot;:{&quot;fitInViewport&quot;:false,&quot;firstMargin&quot;:false,&quot;spacing&quot;:4},&quot;controlNavigation&quot;:&quot;none&quot;,&quot;autoScaleSliderWidth&quot;:463,&quot;autoScaleSliderHeight&quot;:533}'><\/div><\/div><\/div><\/div><\/div><\/div><\/div><\/section><section class=\"l-section wpb_row height_small\"><div class=\"l-section-h i-cf\"><div class=\"g-cols vc_row via_flex valign_top type_default stacking_default\"><div class=\"vc_col-sm-6 wpb_column vc_column_container\"><div class=\"vc_column-inner type_sticky\"><div class=\"wpb_wrapper\"><h2 class=\"w-text us_custom_58b1af09\"><span class=\"w-text-h\"><span class=\"w-text-value\">Eine neue \u00c4ra beginnt mit dem Tourismus<\/span><\/span><\/h2><div class=\"w-separator size_custom\" style=\"height:\"><\/div><div class=\"wpb_text_column us_custom_432d3f53\"><div class=\"wpb_wrapper\"><p>W\u00e4hrend Kultur und kulturelle Einrichtungen \u00fcber lange Zeit bestehen bleiben, ist der Massentourismus eine Entwicklung des 20. Jahrhunderts. Nahegelegene Skigebiete, Sport- und Freizeitparks sowie andere touristische Einrichtungen f\u00fchrten zu einem starken Anstieg der Besucherzahlen. Dies zeigte sich auch in einer gro\u00dfen Zahl neu errichteter Unterk\u00fcnfte f\u00fcr diese G\u00e4ste.<\/p>\n<p>Aber auch Tagesg\u00e4ste genie\u00dfen das Flair der Stadt, die aus den Nachbarl\u00e4ndern bequem mit Zug, Bus und Auto sowie entlang des Innradwegs erreichbar ist.<\/p>\n<\/div><\/div><\/div><\/div><\/div><div class=\"vc_col-sm-6 wpb_column vc_column_container\"><div class=\"vc_column-inner type_sticky\"><div class=\"wpb_wrapper\"><div class=\"w-slider style_none fit_cover nav_none count_1\"><div class=\"w-slider-h\" aria-hidden=\"true\"><div class=\"royalSlider\"><div class=\"rsContent\"><a class=\"rsImg\" data-rsw=\"1024\" data-rsh=\"768\" href=\"https:\/\/tdb.my-event-manager.org\/wp-content\/uploads\/sites\/10\/2026\/04\/hostcity_patscherkofelbahn-scaled-1-1024x768.jpg\"><span data-alt=\"\"><\/span><\/a><div class=\"rsABlock\" data-fadeEffect=\"false\" data-moveEffect=\"none\"><div class=\"w-slider-item-title\">hostcity_patscherkofelbahn-scaled-1<\/div><\/div><\/div><\/div><img decoding=\"async\" src=\"https:\/\/tdb.my-event-manager.org\/wp-content\/uploads\/sites\/10\/2026\/04\/hostcity_patscherkofelbahn-scaled-1-1024x768.jpg\" width=\"1024\" height=\"768\" alt loading=\"lazy\"><\/div><div class=\"w-slider-json\" onclick='return {&quot;autoScaleSlider&quot;:true,&quot;addActiveClass&quot;:true,&quot;loop&quot;:true,&quot;fadeInLoadedSlide&quot;:false,&quot;slidesSpacing&quot;:0,&quot;imageScalePadding&quot;:0,&quot;numImagesToPreload&quot;:2,&quot;arrowsNav&quot;:true,&quot;arrowsNavAutoHide&quot;:false,&quot;transitionType&quot;:&quot;move&quot;,&quot;transitionSpeed&quot;:250,&quot;block&quot;:{&quot;moveEffect&quot;:&quot;none&quot;,&quot;speed&quot;:300},&quot;thumbs&quot;:{&quot;fitInViewport&quot;:false,&quot;firstMargin&quot;:false,&quot;spacing&quot;:4},&quot;controlNavigation&quot;:&quot;none&quot;,&quot;autoScaleSliderWidth&quot;:1024,&quot;autoScaleSliderHeight&quot;:768}'><\/div><\/div><\/div><\/div><\/div><\/div><\/div><\/section><section class=\"l-section wpb_row height_small\"><div class=\"l-section-h i-cf\"><div class=\"g-cols vc_row via_flex valign_top type_default stacking_default\"><div class=\"vc_col-sm-6 wpb_column vc_column_container\"><div class=\"vc_column-inner type_sticky\"><div class=\"wpb_wrapper\"><h2 class=\"w-text us_custom_58b1af09\"><span class=\"w-text-h\"><span class=\"w-text-value\">Die Geschichte wird weitergeschrieben<\/span><\/span><\/h2><div class=\"w-separator size_custom\" style=\"height:\"><\/div><div class=\"wpb_text_column us_custom_432d3f53\"><div class=\"wpb_wrapper\"><p>Heute hat Innsbruck rund 120.000 Einwohner:innen, zahlreiche Schulen unterschiedlichster Bildungsstufen, die gr\u00f6\u00dfte Universit\u00e4t West\u00f6sterreichs, viele touristische Hotspots und ein alpines Flair, das man so kaum anderswo findet.<\/p>\n<p>Dennoch m\u00fcssen Probleme wie eine unzumutbare Verkehrsbelastung, die Auswirkungen des Klimawandels und der Massentourismus gesellschaftlich verantwortungsvoll gel\u00f6st werden. Gerade im sensiblen Alpenraum zeigt sich, wie eng Natur, Nutzung und Lebensqualit\u00e4t miteinander verkn\u00fcpft sind \u2013 und wie dringend integrative, wissenschaftlich fundierte L\u00f6sungsans\u00e4tze ben\u00f6tigt werden.<\/p>\n<p>Vor diesem Hintergrund bietet Innsbruck den idealen Rahmen f\u00fcr den interdisziplin\u00e4ren Austausch: Aufbauend auf dieser Ausgangslage kn\u00fcpfen die Tage der Biodiversit\u00e4t 2027 an und stellen die Frage, wie die biologische Vielfalt als Grundlage unseres Lebens langfristig gesichert werden kann. Unter dem Leitmotiv \u201eLand der Berge, artenreich? Gemeinsam Vielfalt sichern\u201c bringt die Konferenz Perspektiven aus Forschung, Praxis und Politik zusammen und schafft eine Plattform, um zentrale Herausforderungen unserer Zeit \u2013 von Klimawandel \u00fcber Tourismus bis hin zur nachhaltigen Nutzung von \u00d6kosystemen \u2013 gemeinsam zu diskutieren und zukunftsf\u00e4hige L\u00f6sungen zu entwickeln.<\/p>\n<p>Damit wird die Tagung nicht nur zu einem Ort des wissenschaftlichen Dialogs, sondern auch zu einem Impulsgeber f\u00fcr eine gesellschaftliche Transformation hin zu mehr Verantwortung im Umgang mit unserer nat\u00fcrlichen Umwelt.<\/p>\n<\/div><\/div><\/div><\/div><\/div><div class=\"vc_col-sm-6 wpb_column vc_column_container\"><div class=\"vc_column-inner us_custom_4af741be type_sticky\"><div class=\"wpb_wrapper\"><div class=\"g-cols wpb_row us_custom_4af741be via_flex valign_top type_default stacking_default\"><div class=\"vc_col-sm-12 wpb_column vc_column_container show_others_content_true\"><div class=\"vc_column-inner us_custom_4af741be\"><div class=\"wpb_wrapper\"><div id=\"ultimate-video-550469fa1173ab510\" class=\"ult-video  ult-adjust-bottom-margin ultimate-video-550469fa1173ab510 ultv-6899 \"><div class=\"ultv-video ultv-aspect-ratio-16_9 ultv-subscribe-responsive-none\" data-videotype=\"uv_iframe\">\n\t\t\t\t\t\t<div class=\"ultv-video__outer-wrap\" data-autoplay=\"0\" data-device=\"false\"  data-iconbg=\"#3A3A3A\" data-overcolor=\"\" data-defaultbg=\"#1f1f1e\" data-defaultplay=\"defaulticon\"><div class=\"ultv-video__play\" data-src=\"https:\/\/www.youtube.com\/embed\/bLkaKDAE5DM?rel=0&#038;start&#038;end&#038;controls=1&#038;mute=0&#038;modestbranding=0&#038;autoplay=1\">\n\t\t\t\t\t\t\t\t<img decoding=\"async\" class=\"ultv-video__thumb\" src=\"https:\/\/i.ytimg.com\/vi\/bLkaKDAE5DM\/maxresdefault.jpg\"\/>\n\t\t\t\t\t\t\t\t<div class=\"ultv-video__play-icon  ultv-animation-none\" style=\"width:75px\"><svg height=\"100%\" version=\"1.1\" viewBox=\"0 0 68 48\" width=\"100%\"><path class=\"ultv-youtube-icon-bg\" d=\"m .66,37.62 c 0,0 .66,4.70 2.70,6.77 2.58,2.71 5.98,2.63 7.49,2.91 5.43,.52 23.10,.68 23.12,.68 .00,-1.3e-5 14.29,-0.02 23.81,-0.71 1.32,-0.15 4.22,-0.17 6.81,-2.89 2.03,-2.07 2.70,-6.77 2.70,-6.77 0,0 .67,-5.52 .67,-11.04 l 0,-5.17 c 0,-5.52 -0.67,-11.04 -0.67,-11.04 0,0 -0.66,-4.70 -2.70,-6.77 C 62.03,.86 59.13,.84 57.80,.69 48.28,0 34.00,0 34.00,0 33.97,0 19.69,0 10.18,.69 8.85,.84 5.95,.86 3.36,3.58 1.32,5.65 .66,10.35 .66,10.35 c 0,0 -0.55,4.50 -0.66,9.45 l 0,8.36 c .10,4.94 .66,9.45 .66,9.45 z\" fill=\"#1f1f1e\" ><\/path><path d=\"m 26.96,13.67 18.37,9.62 -18.37,9.55 -0.00,-19.17 z\" fill=\"#fff\"><\/path><path d=\"M 45.02,23.46 45.32,23.28 26.96,13.67 43.32,22.34 45.02,23.46 z\" fill=\"#ccc\"><\/path><\/svg><\/div> <\/div> <\/div><\/div><\/div><div class=\"wpb_text_column us_custom_ab203a4b\"><div class=\"wpb_wrapper\"><div>You see this as you allowed &#8220;Others&#8221; Cookies!<br \/>\n[wcc_preference_button]<\/div>\n<\/div><\/div><\/div><\/div><\/div><\/div><div class=\"g-cols wpb_row us_custom_6e4f6e3c via_flex valign_middle type_default stacking_default\"><div class=\"vc_col-sm-12 wpb_column vc_column_container show_others_content_false\"><div class=\"vc_column-inner us_custom_2cbc9fb3\"><div class=\"wpb_wrapper\"><div class=\"wpb_text_column us_custom_2509bbe8 has_text_color\"><div class=\"wpb_wrapper\"><h4>Videoplayer disabled!<\/h4>\n<\/div><\/div><div class=\"w-separator size_custom\" style=\"height:\"><\/div><div class=\"wpb_text_column us_custom_a98d3980 has_text_color\"><div class=\"wpb_wrapper\"><div>To allow this interactive element, please activate &#8220;Others&#8221; cookies. Data will be exchanged between your browser and third party service providers.<\/div>\n<\/div><\/div><div class=\"wpb_text_column us_custom_a40f9ab0\"><div class=\"wpb_wrapper\"><p><span class=\"wcc-preference-btn w-btn us-btn-style_6\" style=\"text-decoration: none;\">Change Settings<\/span><\/p>\n<\/div><\/div><\/div><\/div><\/div><\/div><\/div><\/div><\/div><\/div><\/div><\/section><section class=\"l-section wpb_row us_custom_ec32ecc5 has_text_color height_auto\"><div class=\"l-section-h i-cf\"><div class=\"g-cols vc_row via_flex valign_top type_default stacking_default\"><div class=\"vc_col-sm-12 wpb_column vc_column_container\"><div class=\"vc_column-inner\"><div class=\"wpb_wrapper\"><div id=\"ultib3-294637698769fa1173ac7ef\" class=\" ultb3-box ult-adjust-bottom-margin  \" style=\"\"><div id=\"Info-banner-wrap2085\" class=\"ultb3-info ib3-info-center\" data-animation=\"\" data-animation-delay=\"03\"><div class=\"ultb3-desc ult-responsive\"  data-ultimate-target='#Info-banner-wrap2085 .ultb3-desc'  data-responsive-json-new='{\"font-size\":\"\",\"line-height\":\"\"}'  style=\"font-weight:normal;\">Get more infos about the host-city<\/div><a href=\"https:\/\/www.innsbruck.info\/en\/\" target=\"target=\"_blank\"\" rel=\"nofollow\"  class=\"ultb3-btn ult-responsive\"  data-ultimate-target='#Info-banner-wrap2085 .ultb3-btn'  data-responsive-json-new='{\"font-size\":\"\",\"line-height\":\"\"}'  style=\"font-weight:normal;\">External Link<i class=\"Defaults-angle-right\"><\/i><\/a><\/div><\/div><style>\n\t\t\t\t\t#ultib3-294637698769fa1173ac7ef {\n\t\t\t\t\t\tmin-height:50px;\n\t\t\t\t\t}\n\t\t\t\t\t#ultib3-294637698769fa1173ac7ef img.ultb3-img {\n\t\t\t\t\t\theight: px;\n\t\t\t\t\t}\n\t\t\t\t\t#ultib3-294637698769fa1173ac7ef .ultb3-btn {\n\t\t\t\t\t\tborder:2px solid #017E8C;border-radius:2px;color:#017E8C;\n\t\t\t\t\t}\n\t\t\t\t\t#ultib3-294637698769fa1173ac7ef .ultb3-btn:hover {\n\t\t\t\t\t\tbackground:#017E8C;color:#ffffff;\n\t\t\t\t\t}\n\t\t\t\t\t#ultib3-294637698769fa1173ac7ef .ultb3-btn:focus {\n\t\t\t\t\t\toutline: 2px solid #005fcc;\n\t\t\t\t\t\toutline-offset: 2px;\n\t\t\t\t\t}\n\t\t\t\t<\/style><\/div><\/div><\/div><\/div><\/div><\/section>\n","protected":false},"excerpt":{"rendered":"Innsbruck &#8211; Die Gastgeberstadtby unknownInnsbruck mit seiner langen Tradition und seiner Lage in den Alpen sowie der unmittelbaren N\u00e4he zu sensiblen Hochgebirgs\u00f6kosystemen ist ein idealer Ort, um eine Veranstaltung wie die Tage der Biodiversit\u00e4t 2027 auszurichten. Inspiriert von den umliegenden Bergen, die H\u00f6hen von bis zu 2500 m und dar\u00fcber erreichen, werden anregende und interdisziplin\u00e4re...","protected":false},"author":1,"featured_media":1430,"parent":0,"menu_order":0,"comment_status":"closed","ping_status":"closed","template":"","meta":{"_acf_changed":false,"rs_blank_template":"","rs_page_bg_color":"","slide_template_v7":"","footnotes":""},"event-name":[],"event-type":[],"class_list":["post-1380","page","type-page","status-publish","has-post-thumbnail","hentry"],"acf":[],"_links":{"self":[{"href":"https:\/\/tdb.my-event-manager.org\/en\/wp-json\/wp\/v2\/pages\/1380","targetHints":{"allow":["GET"]}}],"collection":[{"href":"https:\/\/tdb.my-event-manager.org\/en\/wp-json\/wp\/v2\/pages"}],"about":[{"href":"https:\/\/tdb.my-event-manager.org\/en\/wp-json\/wp\/v2\/types\/page"}],"author":[{"embeddable":true,"href":"https:\/\/tdb.my-event-manager.org\/en\/wp-json\/wp\/v2\/users\/1"}],"replies":[{"embeddable":true,"href":"https:\/\/tdb.my-event-manager.org\/en\/wp-json\/wp\/v2\/comments?post=1380"}],"version-history":[{"count":0,"href":"https:\/\/tdb.my-event-manager.org\/en\/wp-json\/wp\/v2\/pages\/1380\/revisions"}],"wp:featuredmedia":[{"embeddable":true,"href":"https:\/\/tdb.my-event-manager.org\/en\/wp-json\/wp\/v2\/media\/1430"}],"wp:attachment":[{"href":"https:\/\/tdb.my-event-manager.org\/en\/wp-json\/wp\/v2\/media?parent=1380"}],"wp:term":[{"taxonomy":"event-name","embeddable":true,"href":"https:\/\/tdb.my-event-manager.org\/en\/wp-json\/wp\/v2\/event-name?post=1380"},{"taxonomy":"event-type","embeddable":true,"href":"https:\/\/tdb.my-event-manager.org\/en\/wp-json\/wp\/v2\/event-type?post=1380"}],"curies":[{"name":"wp","href":"https:\/\/api.w.org\/{rel}","templated":true}]}}