{"id":120,"date":"2025-11-04T06:59:26","date_gmt":"2025-11-04T06:59:26","guid":{"rendered":"https:\/\/rmc2026.my-event-manager.org\/?page_id=769"},"modified":"2026-04-17T20:10:14","modified_gmt":"2026-04-17T20:10:14","slug":"the-venue","status":"publish","type":"page","link":"https:\/\/tdb.my-event-manager.org\/en\/the-venue\/","title":{"rendered":"The venue"},"content":{"rendered":"<section class=\"l-section wpb_row height_small full_height valign_center color_alternate\"><div class=\"l-section-overlay\" style=\"background:rgba(0,0,0,0.45)\"><\/div><div class=\"l-section-h i-cf\"><div class=\"g-cols vc_row via_flex valign_middle type_boxes stacking_default\"><div class=\"vc_col-sm-12 wpb_column vc_column_container\"><div class=\"vc_column-inner us_custom_821ea863\"><div class=\"wpb_wrapper\"><h2 class=\"w-text us_custom_eb849559\"><span class=\"w-text-h\"><span class=\"w-text-value\">Veranstaltungsort<\/span><\/span><\/h2><h1 class=\"w-text us_custom_58b1af09\"><span class=\"w-text-h\"><span class=\"w-text-value\">Das \u00c1gnes Heller Haus<\/span><\/span><\/h1><\/div><\/div><\/div><\/div><\/div><\/section><!-- Row Backgrounds --><div class=\"upb_bg_img\" data-ultimate-bg=\"url(https:\/\/tdb.my-event-manager.org\/wp-content\/uploads\/sites\/10\/2026\/04\/agnes_heller_haus.jpg)\" data-image-id=\"id^1424|url^https:\/\/tdb.my-event-manager.org\/wp-content\/uploads\/sites\/10\/2026\/04\/agnes_heller_haus.jpg|caption^null|alt^null|title^agnes_heller_haus|description^null\" data-ultimate-bg-style=\"vcpb-vz-jquery\" data-bg-img-repeat=\"no-repeat\" data-bg-img-size=\"cover\" data-bg-img-position=\"\" data-parallx_sense=\"20\" data-bg-override=\"1\" data-bg_img_attach=\"scroll\" data-upb-overlay-color=\"\" data-upb-bg-animation=\"\" data-fadeout=\"\" data-bg-animation=\"left-animation\" data-bg-animation-type=\"h\" data-animation-repeat=\"repeat\" data-fadeout-percentage=\"30\" data-parallax-content=\"\" data-parallax-content-sense=\"30\" data-row-effect-mobile-disable=\"true\" data-img-parallax-mobile-disable=\"false\" data-rtl=\"false\"  data-custom-vc-row=\"\"  data-vc=\"8.7.2\"  data-is_old_vc=\"\"  data-theme-support=\"\"   data-overlay=\"false\" data-overlay-color=\"\" data-overlay-pattern=\"\" data-overlay-pattern-opacity=\"\" data-overlay-pattern-size=\"\"    ><\/div><section class=\"l-section wpb_row height_small\"><div class=\"l-section-overlay\" style=\"background:var(--color-content-faded)\"><\/div><div class=\"l-section-h i-cf\"><div class=\"g-cols vc_row via_flex valign_top type_default stacking_default\"><div class=\"vc_col-sm-12 wpb_column vc_column_container\"><div class=\"vc_column-inner\"><div class=\"wpb_wrapper\"><h2 class=\"w-text us_custom_58b1af09\"><span class=\"w-text-h\"><span class=\"w-text-value\">Der Konferenzort<\/span><\/span><\/h2><div class=\"w-separator us_custom_c26ed97a has_text_color size_custom with_line width_30 thick_2 style_solid color_border align_center\" style=\"height:\"><div class=\"w-separator-h\"><\/div><\/div><div class=\"w-separator size_custom\" style=\"height:\"><\/div><div class=\"wpb_text_column us_custom_432d3f53\"><div class=\"wpb_wrapper\"><p data-start=\"0\" data-end=\"305\">Die &#8220;Tage der Biodiversit\u00e4t&#8221; werde am Campus der Leopold-Franzens-Universit\u00e4t stattfinden, der im nordwestlichen Teil Innsbrucks liegt und dennoch bequem nahe am Stadtzentrum erreichbar ist. Die Tagung findet im neuesten und modernsten Geb\u00e4ude der Universit\u00e4t statt, dem <strong><a class=\"who_is_agnes_heller\" style=\"cursor: pointer;\">\u00c1gnes-Heller<\/a><\/strong> Haus, das im Jahr 2023 fertiggestellt wurde. Dieses hochmoderne Geb\u00e4ude verf\u00fcgt \u00fcber moderne Veranstaltungsr\u00e4ume mit hervorragenden Lichtverh\u00e4ltnissen und bietet damit eine angenehme und einladende Atmosph\u00e4re f\u00fcr alle Teilnehmenden \u2013 damit Sie sich ganz auf das Wesentliche dieser Veranstaltung konzentrieren k\u00f6nnen! \ud83d\ude0a<\/p>\n<\/div><\/div><\/div><\/div><\/div><\/div><\/div><\/section><section class=\"l-section wpb_row height_auto width_full\"><div class=\"l-section-h i-cf\"><div class=\"g-cols vc_row via_flex valign_middle type_default stacking_default\"><div class=\"vc_col-sm-12 wpb_column vc_column_container\"><div class=\"vc_column-inner\"><div class=\"wpb_wrapper\"><div class=\"w-vwrapper align_none valign_top us_custom_2eab8aa0 show_functional_content_true\" style=\"--vwrapper-gap:0rem\"><div class=\"w-map provider_osm\" id=\"us_map_1\"><div class=\"w-map-inner\"><div class=\"w-map-json\" onclick='return {&quot;address&quot;:&quot;47.262471931993396, 11.384182398477737&quot;,&quot;disableDragging&quot;:1,&quot;disableZoom&quot;:1,&quot;hideControls&quot;:0,&quot;zoom&quot;:17,&quot;markers&quot;:[{&quot;address&quot;:&quot;47.262471931993396, 11.384182398477737&quot;,&quot;html&quot;:&quot;&lt;h6&gt;Universit\\u00e4t Innsbruck, \\u00c1gnes Heller Haus&lt;\\\/h6&gt;\\n&lt;p&gt;Registrierung und Tagungsort&lt;\\\/p&gt;\\n&lt;p&gt;&lt;a href=\\&quot;https:\\\/\\\/maps.app.goo.gl\\\/WcYSaCusKANjCsyh6\\&quot; target=\\&quot;_blank\\&quot;&gt;POI Link (Google Maps)&lt;\\\/a&gt;&lt;\\\/p&gt;&quot;,&quot;infowindow&quot;:&quot;1&quot;}],&quot;style&quot;:&quot;https:\\\/\\\/{s}.basemaps.cartocdn.com\\\/rastertiles\\\/voyager_labels_under\\\/{z}\\\/{x}\\\/{y}{r}.png&quot;}'><\/div><\/div><\/div><div class=\"w-hwrapper valign_top us_custom_2d07bdc5 align_right\" style=\"--hwrapper-gap:0rem\"><div class=\"wpb_text_column us_custom_c740cd3d\"><div class=\"wpb_wrapper\"><div class=\"cli-bar-btn_container\"><span style=\"font-size: 0.6rem;\">Sie sehen diese Funktion, da Sie &#8220;Functional&#8221; Cookies aktiviert haben!<\/span><br \/>\n[wcc_preference_button]<\/div>\n<\/div><\/div><\/div><\/div><div class=\"w-vwrapper align_center valign_middle us_custom_7d509518 show_functional_content_false has_text_color\" style=\"--vwrapper-gap:1rem\"><h5 class=\"w-text\"><span class=\"w-text-h\"><span class=\"w-text-value\">Interactive map disabled<\/span><\/span><\/h5><div class=\"wpb_text_column us_custom_aec94008\"><div class=\"wpb_wrapper\"><div>\n<div>Um diese Funktion zu aktivieren, erlauben Sie bitte &#8220;Functional&#8221; Cookies.<\/div>\n<div>Es k\u00f6nnen Daten zwischen Ihrem Browser und Drittanbietern au\u00dferhalb der EU \u00fcbetragen werden.<\/div>\n<div><\/div>\n<div class=\"cli-bar-btn_container\"><a class=\"wt-cli-manage-consent-link wt-cli-element medium cli-plugin-button cli-plugin-main-button cookie_action_close_header cli_action_button\">Cookie Einstellungen<\/a> [wcc_preference_button]<\/div>\n<\/div>\n<\/div><\/div><\/div><\/div><\/div><\/div><\/div><\/div><\/section><section class=\"l-section wpb_row height_small\"><div class=\"l-section-h i-cf\"><div class=\"g-cols vc_row via_flex valign_top type_default stacking_default\"><div class=\"vc_col-sm-12 wpb_column vc_column_container\"><div class=\"vc_column-inner\"><div class=\"wpb_wrapper\"><h2 class=\"w-text us_custom_58b1af09\"><span class=\"w-text-h\"><span class=\"w-text-value\">Wie komme ich zum Veranstaltungsort?<\/span><\/span><\/h2><div class=\"w-separator us_custom_4e55af8d has_text_color size_custom with_line width_30 thick_2 style_solid color_border align_center\" style=\"height:\"><div class=\"w-separator-h\"><\/div><\/div><div class=\"w-separator size_custom\" style=\"height:\"><\/div><div class=\"g-cols wpb_row via_flex valign_top type_default stacking_default\"><div class=\"vc_col-sm-3\/5 wpb_column vc_column_container\"><div class=\"vc_column-inner us_custom_8c42ed40\"><div class=\"wpb_wrapper\"><div class=\"wpb_text_column us_custom_432d3f53\"><div class=\"wpb_wrapper\"><p>Der Veranstaltungsort ist bequem mit dem \u00f6ffentlichen Nahverkehr, mit dem Fahrrad oder auch zu Fu\u00df erreichbar (ca. 1,5 km vom Hauptbahnhof entfernt). Im Folgenden stellen wir Ihnen n\u00fctzliche Links sowie die Bus- und Stra\u00dfenbahnlinien vor, die in der N\u00e4he<sup>1<\/sup> bzw. direkt vor dem Veranstaltungsort<sup>2<\/sup> halten.<\/p>\n<\/div><\/div><div class=\"w-separator size_custom\" style=\"height:\"><\/div><div class=\"w-iconbox us_custom_20c3f03d has_text_color iconpos_left style_outlined color_custom align_left no_text\"><a target=\"_blank\" rel=\"nofollow\" href=\"https:\/\/www.ivb.at\/fahrgast\/linien\/linienuebersicht\/?tx_zpivb_efattbneu[action]=directpdf&amp;tx_zpivb_efattbneu[controller]=Ttbneu&amp;tx_zpivb_efattbneu[line]=ivb:01005:P:H:j25&amp;tx_zpivb_efattbneu[vers]=1&amp;cHash=6702593b7ce740436cc3ed0a1540a189\" class=\"w-iconbox-link\" aria-label=\"Tram Linie 5 (Richtung Technik West), Ausstieg: Klinik\/Universit\u00e4t1)\"><div class=\"w-iconbox-icon\" style=\"font-size:1rem;--icon-color:#965f7b;--icon-bg-color:#965f7b;\"><i class=\"fas fa-train\"><\/i><\/div><\/a><div class=\"w-iconbox-meta\"><h4 class=\"w-iconbox-title\" style=\"font-size:1rem;\"><a target=\"_blank\" rel=\"nofollow\" href=\"https:\/\/www.ivb.at\/fahrgast\/linien\/linienuebersicht\/?tx_zpivb_efattbneu[action]=directpdf&amp;tx_zpivb_efattbneu[controller]=Ttbneu&amp;tx_zpivb_efattbneu[line]=ivb:01005:P:H:j25&amp;tx_zpivb_efattbneu[vers]=1&amp;cHash=6702593b7ce740436cc3ed0a1540a189\" class=\"w-iconbox-link\" aria-label=\"Tram Linie 5 (Richtung Technik West), Ausstieg: Klinik\/Universit\u00e4t1)\">Tram Linie 5 (Richtung Technik West), Ausstieg: Klinik\/Universit\u00e4t<sup>1)<\/sup><\/a><\/h4><\/div><\/div><div class=\"w-iconbox us_custom_12732941 has_text_color iconpos_left style_outlined color_custom align_left no_text\"><a target=\"_blank\" rel=\"nofollow\" href=\"https:\/\/www.ivb.at\/fahrgast\/linien\/linienuebersicht\/?tx_zpivb_efattbneu[action]=directpdf&amp;tx_zpivb_efattbneu[controller]=Ttbneu&amp;tx_zpivb_efattbneu[line]=ivb:01002:P:H:j25&amp;tx_zpivb_efattbneu[vers]=1&amp;cHash=aa0030c3f8ea296f4de31d858ff8cbcf\" class=\"w-iconbox-link\" aria-label=\"Tram Linie 2 (Richtung Peerhofsiedlung), Ausstieg: Klinik\/Universit\u00e4t1)\"><div class=\"w-iconbox-icon\" style=\"font-size:1rem;--icon-color:#cf3281;--icon-bg-color:#cf3281;\"><i class=\"fas fa-train\"><\/i><\/div><\/a><div class=\"w-iconbox-meta\"><h4 class=\"w-iconbox-title\" style=\"font-size:1rem;\"><a target=\"_blank\" rel=\"nofollow\" href=\"https:\/\/www.ivb.at\/fahrgast\/linien\/linienuebersicht\/?tx_zpivb_efattbneu[action]=directpdf&amp;tx_zpivb_efattbneu[controller]=Ttbneu&amp;tx_zpivb_efattbneu[line]=ivb:01002:P:H:j25&amp;tx_zpivb_efattbneu[vers]=1&amp;cHash=aa0030c3f8ea296f4de31d858ff8cbcf\" class=\"w-iconbox-link\" aria-label=\"Tram Linie 2 (Richtung Peerhofsiedlung), Ausstieg: Klinik\/Universit\u00e4t1)\">Tram Linie 2 (Richtung Peerhofsiedlung), Ausstieg: Klinik\/Universit\u00e4t<sup>1)<\/sup><\/a><\/h4><\/div><\/div><div class=\"w-iconbox us_custom_ab044a01 has_text_color iconpos_left style_outlined color_custom align_left no_text\"><a target=\"_blank\" rel=\"nofollow\" href=\"https:\/\/www.ivb.at\/fahrgast\/linien\/linienuebersicht\/?tx_zpivb_efattbneu[action]=directpdf&amp;tx_zpivb_efattbneu[controller]=Ttbneu&amp;tx_zpivb_efattbneu[line]=ivb:0300F:P:H:j26&amp;tx_zpivb_efattbneu[vers]=2&amp;cHash=656b30b8b8f1564967dda827a61d1eb5\" class=\"w-iconbox-link\" aria-label=\"Buslinie F (Richtung Flughafen\/Airport), Ausstieg: Klinik\/Universit\u00e4t1)\"><div class=\"w-iconbox-icon\" style=\"font-size:1rem;--icon-color:#932fd6;--icon-bg-color:#932fd6;\"><i class=\"fas fa-bus-alt\"><\/i><\/div><\/a><div class=\"w-iconbox-meta\"><h4 class=\"w-iconbox-title\" style=\"font-size:1rem;\"><a target=\"_blank\" rel=\"nofollow\" href=\"https:\/\/www.ivb.at\/fahrgast\/linien\/linienuebersicht\/?tx_zpivb_efattbneu[action]=directpdf&amp;tx_zpivb_efattbneu[controller]=Ttbneu&amp;tx_zpivb_efattbneu[line]=ivb:0300F:P:H:j26&amp;tx_zpivb_efattbneu[vers]=2&amp;cHash=656b30b8b8f1564967dda827a61d1eb5\" class=\"w-iconbox-link\" aria-label=\"Buslinie F (Richtung Flughafen\/Airport), Ausstieg: Klinik\/Universit\u00e4t1)\">Buslinie F (Richtung Flughafen\/Airport), Ausstieg: Klinik\/Universit\u00e4t<sup>1)<\/sup><\/a><\/h4><\/div><\/div><div class=\"w-iconbox us_custom_6ac0c81e has_text_color iconpos_left style_outlined color_custom align_left no_text\"><a target=\"_blank\" rel=\"nofollow\" href=\"https:\/\/www.ivb.at\/fahrgast\/linien\/linienuebersicht\/?tx_zpivb_efattbneu[action]=directpdf&amp;tx_zpivb_efattbneu[controller]=Ttbneu&amp;tx_zpivb_efattbneu[line]=ivb:0200M:P:H:j25&amp;tx_zpivb_efattbneu[vers]=1&amp;cHash=dbe7ca10b58e911f6cd63dbe3e2d107a\" class=\"w-iconbox-link\" aria-label=\"Bulinie M (Richtung Mentlberg), Ausstieg: Chirurgie2)\"><div class=\"w-iconbox-icon\" style=\"font-size:1rem;--icon-color:#db993b;--icon-bg-color:#db993b;\"><i class=\"fas fa-bus-alt\"><\/i><\/div><\/a><div class=\"w-iconbox-meta\"><h4 class=\"w-iconbox-title\" style=\"font-size:1rem;\"><a target=\"_blank\" rel=\"nofollow\" href=\"https:\/\/www.ivb.at\/fahrgast\/linien\/linienuebersicht\/?tx_zpivb_efattbneu[action]=directpdf&amp;tx_zpivb_efattbneu[controller]=Ttbneu&amp;tx_zpivb_efattbneu[line]=ivb:0200M:P:H:j25&amp;tx_zpivb_efattbneu[vers]=1&amp;cHash=dbe7ca10b58e911f6cd63dbe3e2d107a\" class=\"w-iconbox-link\" aria-label=\"Bulinie M (Richtung Mentlberg), Ausstieg: Chirurgie2)\">Bulinie M (Richtung Mentlberg), Ausstieg: Chirurgie<sup>2)<\/sup><\/a><\/h4><\/div><\/div><div class=\"w-iconbox us_custom_412e7695 has_text_color iconpos_left style_outlined color_custom align_left no_text\"><a target=\"_blank\" rel=\"nofollow\" href=\"https:\/\/www.ivb.at\/fahrgast\/linien\/linienuebersicht\/?tx_zpivb_efattbneu[action]=directpdf&amp;tx_zpivb_efattbneu[controller]=Ttbneu&amp;tx_zpivb_efattbneu[line]=ivb:0300C:P:H:j25&amp;tx_zpivb_efattbneu[vers]=1&amp;cHash=07f0e1e563bce292398f85659a57e285\" class=\"w-iconbox-link\" aria-label=\"Buslinie C (Richtung Sieglanger), Ausstieg: Chirurgie2)\"><div class=\"w-iconbox-icon\" style=\"font-size:1rem;--icon-color:#3bc0db;--icon-bg-color:#3bc0db;\"><i class=\"fas fa-bus-alt\"><\/i><\/div><\/a><div class=\"w-iconbox-meta\"><h4 class=\"w-iconbox-title\" style=\"font-size:1rem;\"><a target=\"_blank\" rel=\"nofollow\" href=\"https:\/\/www.ivb.at\/fahrgast\/linien\/linienuebersicht\/?tx_zpivb_efattbneu[action]=directpdf&amp;tx_zpivb_efattbneu[controller]=Ttbneu&amp;tx_zpivb_efattbneu[line]=ivb:0300C:P:H:j25&amp;tx_zpivb_efattbneu[vers]=1&amp;cHash=07f0e1e563bce292398f85659a57e285\" class=\"w-iconbox-link\" aria-label=\"Buslinie C (Richtung Sieglanger), Ausstieg: Chirurgie2)\">Buslinie C (Richtung Sieglanger), Ausstieg: Chirurgie<sup>2)<\/sup><\/a><\/h4><\/div><\/div><\/div><\/div><\/div><div class=\"vc_col-sm-2\/5 wpb_column vc_column_container\"><div class=\"vc_column-inner us_custom_8c42ed40\"><div class=\"vc_column-overlay\" style=\"background:var(--color-content-faded)\"><\/div><div class=\"wpb_wrapper\"><div class=\"aio-icon-component    style_1\"><div id=\"Info-box-wrap-7865\" class=\"aio-icon-box default-icon\" style=\"\"  ><div class=\"aio-icon-header\" ><h4 class=\"aio-icon-title ult-responsive\"  data-ultimate-target='#Info-box-wrap-7865 .aio-icon-title'  data-responsive-json-new='{\"font-size\":\"\",\"line-height\":\"\"}'  style=\"\">Quicklinks<\/h4><\/div> <!-- header --><div class=\"aio-icon-description ult-responsive\"  data-ultimate-target='#Info-box-wrap-7865 .aio-icon-description'  data-responsive-json-new='{\"font-size\":\"\",\"line-height\":\"\"}'  style=\"\">&gt;&gt; <strong><a href=\"https:\/\/www.ivb.at\/fahrgast\/tickets\/uebersicht-tickets\/\" target=\"_blank\" rel=\"noopener\">\u00d6ffentlicher Nahverkehr<\/a> <\/strong>(IVB)<br \/>\n&gt;&gt; <strong><a href=\"https:\/\/www.ivb.at\/fahrgast\/mobilitaet\/stadtrad\/\" target=\"_blank\" rel=\"noopener\">Stadtrad Innsbruck<\/a> <\/strong>(powered by IVB, App n\u00f6tig)<br \/>\n&gt;&gt; <strong><a href=\"https:\/\/www.li.me\/de-at\/locations\/innsbruck\" target=\"_blank\" rel=\"noopener\">Stadt E-Scooter<\/a> <\/strong>(powered by Lime)<\/div> <!-- description --><\/div> <!-- aio-icon-box --><\/div> <!-- aio-icon-component --><\/div><\/div><\/div><\/div><\/div><\/div><\/div><\/div><\/div><\/section><section class=\"l-section wpb_row height_medium\"><div class=\"l-section-h i-cf\"><div class=\"g-cols vc_row via_flex valign_top type_default stacking_default\"><div class=\"vc_col-sm-6 wpb_column vc_column_container\"><div class=\"vc_column-inner\"><div class=\"wpb_wrapper\"><div class=\"w-slider style_none fit_scaledown nav_none count_1\"><div class=\"w-slider-h\" aria-hidden=\"true\"><div class=\"royalSlider\"><div class=\"rsContent\"><a class=\"rsImg\" data-rsw=\"858\" data-rsh=\"483\" href=\"https:\/\/tdb.my-event-manager.org\/wp-content\/uploads\/sites\/10\/2026\/04\/agnes_heller_haus_eingang.jpeg\"><span data-alt=\"\"><\/span><\/a><div class=\"rsABlock\" data-fadeEffect=\"false\" data-moveEffect=\"none\"><div class=\"w-slider-item-title\">agnes_heller_haus_eingang<\/div><\/div><\/div><\/div><img decoding=\"async\" src=\"https:\/\/tdb.my-event-manager.org\/wp-content\/uploads\/sites\/10\/2026\/04\/agnes_heller_haus_eingang.jpeg\" width=\"858\" height=\"483\" alt loading=\"lazy\"><\/div><div class=\"w-slider-json\" onclick='return {&quot;autoScaleSlider&quot;:true,&quot;addActiveClass&quot;:true,&quot;loop&quot;:true,&quot;fadeInLoadedSlide&quot;:false,&quot;slidesSpacing&quot;:0,&quot;imageScalePadding&quot;:0,&quot;numImagesToPreload&quot;:2,&quot;arrowsNav&quot;:true,&quot;arrowsNavAutoHide&quot;:false,&quot;transitionType&quot;:&quot;move&quot;,&quot;transitionSpeed&quot;:250,&quot;block&quot;:{&quot;moveEffect&quot;:&quot;none&quot;,&quot;speed&quot;:300},&quot;thumbs&quot;:{&quot;fitInViewport&quot;:false,&quot;firstMargin&quot;:false,&quot;spacing&quot;:4},&quot;controlNavigation&quot;:&quot;none&quot;,&quot;autoplay&quot;:{&quot;enabled&quot;:true,&quot;pauseOnHover&quot;:true,&quot;delay&quot;:3000},&quot;autoScaleSliderWidth&quot;:858,&quot;autoScaleSliderHeight&quot;:483}'><\/div><\/div><\/div><\/div><\/div><div class=\"vc_col-sm-6 wpb_column vc_column_container\"><div class=\"vc_column-inner\"><div class=\"wpb_wrapper\"><h4 class=\"w-text\"><span class=\"w-text-h\"><span class=\"w-text-value\">Addresse zur Tagungsanmeldung<\/span><\/span><\/h4><div class=\"wpb_text_column\"><div class=\"wpb_wrapper\"><p><code style=\"display: none;\"><\/code>&gt;&gt; <a href=\"https:\/\/maps.app.goo.gl\/nRAhTcUyNUioWdFa7\" target=\"_blank\" rel=\"noopener\">POI Link<\/a> (Google Maps)<\/p>\n<p><span class=\"lRsTH-Tswv1b-text\"><span class=\"Yr7JMd-pane-hSRGPd\">Geb\u00e4ude-No.: \u00c1gnes-Heller-Haus<\/span><\/span><br \/>\nInnrain 52<br \/>\n6020 Innsbruck<br \/>\n\u00d6sterreich<\/p>\n<p><code style=\"display: none;\">\u00a0<\/code><\/p>\n<table style=\"width: 34.825%; border-collapse: collapse;\">\n<tbody>\n<tr>\n<td style=\"width: 50%;\">Latitude:<\/td>\n<td style=\"width: 50%;\">47.26234\u00b0<\/td>\n<\/tr>\n<tr>\n<td style=\"width: 50%; border-bottom: none;\">Longitude:<\/td>\n<td style=\"width: 50%; border-bottom: none;\">11.38420\u00b0<\/td>\n<\/tr>\n<\/tbody>\n<\/table>\n<\/div><\/div><\/div><\/div><\/div><\/div><\/div><\/section><section class=\"l-section wpb_row height_auto\"><div class=\"l-section-h i-cf\"><div class=\"g-cols vc_row via_flex valign_top type_default stacking_default\"><div class=\"vc_col-sm-12 wpb_column vc_column_container\"><div class=\"vc_column-inner\"><div class=\"wpb_wrapper\"><div id=\"modal-trg-txt-wrap-8512\" class=\"ult-modal-input-wrapper ult-adjust-bottom-margin    \" data-keypress-control=\"keypress-control-enable\" data-overlay-control=\"overlay-control-enable\"><span data-class-id=\"content-69fa1270a19451-80089837\"><\/span>\n\t\t\t\t<script type=\"text\/javascript\">\n\t\t\t\t(function($){\n\t\t\t\t\t$(document).ready(function(){\n\t\t\t\t\t\tvar selector = \".who_is_agnes_heller\";\n\t\t\t\t\t\t$(selector).addClass(\"custom-ult-modal overlay-show\");\n\t\t\t\t\t\t$(selector).attr(\"data-class-id\", \"content-69fa1270a19451-80089837\");\n\t\t\t\t\t\t$(selector).attr(\"data-overlay-class\", \"overlay-fade\");\n\t\t\t\t\t\t$(selector).attr(\"data-keypress-control\", \"keypress-control-enable\");\n\t\t\t\t\t\t$(selector).attr(\"data-overlay-control\", \"overlay-control-enable\");\n\t\t\t\t\t});\n\t\t\t\t})(jQuery);\n\t\t\t\t<\/script><\/div>\n<div class=\"ult-overlay content-69fa1270a19451-80089837 \" data-class=\"content-69fa1270a19451-80089837\" id=\"button-click-overlay\" style=\"background:rgba(51,51,51,0.7); display:none;\">\n\t<div class=\"ult_modal ult-fade ult-small\">\n\t<div class=\"ult-overlay-close popup-top-right\" style=\"width:20px;height:20px;  \"><div class=\"ult-overlay-close-inside\">Close<\/div><\/div>\n\t\t<div id=\"ult-modal-wrap-4375\" class=\"ult_modal-content ult-hide\" style=\"border-style:solid;border-width:2px;border-radius:0px;border-color:#333333;\">\n\t\t\t<div class=\"ult_modal-header\" style=\"color:#017E8C;border-color:#333333;\">\n\t\t\t\t<h3  data-ultimate-target='#ult-modal-wrap-4375 .ult_modal-title'  data-responsive-json-new='{\"font-size\":\"\",\"line-height\":\"\"}'  class=\"ult_modal-title ult-responsive\">Wer war \u00c1gnes Heller?<\/h3>\n\t\t\t<\/div>\n\t\t\t<div  data-ultimate-target='#ult-modal-wrap-4375 .ult_modal-body'  data-responsive-json-new='{\"font-size\":\"\",\"line-height\":\"\"}'  class=\"ult_modal-body ult-responsive ult-html\" style=\"color:#017E8C;\">\n\t\t\t\n<p style=\"text-align: justify;\"><img decoding=\"async\" class=\"alignright wp-image-617 size-medium\" src=\"https:\/\/tdb.my-event-manager.org\/wp-content\/uploads\/sites\/10\/2026\/04\/800px-Agnes_Heller_Goteborg_Book_Fair_2015.jpg\" alt=\"\" width=\"240\" height=\"300\" \/><\/p>\n<p data-start=\"0\" data-end=\"532\">Das Geb\u00e4ude ist nach der ungarischen Philosophin <a href=\"https:\/\/de.wikipedia.org\/wiki\/\u00c1gnes_Heller\" target=\"_blank\" rel=\"noopener\">\u00c1gnes Heller<\/a> benannt, die 2015 von der Universit\u00e4t Innsbruck mit der Ehrendoktorw\u00fcrde ausgezeichnet wurde und im Sommer 2019 verstarb. Geboren 1929 in Budapest, \u00fcberlebte sie als Kind j\u00fcdischer Eltern den NS-Terror in Ungarn. Inspiriert von einer Vorlesung des marxistischen Philosophen <span class=\"hover:entity-accent entity-underline inline cursor-pointer align-baseline\"><span class=\"whitespace-normal\">Georg Luk\u00e1cs<\/span><\/span> entschied sie sich f\u00fcr ein Philosophiestudium und widmete ihre wissenschaftliche Arbeit insbesondere den Themen Leben und Freiheit.<\/p>\n<p data-start=\"534\" data-end=\"685\" data-is-last-node=\"\" data-is-only-node=\"\">Mit dem \u00c1gnes-Heller-Haus wird ihr Verm\u00e4chtnis gew\u00fcrdigt \u2013 zugleich ist es das erste Universit\u00e4tsgeb\u00e4ude in Innsbruck, das nach einer Frau benannt ist.<\/p>\n\n\t\t\t<\/div>\n\t<\/div>\n\t<\/div>\n<\/div><\/div><\/div><\/div><\/div><\/div><\/section>\n","protected":false},"excerpt":{"rendered":"VeranstaltungsortDas \u00c1gnes Heller HausDer KonferenzortDie &#8220;Tage der Biodiversit\u00e4t&#8221; werde am Campus der Leopold-Franzens-Universit\u00e4t stattfinden, der im nordwestlichen Teil Innsbrucks liegt und dennoch bequem nahe am Stadtzentrum erreichbar ist. Die Tagung findet im neuesten und modernsten Geb\u00e4ude der Universit\u00e4t statt, dem \u00c1gnes-Heller Haus, das im Jahr 2023 fertiggestellt wurde. Dieses hochmoderne Geb\u00e4ude verf\u00fcgt \u00fcber moderne Veranstaltungsr\u00e4ume...","protected":false},"author":1,"featured_media":0,"parent":0,"menu_order":0,"comment_status":"closed","ping_status":"closed","template":"","meta":{"_acf_changed":false,"rs_blank_template":"","rs_page_bg_color":"","slide_template_v7":"","footnotes":""},"event-name":[],"event-type":[],"class_list":["post-120","page","type-page","status-publish","hentry"],"acf":[],"_links":{"self":[{"href":"https:\/\/tdb.my-event-manager.org\/en\/wp-json\/wp\/v2\/pages\/120","targetHints":{"allow":["GET"]}}],"collection":[{"href":"https:\/\/tdb.my-event-manager.org\/en\/wp-json\/wp\/v2\/pages"}],"about":[{"href":"https:\/\/tdb.my-event-manager.org\/en\/wp-json\/wp\/v2\/types\/page"}],"author":[{"embeddable":true,"href":"https:\/\/tdb.my-event-manager.org\/en\/wp-json\/wp\/v2\/users\/1"}],"replies":[{"embeddable":true,"href":"https:\/\/tdb.my-event-manager.org\/en\/wp-json\/wp\/v2\/comments?post=120"}],"version-history":[{"count":0,"href":"https:\/\/tdb.my-event-manager.org\/en\/wp-json\/wp\/v2\/pages\/120\/revisions"}],"wp:attachment":[{"href":"https:\/\/tdb.my-event-manager.org\/en\/wp-json\/wp\/v2\/media?parent=120"}],"wp:term":[{"taxonomy":"event-name","embeddable":true,"href":"https:\/\/tdb.my-event-manager.org\/en\/wp-json\/wp\/v2\/event-name?post=120"},{"taxonomy":"event-type","embeddable":true,"href":"https:\/\/tdb.my-event-manager.org\/en\/wp-json\/wp\/v2\/event-type?post=120"}],"curies":[{"name":"wp","href":"https:\/\/api.w.org\/{rel}","templated":true}]}}