{"id":119,"date":"2025-11-05T08:21:15","date_gmt":"2025-11-05T08:21:15","guid":{"rendered":"https:\/\/rmc2026.my-event-manager.org\/?page_id=860"},"modified":"2026-04-20T19:07:24","modified_gmt":"2026-04-20T19:07:24","slug":"sustainability","status":"publish","type":"page","link":"https:\/\/tdb.my-event-manager.org\/en\/sustainability\/","title":{"rendered":"Sustainability"},"content":{"rendered":"<section data-ios-fixed-bg class=\"l-section wpb_row us_custom_b7fafed7 height_auto color_alternate\"><div class=\"l-section-overlay\" style=\"background:var(--color-site-primary-color-alpha)\"><\/div><div class=\"l-section-h i-cf\"><div class=\"g-cols vc_row via_flex valign_middle type_default stacking_default\"><div class=\"vc_col-sm-12 wpb_column vc_column_container\"><div class=\"vc_column-inner\"><div class=\"wpb_wrapper\"><div class=\"w-vwrapper align_none valign_middle us_custom_cd94f1ff\" style=\"--vwrapper-gap:0rem\"><h2 class=\"w-text us_custom_58b1af09\"><span class=\"w-text-h\"><span class=\"w-text-value\">Nachhaltigkeits-Strategie<\/span><\/span><\/h2><div class=\"w-iconbox us_custom_0ec55888 iconpos_left style_default color_contrast align_left no_text\"><a target=\"_blank\" rel=\"nofollow\" href=\"https:\/\/safesearch.pixabay.com\/cs\/users\/maricastro-961197\/?utm_source=link-attribution&amp;utm_medium=referral&amp;utm_campaign=image&amp;utm_content=2014191\" class=\"w-iconbox-link\" aria-label=\"by Mari Castro via Pixabay\"><div class=\"w-iconbox-icon\" style=\"font-size:0.6rem;\"><i class=\"fas fa-copyright\"><\/i><\/div><\/a><div class=\"w-iconbox-meta\"><span class=\"w-iconbox-title\" style=\"font-size:0.6rem;\"><a target=\"_blank\" rel=\"nofollow\" href=\"https:\/\/safesearch.pixabay.com\/cs\/users\/maricastro-961197\/?utm_source=link-attribution&amp;utm_medium=referral&amp;utm_campaign=image&amp;utm_content=2014191\" class=\"w-iconbox-link\" aria-label=\"by Mari Castro via Pixabay\">by Mari Castro via Pixabay<\/a><\/span><\/div><\/div><\/div><\/div><\/div><\/div><\/div><\/div><\/section><section class=\"l-section wpb_row height_small\"><div class=\"l-section-h i-cf\"><div class=\"g-cols vc_row via_flex valign_top type_default stacking_default\"><div class=\"vc_col-sm-12 wpb_column vc_column_container\"><div class=\"vc_column-inner\"><div class=\"wpb_wrapper\"><h2 class=\"w-text us_custom_58b1af09\"><span class=\"w-text-h\"><span class=\"w-text-value\">Packen wir&#8217;s an<\/span><\/span><\/h2><div class=\"w-separator size_custom with_line width_30 thick_2 style_solid color_border align_center\" style=\"height:\"><div class=\"w-separator-h\"><\/div><\/div><div class=\"w-separator size_custom\" style=\"height:\"><\/div><div class=\"wpb_text_column\"><div class=\"wpb_wrapper\"><p>Das <strong>Organisationskomitee<\/strong> ist bestrebt, den \u00f6kologischen Fu\u00dfabdruck der Tagung so weit wie m\u00f6glich zu reduzieren. Uns ist bewusst, dass Veranstaltungen dieser Art unvermeidlich mit Emissionen verbunden sind \u2013 dennoch k\u00f6nnen wir gemeinsam einen Unterschied machen. Durch bewusstes und verantwortungsvolles Handeln kann jede:r Teilnehmende dazu beitragen, die Auswirkungen der Veranstaltung so gering wie m\u00f6glich zu halten und gleichzeitig einen wertvollen Austausch und Zusammenarbeit im Herzen der Alpen zu erm\u00f6glichen.<\/p>\n<\/div><\/div><\/div><\/div><\/div><\/div><\/div><\/section><section class=\"l-section wpb_row height_small\"><div class=\"l-section-h i-cf\"><div class=\"g-cols vc_row via_flex valign_top type_default stacking_default\"><div class=\"vc_col-sm-12 wpb_column vc_column_container\"><div class=\"vc_column-inner\"><div class=\"wpb_wrapper\"><h2 class=\"w-text us_custom_58b1af09\"><span class=\"w-text-h\"><span class=\"w-text-value\">Mobilit\u00e4t<\/span><\/span><\/h2><div class=\"w-separator size_custom with_line width_30 thick_2 style_solid color_border align_center\" style=\"height:\"><div class=\"w-separator-h\"><\/div><\/div><div class=\"w-separator size_custom\" style=\"height:\"><\/div><h4 class=\"w-text us_custom_58b1af09\"><span class=\"w-text-h\"><span class=\"w-text-value\">\u201eNachhaltige Verkehrssysteme f\u00f6rdern\u201c<\/span><\/span><\/h4><\/div><\/div><\/div><\/div><\/div><\/section><section class=\"l-section wpb_row height_small color_alternate\"><div class=\"l-section-overlay\" style=\"background:var(--color-site-primary-color-alpha)\"><\/div><div class=\"l-section-h i-cf\"><div class=\"g-cols vc_row via_flex valign_top type_boxes stacking_default\"><div class=\"vc_col-sm-6 vc_col-md-3 wpb_column vc_column_container has_bg_color\"><div class=\"vc_column-inner us_custom_b055bcf5\"><div class=\"wpb_wrapper\"><div class=\"w-iconbox iconpos_top style_circle color_primary align_center\"><div class=\"w-iconbox-icon\" style=\"font-size:1.3rem;\"><i class=\"fas fa-medal\"><\/i><\/div><div class=\"w-iconbox-meta\"><h5 class=\"w-iconbox-title\" style=\"font-size:1rem;\">Bewerbung<\/h5><div class=\"w-iconbox-text\"><p>Anreize f\u00fcr nachhaltige Verkehrsmittelnutzung durch unseren Webauftritt.<br \/>\nAlternativen aufzeigen!<\/p>\n<\/div><\/div><\/div><\/div><\/div><\/div><div class=\"vc_col-sm-6 vc_col-md-3 wpb_column vc_column_container has_bg_color\"><div class=\"vc_column-inner us_custom_3eb40891\"><div class=\"wpb_wrapper\"><div class=\"w-iconbox iconpos_top style_circle color_primary align_center\"><div class=\"w-iconbox-icon\" style=\"font-size:1.3rem;\"><i class=\"fas fa-bus\"><\/i><\/div><div class=\"w-iconbox-meta\"><h5 class=\"w-iconbox-title\" style=\"font-size:1rem;\">\u00d6PNV inkludiert<\/h5><div class=\"w-iconbox-text\"><p>Konferenzteilnehmer k\u00f6nnen den \u00d6PNV am Veranstaltungsort gratis ben\u00fctzen<\/p>\n<\/div><\/div><\/div><\/div><\/div><\/div><div class=\"vc_col-sm-6 vc_col-md-3 wpb_column vc_column_container has_bg_color\"><div class=\"vc_column-inner us_custom_3eb40891\"><div class=\"wpb_wrapper\"><div class=\"w-iconbox iconpos_top style_circle color_primary align_center\"><div class=\"w-iconbox-icon\" style=\"font-size:1.3rem;\"><i class=\"fas fa-biking\"><\/i><\/div><div class=\"w-iconbox-meta\"><h5 class=\"w-iconbox-title\" style=\"font-size:1rem;\">Kurze Distanzen<\/h5><div class=\"w-iconbox-text\"><p>Die\/Der Veranstaltungsort(e) liegen sehr zentral und sind von vielen Hotels aus in nur wenigen Gehminuten erreichbar.<\/p>\n<\/div><\/div><\/div><\/div><\/div><\/div><div class=\"vc_col-sm-6 vc_col-md-3 wpb_column vc_column_container\"><div class=\"vc_column-inner\"><div class=\"wpb_wrapper\"><\/div><\/div><\/div><\/div><\/div><\/section><!-- Row Backgrounds --><div class=\"upb_bg_img\" data-ultimate-bg=\"url(https:\/\/my-event-manager.org\/wp-content\/uploads\/2026\/04\/bus_sustainability.jpg.webp)\" data-image-id=\"id^1503|url^https:\/\/my-event-manager.org\/wp-content\/uploads\/2026\/04\/bus_sustainability.jpg.webp|caption^null|alt^null|title^bus_sustainability.jpg|description^null\" data-ultimate-bg-style=\"vcpb-vz-jquery\" data-bg-img-repeat=\"repeat\" data-bg-img-size=\"initial\" data-bg-img-position=\"\" data-parallx_sense=\"40\" data-bg-override=\"1\" data-bg_img_attach=\"scroll\" data-upb-overlay-color=\"\" data-upb-bg-animation=\"\" data-fadeout=\"\" data-bg-animation=\"left-animation\" data-bg-animation-type=\"h\" data-animation-repeat=\"repeat\" data-fadeout-percentage=\"30\" data-parallax-content=\"\" data-parallax-content-sense=\"30\" data-row-effect-mobile-disable=\"true\" data-img-parallax-mobile-disable=\"false\" data-rtl=\"false\"  data-custom-vc-row=\"\"  data-vc=\"8.7.2\"  data-is_old_vc=\"\"  data-theme-support=\"\"   data-overlay=\"false\" data-overlay-color=\"\" data-overlay-pattern=\"\" data-overlay-pattern-opacity=\"\" data-overlay-pattern-size=\"\"    ><\/div><section class=\"l-section wpb_row height_small\"><div class=\"l-section-h i-cf\"><div class=\"g-cols vc_row via_flex valign_top type_default stacking_default\"><div class=\"vc_col-sm-12 wpb_column vc_column_container\"><div class=\"vc_column-inner\"><div class=\"wpb_wrapper\"><h2 class=\"w-text us_custom_58b1af09\"><span class=\"w-text-h\"><span class=\"w-text-value\">Verpflegung und Abf\u00e4lle<\/span><\/span><\/h2><div class=\"w-separator size_custom with_line width_30 thick_2 style_solid color_border align_center\" style=\"height:\"><div class=\"w-separator-h\"><\/div><\/div><div class=\"w-separator size_custom\" style=\"height:\"><\/div><h4 class=\"w-text us_custom_58b1af09\"><span class=\"w-text-h\"><span class=\"w-text-value\">&#8220;Nachhaltiges Essen schmeckt besser! Weniger ist mehr!&#8221;<\/span><\/span><\/h4><\/div><\/div><\/div><\/div><\/div><\/section><section class=\"l-section wpb_row height_small color_alternate\"><div class=\"l-section-overlay\" style=\"background:var(--color-site-primary-color-alpha)\"><\/div><div class=\"l-section-h i-cf\"><div class=\"g-cols vc_row via_flex valign_top type_boxes stacking_default\"><div class=\"vc_col-sm-6 vc_col-md-1\/5 wpb_column vc_column_container has_bg_color\"><div class=\"vc_column-inner us_custom_b055bcf5\"><div class=\"wpb_wrapper\"><div class=\"w-iconbox iconpos_top style_circle color_primary align_center\"><div class=\"w-iconbox-icon\" style=\"font-size:1.3rem;\"><i class=\"fas fa-pot-food\"><\/i><\/div><div class=\"w-iconbox-meta\"><h5 class=\"w-iconbox-title\" style=\"font-size:1rem;\">Lokale und saisonale Lebensmittel<\/h5><div class=\"w-iconbox-text\"><p><span>Auf unserer Speisekarte stehen lokale und saisonale Produkte<\/span><\/p>\n<\/div><\/div><\/div><\/div><\/div><\/div><div class=\"vc_col-sm-6 vc_col-md-1\/5 wpb_column vc_column_container has_bg_color\"><div class=\"vc_column-inner us_custom_3eb40891\"><div class=\"wpb_wrapper\"><div class=\"w-iconbox iconpos_top style_circle color_primary align_center\"><div class=\"w-iconbox-icon\" style=\"font-size:1.3rem;\"><i class=\"fas fa-salad\"><\/i><\/div><div class=\"w-iconbox-meta\"><h5 class=\"w-iconbox-title\" style=\"font-size:1rem;\">Vegetarische Alternative<\/h5><div class=\"w-iconbox-text\"><p>All unsere Mittagsmen\u00fcs sind vegetarisch<\/p>\n<\/div><\/div><\/div><\/div><\/div><\/div><div class=\"vc_col-sm-6 vc_col-md-1\/5 wpb_column vc_column_container has_bg_color\"><div class=\"vc_column-inner us_custom_3eb40891\"><div class=\"wpb_wrapper\"><div class=\"w-iconbox iconpos_top style_circle color_primary align_center\"><div class=\"w-iconbox-icon\" style=\"font-size:1.3rem;\"><i class=\"fas fa-globe-europe\"><\/i><\/div><div class=\"w-iconbox-meta\"><h5 class=\"w-iconbox-title\" style=\"font-size:1rem;\">Fair Trade<\/h5><div class=\"w-iconbox-text\"><p>In unseren Lebensmitteln steckt Fair Trade<\/p>\n<\/div><\/div><\/div><\/div><\/div><\/div><div class=\"vc_col-sm-6 vc_col-md-1\/5 wpb_column vc_column_container has_bg_color\"><div class=\"vc_column-inner us_custom_3eb40891\"><div class=\"wpb_wrapper\"><div class=\"w-iconbox iconpos_top style_circle color_primary align_center\"><div class=\"w-iconbox-icon\" style=\"font-size:1.3rem;\"><i class=\"fas fa-utensils\"><\/i><\/div><div class=\"w-iconbox-meta\"><h5 class=\"w-iconbox-title\" style=\"font-size:1rem;\">Keine Einwegprodukte<\/h5><div class=\"w-iconbox-text\"><p>Wir ben\u00fctzen nur abwaschbares Geschirr<\/p>\n<\/div><\/div><\/div><\/div><\/div><\/div><div class=\"vc_col-sm-6 vc_col-md-1\/5 wpb_column vc_column_container has_bg_color\"><div class=\"vc_column-inner us_custom_3eb40891\"><div class=\"wpb_wrapper\"><div class=\"w-iconbox iconpos_top style_circle color_primary align_center\"><div class=\"w-iconbox-icon\" style=\"font-size:1.3rem;\"><i class=\"fas fa-trash\"><\/i><\/div><div class=\"w-iconbox-meta\"><h5 class=\"w-iconbox-title\" style=\"font-size:1rem;\">M\u00fclltrennung<\/h5><div class=\"w-iconbox-text\"><p>Wir trennen M\u00fcll mit System und jeder ist angehalten hier mitzuwirken<\/p>\n<\/div><\/div><\/div><\/div><\/div><\/div><\/div><\/div><\/section><!-- Row Backgrounds --><div class=\"upb_bg_img\" data-ultimate-bg=\"url(https:\/\/my-event-manager.org\/wp-content\/uploads\/2026\/04\/food_sustainability.jpg.webp)\" data-image-id=\"id^1506|url^https:\/\/my-event-manager.org\/wp-content\/uploads\/2026\/04\/food_sustainability.jpg.webp|caption^null|alt^null|title^food_sustainability.jpg|description^null\" data-ultimate-bg-style=\"vcpb-vz-jquery\" data-bg-img-repeat=\"repeat\" data-bg-img-size=\"initial\" data-bg-img-position=\"\" data-parallx_sense=\"40\" data-bg-override=\"1\" data-bg_img_attach=\"scroll\" data-upb-overlay-color=\"\" data-upb-bg-animation=\"\" data-fadeout=\"\" data-bg-animation=\"left-animation\" data-bg-animation-type=\"h\" data-animation-repeat=\"repeat\" data-fadeout-percentage=\"30\" data-parallax-content=\"\" data-parallax-content-sense=\"30\" data-row-effect-mobile-disable=\"true\" data-img-parallax-mobile-disable=\"false\" data-rtl=\"false\"  data-custom-vc-row=\"\"  data-vc=\"8.7.2\"  data-is_old_vc=\"\"  data-theme-support=\"\"   data-overlay=\"false\" data-overlay-color=\"\" data-overlay-pattern=\"\" data-overlay-pattern-opacity=\"\" data-overlay-pattern-size=\"\"    ><\/div><section class=\"l-section wpb_row height_small\"><div class=\"l-section-h i-cf\"><div class=\"g-cols vc_row via_flex valign_top type_default stacking_default\"><div class=\"vc_col-sm-12 wpb_column vc_column_container\"><div class=\"vc_column-inner\"><div class=\"wpb_wrapper\"><h2 class=\"w-text us_custom_58b1af09\"><span class=\"w-text-h\"><span class=\"w-text-value\">Soziale Verantwortung<\/span><\/span><\/h2><div class=\"w-separator size_custom with_line width_30 thick_2 style_solid color_border align_center\" style=\"height:\"><div class=\"w-separator-h\"><\/div><\/div><div class=\"w-separator size_custom\" style=\"height:\"><\/div><h4 class=\"w-text us_custom_58b1af09\"><span class=\"w-text-h\"><span class=\"w-text-value\">&#8220;Jeder Mensch ist individuell&#8221;<\/span><\/span><\/h4><\/div><\/div><\/div><\/div><\/div><\/section><section class=\"l-section wpb_row height_small color_alternate\"><div class=\"l-section-overlay\" style=\"background:var(--color-site-primary-color-alpha)\"><\/div><div class=\"l-section-h i-cf\"><div class=\"g-cols vc_row via_flex valign_top type_boxes stacking_default\"><div class=\"vc_col-sm-6 vc_col-md-1\/5 wpb_column vc_column_container has_bg_color\"><div class=\"vc_column-inner us_custom_b055bcf5\"><div class=\"wpb_wrapper\"><div class=\"w-iconbox iconpos_top style_circle color_primary align_center\"><div class=\"w-iconbox-icon\" style=\"font-size:1.3rem;\"><i class=\"fas fa-users\"><\/i><\/div><div class=\"w-iconbox-meta\"><h5 class=\"w-iconbox-title\" style=\"font-size:1rem;\">Menschen vereinen<\/h5><div class=\"w-iconbox-text\"><p>Finanzielle Unterst\u00fctzung f\u00fcr finanzschwache Studierende<\/p>\n<\/div><\/div><\/div><\/div><\/div><\/div><div class=\"vc_col-sm-6 vc_col-md-1\/5 wpb_column vc_column_container has_bg_color\"><div class=\"vc_column-inner us_custom_3eb40891\"><div class=\"wpb_wrapper\"><div class=\"w-iconbox iconpos_top style_circle color_primary align_center\"><div class=\"w-iconbox-icon\" style=\"font-size:1.3rem;\"><i class=\"fas fa-hotel\"><\/i><\/div><div class=\"w-iconbox-meta\"><h5 class=\"w-iconbox-title\" style=\"font-size:1rem;\">G\u00fcnstige Unterk\u00fcnfte<\/h5><div class=\"w-iconbox-text\"><p>Ein Unterkunftskontingent mit g\u00fcnstigen Konditionen steht limitiert zur Verf\u00fcgung<\/p>\n<\/div><\/div><\/div><\/div><\/div><\/div><div class=\"vc_col-sm-6 vc_col-md-1\/5 wpb_column vc_column_container has_bg_color\"><div class=\"vc_column-inner us_custom_3eb40891\"><div class=\"wpb_wrapper\"><div class=\"w-iconbox iconpos_top style_circle color_primary align_center\"><div class=\"w-iconbox-icon\" style=\"font-size:1.3rem;\"><i class=\"fas fa-sun\"><\/i><\/div><div class=\"w-iconbox-meta\"><h5 class=\"w-iconbox-title\" style=\"font-size:1rem;\">M\u00f6glichkeiten schaffen<\/h5><div class=\"w-iconbox-text\"><p>Wir unterst\u00fctzen pro-aktiv die Teilnahme von Nachwuchs-wissenschafterInnen<\/p>\n<\/div><\/div><\/div><\/div><\/div><\/div><div class=\"vc_col-sm-6 vc_col-md-1\/5 wpb_column vc_column_container has_bg_color\"><div class=\"vc_column-inner us_custom_3eb40891\"><div class=\"wpb_wrapper\"><div class=\"w-iconbox iconpos_top style_circle color_primary align_center\"><div class=\"w-iconbox-icon\" style=\"font-size:1.3rem;\"><i class=\"fas fa-wheelchair\"><\/i><\/div><div class=\"w-iconbox-meta\"><h5 class=\"w-iconbox-title\" style=\"font-size:1rem;\">Barrierefreiheit<\/h5><div class=\"w-iconbox-text\"><p>Der Veranstaltungsort ist barrierefrei zug\u00e4nglich und ein Hilfsteam steht Vor-Ort zur Verf\u00fcgung<\/p>\n<\/div><\/div><\/div><\/div><\/div><\/div><div class=\"vc_col-sm-6 vc_col-md-1\/5 wpb_column vc_column_container has_bg_color\"><div class=\"vc_column-inner us_custom_3eb40891\"><div class=\"wpb_wrapper\"><div class=\"w-iconbox iconpos_top style_circle color_primary align_center\"><div class=\"w-iconbox-icon\" style=\"font-size:1.3rem;\"><i class=\"fas fa-child\"><\/i><\/div><div class=\"w-iconbox-meta\"><h5 class=\"w-iconbox-title\" style=\"font-size:1rem;\">Kinderbetreuung<\/h5><div class=\"w-iconbox-text\"><p>ist w\u00e4hrend der Veranstaltung nach Anmeldung kostenlos verf\u00fcgbar<\/p>\n<\/div><\/div><\/div><\/div><\/div><\/div><\/div><\/div><\/section><!-- Row Backgrounds --><div class=\"upb_bg_img\" data-ultimate-bg=\"url(https:\/\/my-event-manager.org\/wp-content\/uploads\/2026\/04\/social_responsibility_sustainability.jpg.webp)\" data-image-id=\"id^1505|url^https:\/\/my-event-manager.org\/wp-content\/uploads\/2026\/04\/social_responsibility_sustainability.jpg.webp|caption^null|alt^null|title^social_responsibility_sustainability.jpg|description^null\" data-ultimate-bg-style=\"vcpb-vz-jquery\" data-bg-img-repeat=\"repeat\" data-bg-img-size=\"initial\" data-bg-img-position=\"\" data-parallx_sense=\"40\" data-bg-override=\"1\" data-bg_img_attach=\"scroll\" data-upb-overlay-color=\"\" data-upb-bg-animation=\"\" data-fadeout=\"\" data-bg-animation=\"left-animation\" data-bg-animation-type=\"h\" data-animation-repeat=\"repeat\" data-fadeout-percentage=\"30\" data-parallax-content=\"\" data-parallax-content-sense=\"30\" data-row-effect-mobile-disable=\"true\" data-img-parallax-mobile-disable=\"false\" data-rtl=\"false\"  data-custom-vc-row=\"\"  data-vc=\"8.7.2\"  data-is_old_vc=\"\"  data-theme-support=\"\"   data-overlay=\"false\" data-overlay-color=\"\" data-overlay-pattern=\"\" data-overlay-pattern-opacity=\"\" data-overlay-pattern-size=\"\"    ><\/div>\n","protected":false},"excerpt":{"rendered":"Nachhaltigkeits-Strategieby Mari Castro via PixabayPacken wir&#8217;s anDas Organisationskomitee ist bestrebt, den \u00f6kologischen Fu\u00dfabdruck der Tagung so weit wie m\u00f6glich zu reduzieren. Uns ist bewusst, dass Veranstaltungen dieser Art unvermeidlich mit Emissionen verbunden sind \u2013 dennoch k\u00f6nnen wir gemeinsam einen Unterschied machen. Durch bewusstes und verantwortungsvolles Handeln kann jede:r Teilnehmende dazu beitragen, die Auswirkungen der Veranstaltung...","protected":false},"author":1,"featured_media":1501,"parent":0,"menu_order":0,"comment_status":"closed","ping_status":"closed","template":"","meta":{"_acf_changed":false,"rs_blank_template":"","rs_page_bg_color":"","slide_template_v7":"","footnotes":""},"event-name":[],"event-type":[],"class_list":["post-119","page","type-page","status-publish","has-post-thumbnail","hentry"],"acf":[],"_links":{"self":[{"href":"https:\/\/tdb.my-event-manager.org\/en\/wp-json\/wp\/v2\/pages\/119","targetHints":{"allow":["GET"]}}],"collection":[{"href":"https:\/\/tdb.my-event-manager.org\/en\/wp-json\/wp\/v2\/pages"}],"about":[{"href":"https:\/\/tdb.my-event-manager.org\/en\/wp-json\/wp\/v2\/types\/page"}],"author":[{"embeddable":true,"href":"https:\/\/tdb.my-event-manager.org\/en\/wp-json\/wp\/v2\/users\/1"}],"replies":[{"embeddable":true,"href":"https:\/\/tdb.my-event-manager.org\/en\/wp-json\/wp\/v2\/comments?post=119"}],"version-history":[{"count":0,"href":"https:\/\/tdb.my-event-manager.org\/en\/wp-json\/wp\/v2\/pages\/119\/revisions"}],"wp:featuredmedia":[{"embeddable":true,"href":"https:\/\/tdb.my-event-manager.org\/en\/wp-json\/wp\/v2\/media\/1501"}],"wp:attachment":[{"href":"https:\/\/tdb.my-event-manager.org\/en\/wp-json\/wp\/v2\/media?parent=119"}],"wp:term":[{"taxonomy":"event-name","embeddable":true,"href":"https:\/\/tdb.my-event-manager.org\/en\/wp-json\/wp\/v2\/event-name?post=119"},{"taxonomy":"event-type","embeddable":true,"href":"https:\/\/tdb.my-event-manager.org\/en\/wp-json\/wp\/v2\/event-type?post=119"}],"curies":[{"name":"wp","href":"https:\/\/api.w.org\/{rel}","templated":true}]}}