{"id":118,"date":"2025-11-15T22:40:38","date_gmt":"2025-11-15T21:40:38","guid":{"rendered":"https:\/\/rmc2026.my-event-manager.org\/?page_id=2138"},"modified":"2026-04-17T09:52:39","modified_gmt":"2026-04-17T09:52:39","slug":"abstract","status":"publish","type":"page","link":"https:\/\/tdb.my-event-manager.org\/en\/submission\/abstract\/","title":{"rendered":"Abstract"},"content":{"rendered":"<section class=\"l-section wpb_row height_small\"><div class=\"l-section-h i-cf\"><div class=\"g-cols vc_row via_flex valign_top type_default stacking_default\"><div class=\"vc_col-sm-12 wpb_column vc_column_container\"><div class=\"vc_column-inner\"><div class=\"wpb_wrapper\"><h2 class=\"w-text us_custom_9de87d4e\"><span class=\"w-text-h\"><span class=\"w-text-value\">Einreichung eines Abstracts<\/span><\/span><\/h2><div class=\"w-separator size_custom with_line width_default thick_2 style_solid color_border align_center\" style=\"height:\"><div class=\"w-separator-h\"><\/div><\/div><\/div><\/div><\/div><\/div><\/div><\/section><section class=\"l-section wpb_row us_custom_a43c664e has_text_color height_auto\"><div class=\"l-section-h i-cf\"><div class=\"g-cols vc_row via_flex valign_top type_default\"><div class=\"vc_col-sm-6 wpb_column vc_column_container has_bg_color\"><div class=\"vc_column-inner us_custom_d9e9a0ea\"><div class=\"wpb_wrapper\"><div class=\"w-iconbox hide_on_mobiles iconpos_top style_outlined color_custom align_center\"><div class=\"w-iconbox-icon\" style=\"font-size:1rem;--icon-color:#ffffff;--icon-bg-color:var(--color-site-third-color);\"><i class=\"fas fa-circle-check\"><\/i><\/div><div class=\"w-iconbox-meta\"><h4 class=\"w-iconbox-title\" style=\"font-size:1rem;\">Start: Einreichung<\/h4><div class=\"w-iconbox-text\"><p>Jun. 15 2026 00:00<\/p>\n<\/div><\/div><\/div><div class=\"w-iconbox hide_on_default hide_on_laptops hide_on_tablets iconpos_left style_outlined color_custom align_left\"><div class=\"w-iconbox-icon\" style=\"font-size:1rem;--icon-color:#ffffff;--icon-bg-color:var(--color-site-third-color);\"><i class=\"fas fa-circle-check\"><\/i><\/div><div class=\"w-iconbox-meta\"><h4 class=\"w-iconbox-title\" style=\"font-size:1rem;\">Start: Einreichung<\/h4><div class=\"w-iconbox-text\"><p>Jun. 15 2026 00:00<\/p>\n<\/div><\/div><\/div><\/div><\/div><\/div><div class=\"vc_col-sm-6 wpb_column vc_column_container has_bg_color\"><div class=\"vc_column-inner us_custom_783e5a56\"><div class=\"wpb_wrapper\"><div class=\"w-iconbox hide_on_mobiles iconpos_top style_outlined color_custom align_center\"><div class=\"w-iconbox-icon\" style=\"font-size:1rem;--icon-color:#ffffff;--icon-bg-color:var(--color-site-third-color);\"><i class=\"fas fa-circle-x\"><\/i><\/div><div class=\"w-iconbox-meta\"><h4 class=\"w-iconbox-title\" style=\"font-size:1rem;\">Ende: Einreichung<\/h4><div class=\"w-iconbox-text\"><p>Sep. 08, 2026 23:59<\/p>\n<\/div><\/div><\/div><div class=\"w-iconbox hide_on_default hide_on_laptops hide_on_tablets iconpos_left style_outlined color_custom align_left\"><div class=\"w-iconbox-icon\" style=\"font-size:1rem;--icon-color:#ffffff;--icon-bg-color:var(--color-site-third-color);\"><i class=\"fas fa-circle-x\"><\/i><\/div><div class=\"w-iconbox-meta\"><h4 class=\"w-iconbox-title\" style=\"font-size:1rem;\">Ende: Einreichung<\/h4><div class=\"w-iconbox-text\"><p>Sep. 08, 2026 23:59<\/p>\n<\/div><\/div><\/div><\/div><\/div><\/div><\/div><\/div><\/section><section class=\"l-section wpb_row height_small\"><div class=\"l-section-h i-cf\"><div class=\"g-cols vc_row via_flex valign_top type_default stacking_default\"><div class=\"vc_col-sm-12 wpb_column vc_column_container\"><div class=\"vc_column-inner\"><div class=\"wpb_wrapper\"><div class=\"wpb_text_column us_custom_432d3f53\"><div class=\"wpb_wrapper\"><p data-start=\"96\" data-end=\"519\">Vielen Dank f\u00fcr Ihr Interesse, ein Abstract f\u00fcr die Konferenz einzureichen. Als Einreichende:r eines Abstracts beachten Sie bitte einige wichtige Punkte, um einen reibungslosen und erfolgreichen Einreichungsprozess zu gew\u00e4hrleisten. Alle Abstracts m\u00fcssen ausschlie\u00dflich \u00fcber das <strong data-start=\"343\" data-end=\"375\">Conference Submission System<\/strong> eingereicht werden. Das bedeutet, dass Sie ein <a href=\"\/my-conf\/login\" target=\"_blank\" rel=\"noopener\"><strong data-start=\"405\" data-end=\"424\">My#Conf-Konto<\/strong><\/a> ben\u00f6tigen und Ihr Abstract <strong data-start=\"458\" data-end=\"481\">vor Ablauf der Frist<\/strong> einreichen m\u00fcssen, um in den Begutachtungsprozess aufgenommen zu werden.<\/p>\n<p data-start=\"96\" data-end=\"519\">Alle <strong>Sessions<\/strong>, f\u00fcr die Sie Abstracts einreichen k\u00f6nnen, finden Sie <strong><a href=\"\/program\/sessions\/\">in der Session-\u00dcbersicht<\/a>. <\/strong><\/p>\n<p data-start=\"96\" data-end=\"519\">Mit der Einreichung eines Abstracts erhalten Sie den <strong data-start=\"567\" data-end=\"586\">Author-Status<\/strong>, der mit bestimmten Verantwortlichkeiten verbunden ist.<\/p>\n<\/div><\/div><div class=\"w-separator size_custom\" style=\"height:\"><\/div><div class=\"w-btn-wrapper align_center\"><a class=\"w-btn us-btn-style_1\" target=\"_blank\" rel=\"nofollow\" href=\"\/guidelines\/abstracts\"><span class=\"w-btn-label\">Hier geht&#8217;s zu den Abstract Richtlinien<\/span><\/a><\/div><\/div><\/div><\/div><\/div><\/div><\/section><section class=\"l-section wpb_row height_auto\"><div class=\"l-section-h i-cf\"><div class=\"g-cols vc_row via_flex valign_top type_default stacking_default\"><div class=\"vc_col-sm-12 wpb_column vc_column_container\"><div class=\"vc_column-inner\"><div class=\"wpb_wrapper\"><div class=\"w-separator size_custom with_line width_default thick_2 style_solid color_border align_center\" style=\"height:\"><div class=\"w-separator-h\"><\/div><\/div><\/div><\/div><\/div><\/div><\/div><\/section><section class=\"l-section wpb_row height_auto\"><div class=\"l-section-h i-cf\"><div class=\"g-cols vc_row via_flex valign_top type_default stacking_default\"><div class=\"vc_col-sm-12 wpb_column vc_column_container\"><div class=\"vc_column-inner\"><div class=\"wpb_wrapper\"><div class=\"w-message color_yellow\"><div class=\"w-message-body\"><p>Um ein Abstract einzureichen, melden Sie sich bitte bei <a href=\"\/my-conf\/login\"><strong>My#Conf<\/strong><\/a> an und kehren anschlie\u00dfend zu dieser Seite zur\u00fcck.<\/p>\n<\/div><\/div><\/div><\/div><\/div><\/div><\/div><\/section>\n","protected":false},"excerpt":{"rendered":"Einreichung eines AbstractsStart: EinreichungJun. 15 2026 00:00 Start: EinreichungJun. 15 2026 00:00 Ende: EinreichungSep. 08, 2026 23:59 Ende: EinreichungSep. 08, 2026 23:59 Vielen Dank f\u00fcr Ihr Interesse, ein Abstract f\u00fcr die Konferenz einzureichen. Als Einreichende:r eines Abstracts beachten Sie bitte einige wichtige Punkte, um einen reibungslosen und erfolgreichen Einreichungsprozess zu gew\u00e4hrleisten. Alle Abstracts m\u00fcssen ausschlie\u00dflich...","protected":false},"author":1,"featured_media":0,"parent":116,"menu_order":1,"comment_status":"closed","ping_status":"closed","template":"","meta":{"_acf_changed":false,"rs_blank_template":"","rs_page_bg_color":"","slide_template_v7":"","footnotes":""},"event-name":[],"event-type":[],"class_list":["post-118","page","type-page","status-publish","hentry"],"acf":[],"_links":{"self":[{"href":"https:\/\/tdb.my-event-manager.org\/en\/wp-json\/wp\/v2\/pages\/118","targetHints":{"allow":["GET"]}}],"collection":[{"href":"https:\/\/tdb.my-event-manager.org\/en\/wp-json\/wp\/v2\/pages"}],"about":[{"href":"https:\/\/tdb.my-event-manager.org\/en\/wp-json\/wp\/v2\/types\/page"}],"author":[{"embeddable":true,"href":"https:\/\/tdb.my-event-manager.org\/en\/wp-json\/wp\/v2\/users\/1"}],"replies":[{"embeddable":true,"href":"https:\/\/tdb.my-event-manager.org\/en\/wp-json\/wp\/v2\/comments?post=118"}],"version-history":[{"count":0,"href":"https:\/\/tdb.my-event-manager.org\/en\/wp-json\/wp\/v2\/pages\/118\/revisions"}],"up":[{"embeddable":true,"href":"https:\/\/tdb.my-event-manager.org\/en\/wp-json\/wp\/v2\/pages\/116"}],"wp:attachment":[{"href":"https:\/\/tdb.my-event-manager.org\/en\/wp-json\/wp\/v2\/media?parent=118"}],"wp:term":[{"taxonomy":"event-name","embeddable":true,"href":"https:\/\/tdb.my-event-manager.org\/en\/wp-json\/wp\/v2\/event-name?post=118"},{"taxonomy":"event-type","embeddable":true,"href":"https:\/\/tdb.my-event-manager.org\/en\/wp-json\/wp\/v2\/event-type?post=118"}],"curies":[{"name":"wp","href":"https:\/\/api.w.org\/{rel}","templated":true}]}}