{"id":115,"date":"2025-11-03T13:01:06","date_gmt":"2025-11-03T13:01:06","guid":{"rendered":"https:\/\/rmc2026.my-event-manager.org\/?page_id=709"},"modified":"2026-04-27T20:54:59","modified_gmt":"2026-04-27T20:54:59","slug":"session-formats","status":"publish","type":"page","link":"https:\/\/tdb.my-event-manager.org\/en\/session-formats\/","title":{"rendered":"Session Formats"},"content":{"rendered":"<section data-ios-fixed-bg class=\"l-section wpb_row us_custom_b7fafed7 height_auto color_alternate\"><div class=\"l-section-overlay\" style=\"background:var(--color-site-primary-color-alpha)\"><\/div><div class=\"l-section-h i-cf\"><div class=\"g-cols vc_row via_flex valign_middle type_default stacking_default\"><div class=\"vc_col-sm-12 wpb_column vc_column_container\"><div class=\"vc_column-inner\"><div class=\"wpb_wrapper\"><div class=\"w-vwrapper align_none valign_middle us_custom_cd94f1ff\" style=\"--vwrapper-gap:0rem\"><h2 class=\"w-text us_custom_58b1af09\"><span class=\"w-text-h\"><span class=\"w-text-value\">Sessionformate<\/span><\/span><\/h2><div class=\"w-iconbox us_custom_0ec55888 iconpos_left style_default color_contrast align_left no_text\"><div class=\"w-iconbox-icon\" style=\"font-size:0.6rem;\"><i class=\"fas fa-copyright\"><\/i><\/div><div class=\"w-iconbox-meta\"><span class=\"w-iconbox-title\" style=\"font-size:0.6rem;\">by Elena Einhauer, University of Innsbruck<\/span><\/div><\/div><\/div><\/div><\/div><\/div><\/div><\/div><\/section><section class=\"l-section wpb_row height_small\"><div class=\"l-section-h i-cf\"><div class=\"g-cols vc_row via_flex valign_top type_default stacking_default\"><div class=\"vc_col-sm-12 wpb_column vc_column_container\"><div class=\"vc_column-inner\"><div class=\"wpb_wrapper\"><div class=\"g-cols wpb_row via_flex valign_top type_default stacking_default\"><div class=\"vc_col-sm-12 vc_col-md-6 wpb_column vc_column_container\"><div class=\"vc_column-inner\"><div class=\"wpb_wrapper\"><div class=\"ult_pricing_table_wrap ult_info_table ult_design_2  ult-cs-custom \">\n\t\t\t\t\t<div class=\"ult_pricing_table \" style=\" \"><div id=\"Info-table-wrap-4016\" class=\"ult_pricing_heading\" style=\"\">\n\t\t\t\t\t\t\t<h5 class=\"ult-responsive\"  data-ultimate-target='#Info-table-wrap-4016 h5'  data-responsive-json-new='{\"font-size\":\"\",\"line-height\":\"\"}'  style=\"font-weight:normal;\">Focus Sessions<\/h5><\/div><!--ult_pricing_heading--><div class=\"ult_price_body_block\">\n\t\t\t\t\t\t\t<div class=\"ult_price_body\">\n\t\t\t\t\t\t\t\t<div class=\"ult_price\">\n\t\t\t\t\t\t\t\t\t<div class=\"ult-just-icon-wrapper  \"><div class=\"align-icon\" style=\"text-align:center;\">\n<div class=\"aio-icon none \"  style=\"color:#333333;font-size:32px;display:inline-block;\">\n\t<i class=\"Defaults-binoculars\"><\/i>\n<\/div><\/div><\/div>\n\t\t\t\t\t\t\t\t<\/div>\n\t\t\t\t\t\t\t<\/div>\n\t\t\t\t\t\t<\/div><!--ult_price_body_block--><div id=\"info_table_features_wrap-9646\"  data-ultimate-target='#info_table_features_wrap-9646.ult_price_features'  data-responsive-json-new='{\"font-size\":\"\",\"line-height\":\"\"}'  class=\"ult-responsive ult_price_features\" style=\"font-weight:normal;\">\n\t\t\t\t\t\t\t<ul>\n<li>Vortrag-Sessions k\u00f6nnen bis zu 180 min dauern<\/li>\n<li>Die Dauer eines m\u00fcndlichen Vortrags betr\u00e4gt ca. 15 Minuten (inkl. kurzer Fragerunde)<\/li>\n<li>Poster-Sessions k\u00f6nnen bis zu 60 Minuten dauern.<\/li>\n<li>Postersitzungen beinhalten eine 1-min\u00fctige Einf\u00fchrung (Pitch-Vortrag) f\u00fcr jedes Poster, gefolgt von einer offenen Diskussion.<\/li>\n<li>Abstracts durchlaufen einen Peer-Review Prozess<\/li>\n<\/ul>\n\n\t\t\t\t\t\t<\/div><!--ult_price_features--><div class=\"ult_clr\"><\/div>\n\t\t\t<\/div><!--pricing_table-->\n\t\t<\/div><!--pricing_table_wrap--><\/div><\/div><\/div><div class=\"vc_col-sm-12 vc_col-md-6 wpb_column vc_column_container\"><div class=\"vc_column-inner\"><div class=\"wpb_wrapper\"><div class=\"ult_pricing_table_wrap ult_info_table ult_design_2  ult-cs-custom \">\n\t\t\t\t\t<div class=\"ult_pricing_table \" style=\" \"><div id=\"Info-table-wrap-3354\" class=\"ult_pricing_heading\" style=\"\">\n\t\t\t\t\t\t\t<h5 class=\"ult-responsive\"  data-ultimate-target='#Info-table-wrap-3354 h5'  data-responsive-json-new='{\"font-size\":\"\",\"line-height\":\"\"}'  style=\"font-weight:normal;\">Workshops<\/h5><\/div><!--ult_pricing_heading--><div class=\"ult_price_body_block\">\n\t\t\t\t\t\t\t<div class=\"ult_price_body\">\n\t\t\t\t\t\t\t\t<div class=\"ult_price\">\n\t\t\t\t\t\t\t\t\t<div class=\"ult-just-icon-wrapper  \"><div class=\"align-icon\" style=\"text-align:center;\">\n<div class=\"aio-icon none \"  style=\"color:#333333;font-size:32px;display:inline-block;\">\n\t<i class=\"Defaults-group users\"><\/i>\n<\/div><\/div><\/div>\n\t\t\t\t\t\t\t\t<\/div>\n\t\t\t\t\t\t\t<\/div>\n\t\t\t\t\t\t<\/div><!--ult_price_body_block--><div id=\"info_table_features_wrap-5585\"  data-ultimate-target='#info_table_features_wrap-5585.ult_price_features'  data-responsive-json-new='{\"font-size\":\"\",\"line-height\":\"\"}'  class=\"ult-responsive ult_price_features\" style=\"font-weight:normal;\">\n\t\t\t\t\t\t\t<ul>\n<li>Workshops k\u00f6nnen bis zu 240 min dauern<\/li>\n<li>Freie Gestaltungsform sowie eine gr\u00f6\u00dfere Interdisziplinarit\u00e4t und mehr interaktive Komponenten zeichnen dieses Format aus<\/li>\n<li>Die Workshop-Leitung entscheidet vorab \u00fcber die M\u00f6glichkeit einer Abstract-Einreichung<\/li>\n<li>Abstracts durchlaufen einen Peer-Review-Prozess<\/li>\n<\/ul>\n\n\t\t\t\t\t\t<\/div><!--ult_price_features--><div class=\"ult_clr\"><\/div>\n\t\t\t<\/div><!--pricing_table-->\n\t\t<\/div><!--pricing_table_wrap--><\/div><\/div><\/div><\/div><div class=\"w-separator hide_on_tablets hide_on_mobiles size_custom\" style=\"height:\"><\/div><div class=\"g-cols wpb_row via_flex valign_top type_default stacking_default\"><div class=\"vc_col-sm-12 vc_col-md-6 wpb_column vc_column_container\"><div class=\"vc_column-inner\"><div class=\"wpb_wrapper\"><div class=\"ult_pricing_table_wrap ult_info_table ult_design_2  ult-cs-custom \">\n\t\t\t\t\t<div class=\"ult_pricing_table \" style=\" \"><div id=\"Info-table-wrap-5043\" class=\"ult_pricing_heading\" style=\"\">\n\t\t\t\t\t\t\t<h5 class=\"ult-responsive\"  data-ultimate-target='#Info-table-wrap-5043 h5'  data-responsive-json-new='{\"font-size\":\"\",\"line-height\":\"\"}'  style=\"font-weight:normal;\">Podiunsdiskussionen<\/h5><\/div><!--ult_pricing_heading--><div class=\"ult_price_body_block\">\n\t\t\t\t\t\t\t<div class=\"ult_price_body\">\n\t\t\t\t\t\t\t\t<div class=\"ult_price\">\n\t\t\t\t\t\t\t\t\t<div class=\"ult-just-icon-wrapper  \"><div class=\"align-icon\" style=\"text-align:center;\">\n<div class=\"aio-icon none \"  style=\"color:#333333;font-size:32px;display:inline-block;\">\n\t<i class=\"Defaults-wechat weixin\"><\/i>\n<\/div><\/div><\/div>\n\t\t\t\t\t\t\t\t<\/div>\n\t\t\t\t\t\t\t<\/div>\n\t\t\t\t\t\t<\/div><!--ult_price_body_block--><div id=\"info_table_features_wrap-6233\"  data-ultimate-target='#info_table_features_wrap-6233.ult_price_features'  data-responsive-json-new='{\"font-size\":\"\",\"line-height\":\"\"}'  class=\"ult-responsive ult_price_features\" style=\"font-weight:normal;\">\n\t\t\t\t\t\t\t<ul>\n<li>Panels k\u00f6nnen bis zu 120 min dauern<\/li>\n<li>Expert:innen diskutieren ein gemeinsames Thema aus unterschiedlichen Perspektiven<\/li>\n<li>Impulsvortr\u00e4ge k\u00f6nnen integriert werden<\/li>\n<li>Moderation sorgt f\u00fcr Struktur und leitet die Diskussion sowie die Fragerunde, wobei ein aktives Einbinden des Publikums vorgesehen ist<\/li>\n<li>Keine allgemeine Abstract-Einreichung und kein Peer-Review Prozess vorgesehen<\/li>\n<\/ul>\n\n\t\t\t\t\t\t<\/div><!--ult_price_features--><div class=\"ult_clr\"><\/div>\n\t\t\t<\/div><!--pricing_table-->\n\t\t<\/div><!--pricing_table_wrap--><\/div><\/div><\/div><div class=\"vc_col-sm-12 vc_col-md-6 wpb_column vc_column_container responsivebutton\"><div class=\"vc_column-inner\"><div class=\"wpb_wrapper\"><div class=\"ult_pricing_table_wrap ult_info_table ult_design_2  ult-cs-custom \">\n\t\t\t\t\t<div class=\"ult_pricing_table \" style=\" \"><div id=\"Info-table-wrap-6386\" class=\"ult_pricing_heading\" style=\"\">\n\t\t\t\t\t\t\t<h5 class=\"ult-responsive\"  data-ultimate-target='#Info-table-wrap-6386 h5'  data-responsive-json-new='{\"font-size\":\"\",\"line-height\":\"\"}'  style=\"font-weight:normal;\">Side Events<\/h5><\/div><!--ult_pricing_heading--><div class=\"ult_price_body_block\">\n\t\t\t\t\t\t\t<div class=\"ult_price_body\">\n\t\t\t\t\t\t\t\t<div class=\"ult_price\">\n\t\t\t\t\t\t\t\t\t<div class=\"ult-just-icon-wrapper  \"><div class=\"align-icon\" style=\"text-align:center;\">\n<div class=\"aio-icon none \"  style=\"color:#333333;font-size:32px;display:inline-block;\">\n\t<i class=\"Defaults-retweet\"><\/i>\n<\/div><\/div><\/div>\n\t\t\t\t\t\t\t\t<\/div>\n\t\t\t\t\t\t\t<\/div>\n\t\t\t\t\t\t<\/div><!--ult_price_body_block--><div id=\"info_table_features_wrap-5140\"  data-ultimate-target='#info_table_features_wrap-5140.ult_price_features'  data-responsive-json-new='{\"font-size\":\"\",\"line-height\":\"\"}'  class=\"ult-responsive ult_price_features\" style=\"font-weight:normal;\">\n\t\t\t\t\t\t\t<ul>\n<li>Veranstaltungen mit thematischem Bezug zur #TdB, die von Dritten organisiert werden<\/li>\n<li>Inhalte, Methoden und Zielgruppen sind frei gestaltbar<\/li>\n<li>Durchf\u00fchrung als geschlossene Veranstaltung (nur auf Einladung), exklusiv f\u00fcr Teilnehmende oder \u00f6ffentlich mit externer Anmeldung m\u00f6glich<\/li>\n<li>Formate k\u00f6nnen auch Exkursionen oder Feldbesuche umfassen<\/li>\n<li>Option zur Bereitstellung von Getr\u00e4nken und\/oder Snacks<\/li>\n<li>Die Organisation der Veranstaltungen wird durch das Organisationsteam unterst\u00fctzt<\/li>\n<\/ul>\n\n\t\t\t\t\t\t<\/div><!--ult_price_features--><div class=\"ult_clr\"><\/div>\n\t\t\t<\/div><!--pricing_table-->\n\t\t<\/div><!--pricing_table_wrap--><\/div><\/div><\/div><\/div><\/div><\/div><\/div><\/div><\/div><\/section>\n","protected":false},"excerpt":{"rendered":"Sessionformateby Elena Einhauer, University of Innsbruck Focus Sessions Vortrag-Sessions k\u00f6nnen bis zu 180 min dauern Die Dauer eines m\u00fcndlichen Vortrags betr\u00e4gt ca. 15 Minuten (inkl. kurzer Fragerunde) Poster-Sessions k\u00f6nnen bis zu 60 Minuten dauern. Postersitzungen beinhalten eine 1-min\u00fctige Einf\u00fchrung (Pitch-Vortrag) f\u00fcr jedes Poster, gefolgt von einer offenen Diskussion. Abstracts durchlaufen einen Peer-Review Prozess Workshops Workshops...","protected":false},"author":1,"featured_media":1576,"parent":0,"menu_order":0,"comment_status":"closed","ping_status":"closed","template":"","meta":{"_acf_changed":false,"rs_blank_template":"","rs_page_bg_color":"","slide_template_v7":"","footnotes":""},"event-name":[],"event-type":[],"class_list":["post-115","page","type-page","status-publish","has-post-thumbnail","hentry"],"acf":[],"_links":{"self":[{"href":"https:\/\/tdb.my-event-manager.org\/en\/wp-json\/wp\/v2\/pages\/115","targetHints":{"allow":["GET"]}}],"collection":[{"href":"https:\/\/tdb.my-event-manager.org\/en\/wp-json\/wp\/v2\/pages"}],"about":[{"href":"https:\/\/tdb.my-event-manager.org\/en\/wp-json\/wp\/v2\/types\/page"}],"author":[{"embeddable":true,"href":"https:\/\/tdb.my-event-manager.org\/en\/wp-json\/wp\/v2\/users\/1"}],"replies":[{"embeddable":true,"href":"https:\/\/tdb.my-event-manager.org\/en\/wp-json\/wp\/v2\/comments?post=115"}],"version-history":[{"count":0,"href":"https:\/\/tdb.my-event-manager.org\/en\/wp-json\/wp\/v2\/pages\/115\/revisions"}],"wp:featuredmedia":[{"embeddable":true,"href":"https:\/\/tdb.my-event-manager.org\/en\/wp-json\/wp\/v2\/media\/1576"}],"wp:attachment":[{"href":"https:\/\/tdb.my-event-manager.org\/en\/wp-json\/wp\/v2\/media?parent=115"}],"wp:term":[{"taxonomy":"event-name","embeddable":true,"href":"https:\/\/tdb.my-event-manager.org\/en\/wp-json\/wp\/v2\/event-name?post=115"},{"taxonomy":"event-type","embeddable":true,"href":"https:\/\/tdb.my-event-manager.org\/en\/wp-json\/wp\/v2\/event-type?post=115"}],"curies":[{"name":"wp","href":"https:\/\/api.w.org\/{rel}","templated":true}]}}