{"id":113,"date":"2025-11-15T09:38:25","date_gmt":"2025-11-15T08:38:25","guid":{"rendered":"https:\/\/rmc2026.my-event-manager.org\/?page_id=2032"},"modified":"2026-04-19T19:51:22","modified_gmt":"2026-04-19T19:51:22","slug":"childcare","status":"publish","type":"page","link":"https:\/\/tdb.my-event-manager.org\/en\/services\/childcare\/","title":{"rendered":"Childcare"},"content":{"rendered":"<section data-ios-fixed-bg class=\"l-section wpb_row us_custom_d042931c height_auto color_alternate\"><div class=\"l-section-overlay\" style=\"background:var(--color-site-primary-color-alpha)\"><\/div><div class=\"l-section-h i-cf\"><div class=\"g-cols vc_row via_flex valign_middle type_default stacking_default\"><div class=\"vc_col-sm-12 wpb_column vc_column_container\"><div class=\"vc_column-inner\"><div class=\"wpb_wrapper\"><div class=\"w-vwrapper align_none valign_middle us_custom_cd94f1ff\" style=\"--vwrapper-gap:0rem\"><h2 class=\"w-text us_custom_58b1af09\"><span class=\"w-text-h\"><span class=\"w-text-value\">Kinderbetreuung<\/span><\/span><\/h2><div class=\"w-iconbox us_custom_0ec55888 iconpos_left style_default color_contrast align_left no_text\"><div class=\"w-iconbox-icon\" style=\"font-size:0.6rem;\"><i class=\"fas fa-copyright\"><\/i><\/div><div class=\"w-iconbox-meta\"><span class=\"w-iconbox-title\" style=\"font-size:0.6rem;\">by Aline Ponce<\/span><\/div><\/div><\/div><\/div><\/div><\/div><\/div><\/div><\/section><section class=\"l-section wpb_row height_small\"><div class=\"l-section-overlay\" style=\"background:var(--color-site-shading-color-1)\"><\/div><div class=\"l-section-h i-cf\"><div class=\"g-cols vc_row via_flex valign_top type_default stacking_default\"><div class=\"vc_col-sm-12 wpb_column vc_column_container\"><div class=\"vc_column-inner\"><div class=\"wpb_wrapper\"><div class=\"smile_icon_list_wrap ult_info_list_container ult-adjust-bottom-margin  \"><ul class=\"smile_icon_list left square with_bg\"><li class=\"icon_list_item\" style=\" font-size:66px;\"><div class=\"icon_list_icon\" data-animation=\"\" data-animation-delay=\"03\" style=\"font-size:22px;border-width:1px;border-style:none;background:#003361;color:#ffffff;border-color:#333333;\"><i class=\"Defaults-user\" ><\/i><\/div><div class=\"icon_description\" id=\"Info-list-wrap-5656\" style=\"font-size:22px;\"><h3 class=\"ult-responsive info-list-heading\"  data-ultimate-target='#Info-list-wrap-5656 h3'  data-responsive-json-new='{\"font-size\":\"desktop:16px;\",\"line-height\":\"desktop:24px;\"}'  style=\"\">Wer?<\/h3><div class=\"icon_description_text ult-responsive\"  data-ultimate-target='#Info-list-wrap-5656 .icon_description_text'  data-responsive-json-new='{\"font-size\":\"desktop:13px;\",\"line-height\":\"desktop:18px;\"}'  style=\"\"><p>F\u00fcr Kinder im Alter von 6 Monaten bis 10 Jahren wird eine Kinderbetreuung angeboten, die im Konferenzpaket enthalten ist (kostenfrei).<\/p>\n<\/div><\/div><div class=\"icon_list_connector\"  style=\"border-right-width: 1px;border-right-style: dashed;border-color: #333333;\"><\/div><\/li><li class=\"icon_list_item\" style=\" font-size:66px;\"><div class=\"icon_list_icon\" data-animation=\"\" data-animation-delay=\"03\" style=\"font-size:22px;border-width:1px;border-style:none;background:#003361;color:#ffffff;border-color:#333333;\"><i class=\"Defaults-clock-o\" ><\/i><\/div><div class=\"icon_description\" id=\"Info-list-wrap-4448\" style=\"font-size:22px;\"><h3 class=\"ult-responsive info-list-heading\"  data-ultimate-target='#Info-list-wrap-4448 h3'  data-responsive-json-new='{\"font-size\":\"desktop:16px;\",\"line-height\":\"desktop:24px;\"}'  style=\"\">Wann?<\/h3><div class=\"icon_description_text ult-responsive\"  data-ultimate-target='#Info-list-wrap-4448 .icon_description_text'  data-responsive-json-new='{\"font-size\":\"desktop:13px;\",\"line-height\":\"desktop:18px;\"}'  style=\"\"><p>Die genauen Zeiten werden rechtzeitig bekannt gegeben.<\/p>\n<p><strong>exkludierte Zeiten*<\/strong><br \/>\nMittagessen<br \/>\nPoster- &amp; Kaffeepuasen<\/p>\n<p><span style=\"font-size: 8pt;\">*)Bitte holen Sie Ihre Kinder w\u00e4hrend dieser Zeiten ab. Sie sind herzlich eingeladen, Ihre Kinder zu diesen Pausen mitzunehmen.<\/span><\/p>\n<\/div><\/div><div class=\"icon_list_connector\"  style=\"border-right-width: 1px;border-right-style: dashed;border-color: #333333;\"><\/div><\/li><li class=\"icon_list_item\" style=\" font-size:66px;\"><div class=\"icon_list_icon\" data-animation=\"\" data-animation-delay=\"03\" style=\"font-size:22px;border-width:1px;border-style:none;background:#003361;color:#ffffff;border-color:#333333;\"><i class=\"Defaults-check-circle\" ><\/i><\/div><div class=\"icon_description\" id=\"Info-list-wrap-5486\" style=\"font-size:22px;\"><h3 class=\"ult-responsive info-list-heading\"  data-ultimate-target='#Info-list-wrap-5486 h3'  data-responsive-json-new='{\"font-size\":\"desktop:16px;\",\"line-height\":\"desktop:24px;\"}'  style=\"\">Organisiert durch ...<\/h3><div class=\"icon_description_text ult-responsive\"  data-ultimate-target='#Info-list-wrap-5486 .icon_description_text'  data-responsive-json-new='{\"font-size\":\"desktop:13px;\",\"line-height\":\"desktop:18px;\"}'  style=\"\"><p>Die Kinderbetreuung erfolgt in Zusammenarbeit mit dem <strong><a href=\"https:\/\/www.uibk.ac.at\/de\/familienservice\/\" target=\"_blank\" rel=\"noopener\">Familienservice<\/a><\/strong> der Universit\u00e4t Innsbruck.<br \/>\nEs werden ausschlie\u00dflich ausgebildete p\u00e4dagogische Fachkr\u00e4fte eingesetzt.<\/p>\n<p>Sie k\u00f6nnen Ihrem Kind eine kleine Tasche bzw. einen Rucksack mit Wechselkleidung, Windeln, dem Lieblingskuscheltier\/-spielzeug sowie einem (gesunden) Snack oder Babynahrung mitgeben (bitte alles beschriften).<\/p>\n<\/div><\/div><div class=\"icon_list_connector\"  style=\"border-right-width: 1px;border-right-style: dashed;border-color: #333333;\"><\/div><\/li><li class=\"icon_list_item\" style=\" font-size:66px;\"><div class=\"icon_list_icon\" data-animation=\"\" data-animation-delay=\"03\" style=\"font-size:22px;border-width:1px;border-style:none;background:#003361;color:#ffffff;border-color:#333333;\"><i class=\"Defaults-exclamation-triangle warning\" ><\/i><\/div><div class=\"icon_description\" id=\"Info-list-wrap-8617\" style=\"font-size:22px;\"><h3 class=\"ult-responsive info-list-heading\"  data-ultimate-target='#Info-list-wrap-8617 h3'  data-responsive-json-new='{\"font-size\":\"desktop:16px;\",\"line-height\":\"desktop:24px;\"}'  style=\"\">WICHTIGE INFORMATION<\/h3><div class=\"icon_description_text ult-responsive\"  data-ultimate-target='#Info-list-wrap-8617 .icon_description_text'  data-responsive-json-new='{\"font-size\":\"desktop:13px;\",\"line-height\":\"desktop:18px;\"}'  style=\"\"><p><span style=\"color: #ff0000;\"><strong>W\u00e4hrend der Betreuungszeiten muss die erziehungsberechtigte Person jederzeit telefonisch bzw. per Nachricht erreichbar sein!<\/strong><\/span><\/p>\n<\/div><\/div><div class=\"icon_list_connector\"  style=\"border-right-width: 1px;border-right-style: dashed;border-color: #333333;\"><\/div><\/li><li class=\"icon_list_item\" style=\" font-size:66px;\"><div class=\"icon_list_icon\" data-animation=\"\" data-animation-delay=\"03\" style=\"font-size:22px;border-width:1px;border-style:none;background:#003361;color:#ffffff;border-color:#333333;\"><i class=\"Defaults-file-text-o\" ><\/i><\/div><div class=\"icon_description\" id=\"Info-list-wrap-5287\" style=\"font-size:22px;\"><h3 class=\"ult-responsive info-list-heading\"  data-ultimate-target='#Info-list-wrap-5287 h3'  data-responsive-json-new='{\"font-size\":\"desktop:16px;\",\"line-height\":\"desktop:24px;\"}'  style=\"\">Nutzungsbedingungen<\/h3><div class=\"icon_description_text ult-responsive\"  data-ultimate-target='#Info-list-wrap-5287 .icon_description_text'  data-responsive-json-new='{\"font-size\":\"desktop:13px;\",\"line-height\":\"desktop:18px;\"}'  style=\"\"><p>Bitte lesen Sie vor dem Absenden der Anfrage unsere <strong><a class=\"termsinfo_childcare\" style=\"cursor: pointer;\">Allgemeinen Nutzungsbedingungen<\/a><\/strong>.<\/p>\n<footer class=\"hidden-print\">\n<div class=\"container-fluid logo-contact-sb\">\n<div class=\"row\"><\/div>\n<\/div>\n<\/footer>\n<\/div><\/div><div class=\"icon_list_connector\"  style=\"border-right-width: 1px;border-right-style: dashed;border-color: #333333;\"><\/div><\/li><li class=\"icon_list_item\" style=\" font-size:66px;\"><div class=\"icon_list_icon\" data-animation=\"\" data-animation-delay=\"03\" style=\"font-size:22px;border-width:1px;border-style:none;background:#003361;color:#ffffff;border-color:#333333;\"><i class=\"Defaults-edit pencil-square-o\" ><\/i><\/div><div class=\"icon_description\" id=\"Info-list-wrap-9270\" style=\"font-size:22px;\"><h3 class=\"ult-responsive info-list-heading\"  data-ultimate-target='#Info-list-wrap-9270 h3'  data-responsive-json-new='{\"font-size\":\"desktop:16px;\",\"line-height\":\"desktop:24px;\"}'  style=\"\">Wie?<\/h3><div class=\"icon_description_text ult-responsive\"  data-ultimate-target='#Info-list-wrap-9270 .icon_description_text'  data-responsive-json-new='{\"font-size\":\"desktop:13px;\",\"line-height\":\"desktop:18px;\"}'  style=\"\"><p>Wenn Sie dieses Angebot in Anspruch nehmen m\u00f6chten, k\u00f6nnen Sie Ihr Kind im Rahmen der Konferenzanmeldung \u00fcber das <strong><a href=\"\/my-conf\/dashboard\">Dashboard<\/a><\/strong> in Ihrem My#Conf registrieren.<\/p>\n<\/div><\/div><div class=\"icon_list_connector\"  style=\"border-right-width: 1px;border-right-style: dashed;border-color: #333333;\"><\/div><\/li><\/ul><\/div><\/div><\/div><\/div><\/div><\/div><\/section><section class=\"l-section wpb_row us_custom_2ac6c4a9 height_auto\"><div class=\"l-section-h i-cf\"><div class=\"g-cols vc_row via_flex valign_top type_default stacking_default\"><div class=\"vc_col-sm-12 wpb_column vc_column_container\"><div class=\"vc_column-inner\"><div class=\"wpb_wrapper\"><div class=\"w-popup align_none\"><span class=\"w-popup-trigger type_selector\" data-selector=\".termsinfo_childcare\"><\/span><div class=\"w-popup-overlay\" style=\"background:var(--color-site-primary-color-alpha);\"><\/div><div class=\"w-popup-wrap layout_default\" role=\"dialog\" aria-modal=\"true\" aria-label=\"Popup\" style=\"--title-color:var(--color-content-heading);--title-bg-color:var(--color-content-bg-alt);--content-color:var(--color-site-primary-color);--content-bg-color:var(--color-site-third-color);--closer-color:var(--color-site-primary-color);--popup-width:min(900px, 90%);--popup-padding:20px;\"><div class=\"w-popup-box animation_fadeIn closerpos_inside without_title\"><div class=\"w-popup-box-h\"><button aria-label=\"Close\" class=\"w-popup-closer\" type=\"button\"><\/button><div class=\"w-popup-box-content\"><\/div><\/div><\/div><\/div><\/div><\/div><\/div><\/div><\/div><\/div><\/section>\n","protected":false},"excerpt":{"rendered":"Kinderbetreuungby Aline PonceWer?F\u00fcr Kinder im Alter von 6 Monaten bis 10 Jahren wird eine Kinderbetreuung angeboten, die im Konferenzpaket enthalten ist (kostenfrei). Wann?Die genauen Zeiten werden rechtzeitig bekannt gegeben. exkludierte Zeiten* Mittagessen Poster- &amp; Kaffeepuasen *)Bitte holen Sie Ihre Kinder w\u00e4hrend dieser Zeiten ab. Sie sind herzlich eingeladen, Ihre Kinder zu diesen Pausen mitzunehmen. Organisiert...","protected":false},"author":1,"featured_media":1440,"parent":110,"menu_order":3,"comment_status":"closed","ping_status":"closed","template":"","meta":{"_acf_changed":false,"rs_blank_template":"","rs_page_bg_color":"","slide_template_v7":"","footnotes":""},"event-name":[],"event-type":[],"class_list":["post-113","page","type-page","status-publish","has-post-thumbnail","hentry"],"acf":[],"_links":{"self":[{"href":"https:\/\/tdb.my-event-manager.org\/en\/wp-json\/wp\/v2\/pages\/113","targetHints":{"allow":["GET"]}}],"collection":[{"href":"https:\/\/tdb.my-event-manager.org\/en\/wp-json\/wp\/v2\/pages"}],"about":[{"href":"https:\/\/tdb.my-event-manager.org\/en\/wp-json\/wp\/v2\/types\/page"}],"author":[{"embeddable":true,"href":"https:\/\/tdb.my-event-manager.org\/en\/wp-json\/wp\/v2\/users\/1"}],"replies":[{"embeddable":true,"href":"https:\/\/tdb.my-event-manager.org\/en\/wp-json\/wp\/v2\/comments?post=113"}],"version-history":[{"count":0,"href":"https:\/\/tdb.my-event-manager.org\/en\/wp-json\/wp\/v2\/pages\/113\/revisions"}],"up":[{"embeddable":true,"href":"https:\/\/tdb.my-event-manager.org\/en\/wp-json\/wp\/v2\/pages\/110"}],"wp:featuredmedia":[{"embeddable":true,"href":"https:\/\/tdb.my-event-manager.org\/en\/wp-json\/wp\/v2\/media\/1440"}],"wp:attachment":[{"href":"https:\/\/tdb.my-event-manager.org\/en\/wp-json\/wp\/v2\/media?parent=113"}],"wp:term":[{"taxonomy":"event-name","embeddable":true,"href":"https:\/\/tdb.my-event-manager.org\/en\/wp-json\/wp\/v2\/event-name?post=113"},{"taxonomy":"event-type","embeddable":true,"href":"https:\/\/tdb.my-event-manager.org\/en\/wp-json\/wp\/v2\/event-type?post=113"}],"curies":[{"name":"wp","href":"https:\/\/api.w.org\/{rel}","templated":true}]}}