{"id":112,"date":"2025-11-15T11:12:40","date_gmt":"2025-11-15T10:12:40","guid":{"rendered":"https:\/\/rmc2026.my-event-manager.org\/?page_id=2062"},"modified":"2026-04-17T12:11:41","modified_gmt":"2026-04-17T12:11:41","slug":"accommodations","status":"publish","type":"page","link":"https:\/\/tdb.my-event-manager.org\/en\/services\/accommodations\/","title":{"rendered":"Accommodations"},"content":{"rendered":"<section class=\"l-section wpb_row height_auto width_full\"><div class=\"l-section-h i-cf\"><div class=\"g-cols vc_row via_flex valign_middle type_default stacking_default\"><div class=\"vc_col-sm-12 wpb_column vc_column_container\"><div class=\"vc_column-inner\"><div class=\"wpb_wrapper\"><div class=\"w-vwrapper align_none valign_top us_custom_b77889e7 show_functional_content_true\" style=\"--vwrapper-gap:0rem\"><div class=\"w-map provider_osm us_custom_95647d05\" id=\"us_map_1\"><div class=\"w-map-inner\"><div class=\"w-map-json\" onclick='return {&quot;address&quot;:&quot;Innrain 52f, 6020 Innsbruck, Austria&quot;,&quot;disableDragging&quot;:1,&quot;disableZoom&quot;:1,&quot;hideControls&quot;:1,&quot;zoom&quot;:14,&quot;markers&quot;:[{&quot;address&quot;:&quot;Innrain 52f, 6020 Innsbruck, Austria&quot;,&quot;html&quot;:&quot;\\n\\n\\n&quot;,&quot;infowindow&quot;:&quot;1&quot;}],&quot;style&quot;:&quot;https:\\\/\\\/server.arcgisonline.com\\\/ArcGIS\\\/rest\\\/services\\\/World_Topo_Map\\\/MapServer\\\/tile\\\/{z}\\\/{y}\\\/{x}.png&quot;}'><\/div><\/div><\/div><div class=\"w-hwrapper valign_top us_custom_2d07bdc5 align_right\" style=\"--hwrapper-gap:0rem\"><div class=\"wpb_text_column us_custom_c740cd3d\"><div class=\"wpb_wrapper\"><div class=\"cli-bar-btn_container\"><span style=\"font-size: 0.6rem;\">You see this as you allowed &#8220;Functional&#8221; Cookies!<\/span><br \/>\n[wcc_preference_button]<\/div>\n<\/div><\/div><\/div><\/div><div class=\"w-vwrapper align_center valign_middle us_custom_e483965f show_functional_content_false has_text_color\" style=\"--vwrapper-gap:1rem\"><h5 class=\"w-text\"><span class=\"w-text-h\"><span class=\"w-text-value\">Interactive map disabled<\/span><\/span><\/h5><div class=\"wpb_text_column us_custom_aec94008\"><div class=\"wpb_wrapper\"><div>\n<div>To allow this element, please activate &#8220;Functional&#8221; cookies.<\/div>\n<div>Data will be exchanged between your browser and third party service providers.<\/div>\n<div><\/div>\n<div class=\"cli-bar-btn_container\"><a class=\"wt-cli-manage-consent-link wt-cli-element medium cli-plugin-button cli-plugin-main-button cookie_action_close_header cli_action_button\">Cookie Settings<\/a> [wcc_preference_button]<\/div>\n<\/div>\n<\/div><\/div><\/div><\/div><\/div><\/div><\/div><\/div><\/section><section class=\"l-section wpb_row height_small\"><div class=\"l-section-h i-cf\"><div class=\"g-cols vc_row via_flex valign_top type_default stacking_default\"><div class=\"vc_col-sm-12 wpb_column vc_column_container\"><div class=\"vc_column-inner\"><div class=\"wpb_wrapper\"><h2 class=\"w-text us_custom_58b1af09\"><span class=\"w-text-h\"><span class=\"w-text-value\">Unterk\u00fcnfte<\/span><\/span><\/h2><div class=\"w-separator size_custom with_line width_30 thick_2 style_solid color_border align_center\" style=\"height:\"><div class=\"w-separator-h\"><\/div><\/div><\/div><\/div><\/div><\/div><\/div><\/section><section class=\"l-section wpb_row height_auto\"><div class=\"l-section-h i-cf\"><div class=\"g-cols vc_row via_flex valign_top type_default stacking_default\"><div class=\"vc_col-sm-12 wpb_column vc_column_container\"><div class=\"vc_column-inner type_sticky\"><div class=\"wpb_wrapper\"><div class=\"wpb_text_column\"><div class=\"wpb_wrapper\"><p data-start=\"88\" data-end=\"514\">F\u00fcr Tagungsteilnehmende werden derzeit spezielle Tarife bei verschiedenen (Hotel-)Unterk\u00fcnften organisiert. Die entsprechenden Angebote befinden sich noch in Abstimmung und werden rechtzeitig vor Beginn der Konferenzanmeldung auf dieser Seite ver\u00f6ffentlicht. Dort finden Sie auch alle weiteren Informationen dazu, wie Sie die Sondertarife in Anspruch nehmen k\u00f6nnen.<\/p>\n<\/div><\/div><\/div><\/div><\/div><\/div><\/div><\/section>\n","protected":false},"excerpt":{"rendered":"You see this as you allowed &#8220;Functional&#8221; Cookies! [wcc_preference_button] Interactive map disabled To allow this element, please activate &#8220;Functional&#8221; cookies. Data will be exchanged between your browser and third party service providers. Cookie Settings [wcc_preference_button] Unterk\u00fcnfteF\u00fcr Tagungsteilnehmende werden derzeit spezielle Tarife bei verschiedenen (Hotel-)Unterk\u00fcnften organisiert. Die entsprechenden Angebote befinden sich noch in Abstimmung und werden...","protected":false},"author":1,"featured_media":0,"parent":110,"menu_order":1,"comment_status":"closed","ping_status":"closed","template":"","meta":{"_acf_changed":false,"rs_blank_template":"","rs_page_bg_color":"","slide_template_v7":"","footnotes":""},"event-name":[],"event-type":[],"class_list":["post-112","page","type-page","status-publish","hentry"],"acf":[],"_links":{"self":[{"href":"https:\/\/tdb.my-event-manager.org\/en\/wp-json\/wp\/v2\/pages\/112","targetHints":{"allow":["GET"]}}],"collection":[{"href":"https:\/\/tdb.my-event-manager.org\/en\/wp-json\/wp\/v2\/pages"}],"about":[{"href":"https:\/\/tdb.my-event-manager.org\/en\/wp-json\/wp\/v2\/types\/page"}],"author":[{"embeddable":true,"href":"https:\/\/tdb.my-event-manager.org\/en\/wp-json\/wp\/v2\/users\/1"}],"replies":[{"embeddable":true,"href":"https:\/\/tdb.my-event-manager.org\/en\/wp-json\/wp\/v2\/comments?post=112"}],"version-history":[{"count":0,"href":"https:\/\/tdb.my-event-manager.org\/en\/wp-json\/wp\/v2\/pages\/112\/revisions"}],"up":[{"embeddable":true,"href":"https:\/\/tdb.my-event-manager.org\/en\/wp-json\/wp\/v2\/pages\/110"}],"wp:attachment":[{"href":"https:\/\/tdb.my-event-manager.org\/en\/wp-json\/wp\/v2\/media?parent=112"}],"wp:term":[{"taxonomy":"event-name","embeddable":true,"href":"https:\/\/tdb.my-event-manager.org\/en\/wp-json\/wp\/v2\/event-name?post=112"},{"taxonomy":"event-type","embeddable":true,"href":"https:\/\/tdb.my-event-manager.org\/en\/wp-json\/wp\/v2\/event-type?post=112"}],"curies":[{"name":"wp","href":"https:\/\/api.w.org\/{rel}","templated":true}]}}