{"id":108,"date":"2025-11-03T22:48:22","date_gmt":"2025-11-03T22:48:22","guid":{"rendered":"https:\/\/rmc2026.my-event-manager.org\/?page_id=731"},"modified":"2026-04-21T09:55:06","modified_gmt":"2026-04-21T09:55:06","slug":"registration-fees","status":"publish","type":"page","link":"https:\/\/tdb.my-event-manager.org\/en\/registration-fees\/","title":{"rendered":"Registration &amp; Fees"},"content":{"rendered":"<section data-ios-fixed-bg class=\"l-section wpb_row us_custom_b7fafed7 height_auto color_alternate\"><div class=\"l-section-overlay\" style=\"background:var(--color-site-primary-color-alpha)\"><\/div><div class=\"l-section-h i-cf\"><div class=\"g-cols vc_row via_flex valign_middle type_default stacking_default\"><div class=\"vc_col-sm-12 wpb_column vc_column_container\"><div class=\"vc_column-inner\"><div class=\"wpb_wrapper\"><div class=\"w-vwrapper align_none valign_middle us_custom_cd94f1ff\" style=\"--vwrapper-gap:0rem\"><h2 class=\"w-text us_custom_58b1af09\"><span class=\"w-text-h\"><span class=\"w-text-value\">Teilnahmegeb\u00fchren<\/span><\/span><\/h2><div class=\"w-iconbox us_custom_0ec55888 iconpos_left style_default color_contrast align_left no_text\"><a target=\"_blank\" rel=\"nofollow\" href=\"https:\/\/safesearch.pixabay.com\/users\/alexas_fotos-686414\/?utm_source=link-attribution&amp;utm_medium=referral&amp;utm_campaign=image&amp;utm_content=1642989\" class=\"w-iconbox-link\" aria-label=\"by Alexa from Pixabay\"><div class=\"w-iconbox-icon\" style=\"font-size:0.6rem;\"><i class=\"fas fa-copyright\"><\/i><\/div><\/a><div class=\"w-iconbox-meta\"><span class=\"w-iconbox-title\" style=\"font-size:0.6rem;\"><a target=\"_blank\" rel=\"nofollow\" href=\"https:\/\/safesearch.pixabay.com\/users\/alexas_fotos-686414\/?utm_source=link-attribution&amp;utm_medium=referral&amp;utm_campaign=image&amp;utm_content=1642989\" class=\"w-iconbox-link\" aria-label=\"by Alexa from Pixabay\">by Alexa from Pixabay<\/a><\/span><\/div><\/div><\/div><\/div><\/div><\/div><\/div><\/div><\/section><section class=\"l-section wpb_row height_small\"><div class=\"l-section-h i-cf\"><div class=\"g-cols vc_row via_flex valign_top type_default stacking_default\"><div class=\"vc_col-sm-12 wpb_column vc_column_container\"><div class=\"vc_column-inner\"><div class=\"wpb_wrapper\"><div class=\"w-separator size_custom with_line width_default thick_3 style_solid color_border align_center\" style=\"height:\"><div class=\"w-separator-h\"><\/div><\/div><div class=\"w-separator size_custom\" style=\"height:\"><\/div><div class=\"g-cols wpb_row via_flex valign_top type_default stacking_default\"><div class=\"vc_col-sm-6 wpb_column vc_column_container pricebox\"><div class=\"vc_column-inner\"><div class=\"wpb_wrapper\"><div class=\"ult_pricing_table_wrap ult_design_2  ult-cs-custom  \">\n\t\t\t\t\t<div class=\"ult_pricing_table  \" style=\"background:#00000000;color:#00000000;\"><div id=\"price-table-wrap-6297\" class=\"ult_pricing_heading\" style=\"background:#00000000;color:#00000000;\">\n\t\t\t\t\t\t\t<h5  data-ultimate-target='#price-table-wrap-6297 .cust-headformat'  data-responsive-json-new='{\"font-size\":\"\",\"line-height\":\"\"}'  class=\"price-heading ult-responsive cust-headformat\" style=\"font-weight:normal;\">Standardticket<\/h5><\/div><!--ult_pricing_heading--><div class=\"ult_price_body_block\">\n\t\t\t\t\t\t\t<div class=\"ult_price_body\">\n\t\t\t\t\t\t\t\t<div id=\"price-table-wrap-6530\" class=\"ult_price\">\n\t\t\t\t\t\t\t\t\t<span  data-ultimate-target='#price-table-wrap-6530 .ult_price_figure'  data-responsive-json-new='{\"font-size\":\"\",\"line-height\":\"\"}'  class=\"ult_price_figure ult-responsive\" style=\"font-weight:normal;\">\u20ac 250<\/span>\n\t\t\t\t\t\t\t\t\t<span  data-ultimate-target='#price-table-wrap-6530 .ult_price_term'  data-responsive-json-new='{\"font-size\":\"\",\"line-height\":\"\"}'  class=\"ult_price_term ult-responsive\" style=\"font-weight:normal;\">Regul\u00e4rpreis<\/span>\n\t\t\t\t\t\t\t\t<\/div>\n\t\t\t\t\t\t\t<\/div>\n\t\t\t\t\t\t<\/div><!--ult_price_body_block--><div id=\"price-table-button-wrap-5736\" class=\"ult_price_link\">\n\t\t\t\t\t\t\t<a  data-ultimate-target='#price-table-button-wrap-5736 .ult_price_action_button'  data-responsive-json-new='{\"font-size\":\"\",\"line-height\":\"\"}'  href=\"\/event-registration\" title=\"Register Now\" target=\"_blank\" rel=\"nofollow noopener\"  class=\"ult_price_action_button ult-responsive\" style=\"background:#00000000;color:#00000000; font-weight:normal;\">Registrierung nicht ge\u00f6ffent<\/a>\n\t\t\t\t\t\t<\/div><!--ult_price_link--><div id=\"price-table-features-wrap-5209\" class=\"ult_price_features ult-responsive\"  data-ultimate-target='#price-table-features-wrap-5209'  data-responsive-json-new='{\"font-size\":\"\",\"line-height\":\"\"}'  style=\"font-weight:normal;\">\n\t\t\t\t\t\t\t<ul>\n<li>Regul\u00e4re Teilnahme mit Poster\/Talk<\/li>\n<li>Zutritt zu allen Keynotes, Vortragsreihen und ausgew\u00e4hlten Sideevents<\/li>\n<li>Inkl. Mittagessen<sup>1)<\/sup>, Kaffeepausen<sup>1)<\/sup>, Abendsnack<sup>1)<\/sup> am Tagungsort<\/li>\n<li>Inkl. Kinderbetreuung<sup>1,2)<\/sup><\/li>\n<li>Gratis Wifi Zugang<sup>3)<\/sup> am Konferenzstandort<\/li>\n<li><strong>OPTION: Teilnehmende mit eingeschr\u00e4nkten finanziellen Mitteln k\u00f6nnen einen Antrag auf Erm\u00e4\u00dfigung stellen<\/strong><\/li>\n<li>UNTERK\u00dcNFTE SIND IM PREIS NICHT INKLUDIERT<\/li>\n<\/ul>\n\n\t\t\t\t\t\t<\/div><!--ult_price_features--><div class=\"ult_clr\"><\/div>\n\t\t\t<\/div><!--pricing_table-->\n\t\t<\/div><!--pricing_table_wrap--><\/div><\/div><\/div><div class=\"vc_col-sm-6 wpb_column vc_column_container pricebox\"><div class=\"vc_column-inner\"><div class=\"wpb_wrapper\"><div class=\"ult_pricing_table_wrap ult_design_2  ult-cs-custom  \">\n\t\t\t\t\t<div class=\"ult_pricing_table  \" style=\"background:#00000000;color:#00000000;\"><div id=\"price-table-wrap-4663\" class=\"ult_pricing_heading\" style=\"background:#00000000;color:#00000000;\">\n\t\t\t\t\t\t\t<h5  data-ultimate-target='#price-table-wrap-4663 .cust-headformat'  data-responsive-json-new='{\"font-size\":\"\",\"line-height\":\"\"}'  class=\"price-heading ult-responsive cust-headformat\" style=\"font-weight:normal;\">Medien\/Presse<\/h5><\/div><!--ult_pricing_heading--><div class=\"ult_price_body_block\">\n\t\t\t\t\t\t\t<div class=\"ult_price_body\">\n\t\t\t\t\t\t\t\t<div id=\"price-table-wrap-5255\" class=\"ult_price\">\n\t\t\t\t\t\t\t\t\t<span  data-ultimate-target='#price-table-wrap-5255 .ult_price_figure'  data-responsive-json-new='{\"font-size\":\"\",\"line-height\":\"\"}'  class=\"ult_price_figure ult-responsive\" style=\"font-weight:normal;\">\u20ac 0<\/span>\n\t\t\t\t\t\t\t\t\t<span  data-ultimate-target='#price-table-wrap-5255 .ult_price_term'  data-responsive-json-new='{\"font-size\":\"\",\"line-height\":\"\"}'  class=\"ult_price_term ult-responsive\" style=\"font-weight:normal;\">Regul\u00e4rpreis<\/span>\n\t\t\t\t\t\t\t\t<\/div>\n\t\t\t\t\t\t\t<\/div>\n\t\t\t\t\t\t<\/div><!--ult_price_body_block--><div id=\"price-table-button-wrap-8593\" class=\"ult_price_link\">\n\t\t\t\t\t\t\t<a  data-ultimate-target='#price-table-button-wrap-8593 .ult_price_action_button'  data-responsive-json-new='{\"font-size\":\"\",\"line-height\":\"\"}'  href=\"\/event-registration\" title=\"Register Now\" target=\"_blank\" rel=\"nofollow noopener\"  class=\"ult_price_action_button ult-responsive\" style=\"background:#00000000;color:#00000000; font-weight:normal;\">Registrierung nicht ge\u00f6ffent<\/a>\n\t\t\t\t\t\t<\/div><!--ult_price_link--><div id=\"price-table-features-wrap-8897\" class=\"ult_price_features ult-responsive\"  data-ultimate-target='#price-table-features-wrap-8897'  data-responsive-json-new='{\"font-size\":\"\",\"line-height\":\"\"}'  style=\"font-weight:normal;\">\n\t\t\t\t\t\t\t<ul>\n<li>Leistungsumfang gem\u00e4\u00df dem Standardticket<\/li>\n<li>Arbeitsplatz mit Strom und WLAN-Versorgung<\/li>\n<li>Geb\u00fchrennachlass mit Presseausweis bzw. Mediennachweis<\/li>\n<li>UNTERK\u00dcNFTE SIND IM PREIS NICHT INKLUDIERT<\/li>\n<\/ul>\n\n\t\t\t\t\t\t<\/div><!--ult_price_features--><div class=\"ult_clr\"><\/div>\n\t\t\t<\/div><!--pricing_table-->\n\t\t<\/div><!--pricing_table_wrap--><\/div><\/div><\/div><\/div><\/div><\/div><\/div><\/div><\/div><\/section><section class=\"l-section wpb_row height_small\"><div class=\"l-section-h i-cf\"><div class=\"g-cols vc_row via_flex valign_top type_default stacking_default\"><div class=\"vc_col-sm-12 wpb_column vc_column_container\"><div class=\"vc_column-inner\"><div class=\"wpb_wrapper\"><div class=\"w-message color_green\"><div class=\"w-message-body\"><p><sup>1)<\/sup> Leistungen inkl. von Feb. 23 bis 26 2027. Einige Leistungen k\u00f6nnen von dieser Zeitspanne abweichen.<br \/>\n<sup>2)<\/sup> Die allg. Gesch\u00e4ftsbedingungen f\u00fcr die Kinderbetreuung werden via My#Conf mit Beginn der Registrierung mitgeteilt.<br \/>\n<sup>3)<\/sup> Wifi wird als WPA2\/WPA3 Verschl\u00fcsselung und mit Tagungspassword zur Verf\u00fcgung gestellt; Kein &#8220;eduroam&#8221; Account n\u00f6tig<br \/>\n<sup>4)<\/sup> Der Studentenstatus wird im Vorfeld der Registrierung via My#Conf beantragt. Es kann mehrere Tage in Anspruch nehmen, bis der Status akzeptiert wird.<br \/>\n&gt;&gt; Alle Details zu den Stornobedingungen sind in My#Conf mit Beginn der Registrierung verf\u00fcgbar<\/p>\n<\/div><\/div><\/div><\/div><\/div><\/div><\/div><\/section><section class=\"l-section wpb_row us_custom_2ac6c4a9 height_auto\"><div class=\"l-section-h i-cf\"><div class=\"g-cols vc_row via_flex valign_top type_default stacking_default\"><div class=\"vc_col-sm-12 wpb_column vc_column_container\"><div class=\"vc_column-inner\"><div class=\"wpb_wrapper\"><div class=\"w-popup align_none\"><span class=\"w-popup-trigger type_selector\" data-selector=\".popup_no_day_passes\"><\/span><div class=\"w-popup-overlay\" style=\"background:var(--color-site-primary-color-alpha);\"><\/div><div class=\"w-popup-wrap layout_default\" role=\"dialog\" aria-modal=\"true\" aria-label=\"Popup\" style=\"--title-color:var(--color-site-primary-color);--title-bg-color:var(--color-site-third-color);--content-color:var(--color-site-primary-color);--content-bg-color:var(--color-site-third-color);--closer-color:var(--color-site-primary-color);--popup-width:600px;--popup-padding:0.5rem;\"><div class=\"w-popup-box animation_fadeIn closerpos_inside with_title\"><div class=\"w-popup-box-h\"><button aria-label=\"Close\" class=\"w-popup-closer\" type=\"button\"><\/button><div class=\"w-popup-box-title\">Why do we not offer day passes?<\/div><div class=\"w-popup-box-content\"><p>The particularly personal and (almost) familial atmosphere at #RMC, alongside its scientific aspects, is a key factor in many participants\u2019 decision-making. We want to uphold this aspect\u2014especially as #RMC continues to grow\u2014and we are doing our best to maintain this pillar in the interest of our participants. Therefore, it is important to us that people spend as much time together as possible during #RMC, so that valuable conversations of knowledge exchange, transfer, and networking can take place. Since we do not see this option with typical day passes, we have decided to forgo them for #RMC.<\/p>\n<\/div><\/div><\/div><\/div><\/div><\/div><\/div><\/div><\/div><\/div><\/section>\n","protected":false},"excerpt":{"rendered":"Teilnahmegeb\u00fchrenby Alexa from Pixabay Standardticket \u20ac 250 Regul\u00e4rpreis Registrierung nicht ge\u00f6ffent Regul\u00e4re Teilnahme mit Poster\/Talk Zutritt zu allen Keynotes, Vortragsreihen und ausgew\u00e4hlten Sideevents Inkl. Mittagessen1), Kaffeepausen1), Abendsnack1) am Tagungsort Inkl. Kinderbetreuung1,2) Gratis Wifi Zugang3) am Konferenzstandort OPTION: Teilnehmende mit eingeschr\u00e4nkten finanziellen Mitteln k\u00f6nnen einen Antrag auf Erm\u00e4\u00dfigung stellen UNTERK\u00dcNFTE SIND IM PREIS NICHT INKLUDIERT Medien\/Presse...","protected":false},"author":1,"featured_media":1460,"parent":0,"menu_order":0,"comment_status":"closed","ping_status":"closed","template":"","meta":{"_acf_changed":false,"rs_blank_template":"","rs_page_bg_color":"","slide_template_v7":"","footnotes":""},"event-name":[],"event-type":[],"class_list":["post-108","page","type-page","status-publish","has-post-thumbnail","hentry"],"acf":[],"_links":{"self":[{"href":"https:\/\/tdb.my-event-manager.org\/en\/wp-json\/wp\/v2\/pages\/108","targetHints":{"allow":["GET"]}}],"collection":[{"href":"https:\/\/tdb.my-event-manager.org\/en\/wp-json\/wp\/v2\/pages"}],"about":[{"href":"https:\/\/tdb.my-event-manager.org\/en\/wp-json\/wp\/v2\/types\/page"}],"author":[{"embeddable":true,"href":"https:\/\/tdb.my-event-manager.org\/en\/wp-json\/wp\/v2\/users\/1"}],"replies":[{"embeddable":true,"href":"https:\/\/tdb.my-event-manager.org\/en\/wp-json\/wp\/v2\/comments?post=108"}],"version-history":[{"count":0,"href":"https:\/\/tdb.my-event-manager.org\/en\/wp-json\/wp\/v2\/pages\/108\/revisions"}],"wp:featuredmedia":[{"embeddable":true,"href":"https:\/\/tdb.my-event-manager.org\/en\/wp-json\/wp\/v2\/media\/1460"}],"wp:attachment":[{"href":"https:\/\/tdb.my-event-manager.org\/en\/wp-json\/wp\/v2\/media?parent=108"}],"wp:term":[{"taxonomy":"event-name","embeddable":true,"href":"https:\/\/tdb.my-event-manager.org\/en\/wp-json\/wp\/v2\/event-name?post=108"},{"taxonomy":"event-type","embeddable":true,"href":"https:\/\/tdb.my-event-manager.org\/en\/wp-json\/wp\/v2\/event-type?post=108"}],"curies":[{"name":"wp","href":"https:\/\/api.w.org\/{rel}","templated":true}]}}