{"id":100,"date":"2025-11-04T06:50:48","date_gmt":"2025-11-04T06:50:48","guid":{"rendered":"https:\/\/rmc2026.my-event-manager.org\/?page_id=763"},"modified":"2026-04-20T18:56:30","modified_gmt":"2026-04-20T18:56:30","slug":"participation-formats","status":"publish","type":"page","link":"https:\/\/tdb.my-event-manager.org\/en\/participation-formats\/","title":{"rendered":"Participation Formats"},"content":{"rendered":"<section data-ios-fixed-bg class=\"l-section wpb_row us_custom_b7fafed7 height_auto color_alternate\"><div class=\"l-section-overlay\" style=\"background:var(--color-site-primary-color-alpha)\"><\/div><div class=\"l-section-h i-cf\"><div class=\"g-cols vc_row via_flex valign_middle type_default stacking_default\"><div class=\"vc_col-sm-12 wpb_column vc_column_container\"><div class=\"vc_column-inner\"><div class=\"wpb_wrapper\"><div class=\"w-vwrapper align_none valign_middle us_custom_cd94f1ff\" style=\"--vwrapper-gap:0rem\"><h2 class=\"w-text us_custom_58b1af09\"><span class=\"w-text-h\"><span class=\"w-text-value\">Pr\u00e4sentationsformate<\/span><\/span><\/h2><div class=\"w-iconbox us_custom_0ec55888 iconpos_left style_default color_contrast align_left no_text\"><a target=\"_blank\" rel=\"nofollow\" href=\"https:\/\/safesearch.pixabay.com\/users\/stocksnap-894430\/?utm_source=link-attribution&amp;utm_medium=referral&amp;utm_campaign=image&amp;utm_content=2625804\" class=\"w-iconbox-link\" aria-label=\"by StockSnap from Pixabay\"><div class=\"w-iconbox-icon\" style=\"font-size:0.6rem;\"><i class=\"fas fa-copyright\"><\/i><\/div><\/a><div class=\"w-iconbox-meta\"><span class=\"w-iconbox-title\" style=\"font-size:0.6rem;\"><a target=\"_blank\" rel=\"nofollow\" href=\"https:\/\/safesearch.pixabay.com\/users\/stocksnap-894430\/?utm_source=link-attribution&amp;utm_medium=referral&amp;utm_campaign=image&amp;utm_content=2625804\" class=\"w-iconbox-link\" aria-label=\"by StockSnap from Pixabay\">by StockSnap from Pixabay<\/a><\/span><\/div><\/div><\/div><\/div><\/div><\/div><\/div><\/div><\/section><section class=\"l-section wpb_row height_small\"><div class=\"l-section-h i-cf\"><div class=\"g-cols vc_row via_flex valign_top type_default stacking_default\"><div class=\"vc_col-sm-12 wpb_column vc_column_container\"><div class=\"vc_column-inner\"><div class=\"wpb_wrapper\"><div class=\"g-cols wpb_row via_flex valign_top type_default\"><div class=\"vc_col-sm-12 vc_col-md-6 wpb_column vc_column_container\"><div class=\"vc_column-inner\"><div class=\"wpb_wrapper\"><div class=\"ult_pricing_table_wrap ult_info_table ult_design_2  ult-cs-custom \">\n\t\t\t\t\t<div class=\"ult_pricing_table \" style=\"background:#00000000;color:#00000000; \"><div id=\"Info-table-wrap-5228\" class=\"ult_pricing_heading\" style=\"background:#00000000;color:#00000000;\">\n\t\t\t\t\t\t\t<h5 class=\"ult-responsive\"  data-ultimate-target='#Info-table-wrap-5228 h5'  data-responsive-json-new='{\"font-size\":\"\",\"line-height\":\"\"}'  style=\"font-weight:normal;\">Talk Format<\/h5><div class=\"ult-responsive\"  data-ultimate-target='#Info-table-wrap-5228 div'  data-responsive-json-new='{\"font-size\":\"\",\"line-height\":\"\"}'  style=\"font-weight:normal;\">Pr\u00e4sentation mit Folien<\/div><\/div><!--ult_pricing_heading--><div class=\"ult_price_body_block\">\n\t\t\t\t\t\t\t<div class=\"ult_price_body\">\n\t\t\t\t\t\t\t\t<div class=\"ult_price\">\n\t\t\t\t\t\t\t\t\t<div class=\"ult-just-icon-wrapper  \"><div class=\"align-icon\" style=\"text-align:center;\">\n<div class=\"aio-icon none \"  style=\"color:#00000000;font-size:32px;display:inline-block;\">\n\t<i class=\"Defaults-comment-o\"><\/i>\n<\/div><\/div><\/div>\n\t\t\t\t\t\t\t\t<\/div>\n\t\t\t\t\t\t\t<\/div>\n\t\t\t\t\t\t<\/div><!--ult_price_body_block--><div id=\"info_table_features_wrap-2561\"  data-ultimate-target='#info_table_features_wrap-2561.ult_price_features'  data-responsive-json-new='{\"font-size\":\"\",\"line-height\":\"\"}'  class=\"ult-responsive ult_price_features\" style=\"font-weight:normal;\">\n\t\t\t\t\t\t\t<ul>\n<li>Offen f\u00fcr alle.<\/li>\n<li>Klassisches Pr\u00e4sentationsformat (Vortrag).<\/li>\n<li>M\u00fcndlicher Vortrag, unterst\u00fctzt durch Folien (PowerPoint oder PDF).<\/li>\n<li>Die Dauer und Kriterien der Pr\u00e4sentation werden von der jeweiligen Session festgelegt, der das Abstract zugeordnet ist.<\/li>\n<li>Im Anschluss an jede Pr\u00e4sentation folgt eine kurze Fragerunde.<\/li>\n<li>Die endg\u00fcltige Entscheidung \u00fcber die Annahme des Abstracts f\u00fcr dieses Format trifft die begutachtende Person.<\/li>\n<\/ul>\n\n\t\t\t\t\t\t<\/div><!--ult_price_features--><div class=\"ult_clr\"><\/div>\n\t\t\t<\/div><!--pricing_table-->\n\t\t<\/div><!--pricing_table_wrap--><\/div><\/div><\/div><div class=\"vc_col-sm-12 vc_col-md-6 wpb_column vc_column_container\"><div class=\"vc_column-inner\"><div class=\"wpb_wrapper\"><div class=\"ult_pricing_table_wrap ult_info_table ult_design_2  ult-cs-custom \">\n\t\t\t\t\t<div class=\"ult_pricing_table \" style=\"background:#00000000;color:#00000000; \"><div id=\"Info-table-wrap-2208\" class=\"ult_pricing_heading\" style=\"background:#00000000;color:#00000000;\">\n\t\t\t\t\t\t\t<h5 class=\"ult-responsive\"  data-ultimate-target='#Info-table-wrap-2208 h5'  data-responsive-json-new='{\"font-size\":\"\",\"line-height\":\"\"}'  style=\"font-weight:normal;\">Poster Format<\/h5><div class=\"ult-responsive\"  data-ultimate-target='#Info-table-wrap-2208 div'  data-responsive-json-new='{\"font-size\":\"\",\"line-height\":\"\"}'  style=\"font-weight:normal;\">Pr\u00e4sentation eines Posters<\/div><\/div><!--ult_pricing_heading--><div class=\"ult_price_body_block\">\n\t\t\t\t\t\t\t<div class=\"ult_price_body\">\n\t\t\t\t\t\t\t\t<div class=\"ult_price\">\n\t\t\t\t\t\t\t\t\t<div class=\"ult-just-icon-wrapper  \"><div class=\"align-icon\" style=\"text-align:center;\">\n<div class=\"aio-icon none \"  style=\"color:#00000000;font-size:32px;display:inline-block;\">\n\t<i class=\"Defaults-image photo picture-o\"><\/i>\n<\/div><\/div><\/div>\n\t\t\t\t\t\t\t\t<\/div>\n\t\t\t\t\t\t\t<\/div>\n\t\t\t\t\t\t<\/div><!--ult_price_body_block--><div id=\"info_table_features_wrap-9798\"  data-ultimate-target='#info_table_features_wrap-9798.ult_price_features'  data-responsive-json-new='{\"font-size\":\"\",\"line-height\":\"\"}'  class=\"ult-responsive ult_price_features\" style=\"font-weight:normal;\">\n\t\t\t\t\t\t\t<ul>\n<li>Offen f\u00fcr alle.<\/li>\n<li>Pr\u00e4sentation im <em>Flash-Talk<\/em>-Format, unterst\u00fctzt durch ein <strong>gedrucktes<\/strong> Poster.<\/li>\n<li>Nach den Kurzvorstellungen aller Beitr\u00e4ge folgt eine offene Diskussionsrunde.<\/li>\n<li>Die endg\u00fcltige Entscheidung \u00fcber die Annahme des Abstracts f\u00fcr dieses Format trifft die begutachtende Person.<\/li>\n<\/ul>\n\n\t\t\t\t\t\t<\/div><!--ult_price_features--><div class=\"ult_clr\"><\/div>\n\t\t\t<\/div><!--pricing_table-->\n\t\t<\/div><!--pricing_table_wrap--><\/div><\/div><\/div><\/div><\/div><\/div><\/div><\/div><\/div><\/section>\n","protected":false},"excerpt":{"rendered":"Pr\u00e4sentationsformateby StockSnap from Pixabay Talk FormatPr\u00e4sentation mit Folien Offen f\u00fcr alle. Klassisches Pr\u00e4sentationsformat (Vortrag). M\u00fcndlicher Vortrag, unterst\u00fctzt durch Folien (PowerPoint oder PDF). Die Dauer und Kriterien der Pr\u00e4sentation werden von der jeweiligen Session festgelegt, der das Abstract zugeordnet ist. Im Anschluss an jede Pr\u00e4sentation folgt eine kurze Fragerunde. Die endg\u00fcltige Entscheidung \u00fcber die Annahme des...","protected":false},"author":1,"featured_media":1564,"parent":0,"menu_order":0,"comment_status":"closed","ping_status":"closed","template":"","meta":{"_acf_changed":false,"rs_blank_template":"","rs_page_bg_color":"","slide_template_v7":"","footnotes":""},"event-name":[],"event-type":[],"class_list":["post-100","page","type-page","status-publish","has-post-thumbnail","hentry"],"acf":[],"_links":{"self":[{"href":"https:\/\/tdb.my-event-manager.org\/en\/wp-json\/wp\/v2\/pages\/100","targetHints":{"allow":["GET"]}}],"collection":[{"href":"https:\/\/tdb.my-event-manager.org\/en\/wp-json\/wp\/v2\/pages"}],"about":[{"href":"https:\/\/tdb.my-event-manager.org\/en\/wp-json\/wp\/v2\/types\/page"}],"author":[{"embeddable":true,"href":"https:\/\/tdb.my-event-manager.org\/en\/wp-json\/wp\/v2\/users\/1"}],"replies":[{"embeddable":true,"href":"https:\/\/tdb.my-event-manager.org\/en\/wp-json\/wp\/v2\/comments?post=100"}],"version-history":[{"count":0,"href":"https:\/\/tdb.my-event-manager.org\/en\/wp-json\/wp\/v2\/pages\/100\/revisions"}],"wp:featuredmedia":[{"embeddable":true,"href":"https:\/\/tdb.my-event-manager.org\/en\/wp-json\/wp\/v2\/media\/1564"}],"wp:attachment":[{"href":"https:\/\/tdb.my-event-manager.org\/en\/wp-json\/wp\/v2\/media?parent=100"}],"wp:term":[{"taxonomy":"event-name","embeddable":true,"href":"https:\/\/tdb.my-event-manager.org\/en\/wp-json\/wp\/v2\/event-name?post=100"},{"taxonomy":"event-type","embeddable":true,"href":"https:\/\/tdb.my-event-manager.org\/en\/wp-json\/wp\/v2\/event-type?post=100"}],"curies":[{"name":"wp","href":"https:\/\/api.w.org\/{rel}","templated":true}]}}